{"id":5283,"date":"2025-05-15T18:11:44","date_gmt":"2025-05-15T16:11:44","guid":{"rendered":"https:\/\/gourmetto.lu\/?post_type=product&#038;p=5283"},"modified":"2025-11-13T17:30:25","modified_gmt":"2025-11-13T16:30:25","slug":"salamepistacchio","status":"publish","type":"product","link":"https:\/\/gourmetto.lu\/fr\/produit\/salamepistacchio\/","title":{"rendered":"Salami au pistache"},"content":{"rendered":"<p>Depuis trois g\u00e9n\u00e9rations, la famille Armini fournit d&rsquo;excellents salamis et charcuteries dans la ville d&rsquo;Alba, au c\u0153ur de la r\u00e9gion des Langhe, o\u00f9 les gens sont connus pour leur connaissance de la viande et du vin.<\/p>\n<p>Vous cherchez quelque chose de vraiment unique pour votre prochain ap\u00e9ritif ou votre prochaine planche d&rsquo;antipasto ? Ce salami \u00e0 la pistache est la r\u00e9ponse parfaite. Chaque pi\u00e8ce est soigneusement fabriqu\u00e9e selon des m\u00e9thodes traditionnelles et \u00e0 partir de viande de porc de haute qualit\u00e9, puis d\u00e9licatement aromatis\u00e9e avec des pistaches italiennes pour donner une touche unique au salame italien classique.<\/p>\n<p>Le r\u00e9sultat ? Un salami riche et savoureux, \u00e0 l&rsquo;ar\u00f4me subtil de noisette et \u00e0 la texture fondante, parfait pour \u00eatre coup\u00e9 en tranches et partag\u00e9 avec des amis autour d&rsquo;un verre de vin.<\/p>\n","protected":false},"excerpt":{"rendered":"<p>Depuis trois g\u00e9n\u00e9rations, la famille Armini fournit d&rsquo;excellents salamis et charcuteries dans la ville d&rsquo;Alba, au c\u0153ur de la r\u00e9gion des Langhe, o\u00f9 les gens sont connus pour leur connaissance de la viande et du vin. Vous cherchez quelque chose de vraiment unique pour votre prochain ap\u00e9ritif ou votre prochaine planche d&rsquo;antipasto ? Ce salami [&hellip;]<\/p>\n","protected":false},"featured_media":5275,"template":"","meta":{"_acf_changed":false},"product_brand":[],"product_cat":[101],"product_tag":[],"class_list":{"0":"post-5283","1":"product","2":"type-product","3":"status-publish","4":"has-post-thumbnail","6":"product_cat-charcuterie-fr","8":"first","9":"outofstock","10":"taxable","11":"shipping-taxable","12":"purchasable","13":"product-type-simple"},"bundled_by":[],"bundle_stock_status":"outofstock","bundle_stock_quantity":0,"bundle_virtual":false,"bundle_layout":"","bundle_add_to_cart_form_location":"","bundle_editable_in_cart":false,"bundle_sold_individually_context":"","bundle_item_grouping":"","bundle_min_size":"","bundle_max_size":"","bundled_items":[],"bundle_sell_ids":[],"acf":[],"yoast_head":"<!-- This site is optimized with the Yoast SEO plugin v25.4 - https:\/\/yoast.com\/wordpress\/plugins\/seo\/ -->\n<title>Salami au pistache - Gourmetto<\/title>\n<meta name=\"robots\" content=\"index, follow, max-snippet:-1, max-image-preview:large, max-video-preview:-1\" \/>\n<link rel=\"canonical\" href=\"https:\/\/gourmetto.lu\/fr\/produit\/salamepistacchio\/\" \/>\n<meta property=\"og:locale\" content=\"fr_FR\" \/>\n<meta property=\"og:type\" content=\"article\" \/>\n<meta property=\"og:title\" content=\"Salami au pistache - Gourmetto\" \/>\n<meta property=\"og:description\" content=\"Depuis trois g\u00e9n\u00e9rations, la famille Armini fournit d&rsquo;excellents salamis et charcuteries dans la ville d&rsquo;Alba, au c\u0153ur de la r\u00e9gion des Langhe, o\u00f9 les gens sont connus pour leur connaissance de la viande et du vin. Vous cherchez quelque chose de vraiment unique pour votre prochain ap\u00e9ritif ou votre prochaine planche d&rsquo;antipasto ? Ce salami [&hellip;]\" \/>\n<meta property=\"og:url\" content=\"https:\/\/gourmetto.lu\/fr\/produit\/salamepistacchio\/\" \/>\n<meta property=\"og:site_name\" content=\"Gourmetto\" \/>\n<meta property=\"article:modified_time\" content=\"2025-11-13T16:30:25+00:00\" \/>\n<meta property=\"og:image\" content=\"https:\/\/gourmetto.lu\/wp-content\/uploads\/2025\/05\/IMG20250514184720.jpg\" \/>\n\t<meta property=\"og:image:width\" content=\"2271\" \/>\n\t<meta property=\"og:image:height\" content=\"2271\" \/>\n\t<meta property=\"og:image:type\" content=\"image\/jpeg\" \/>\n<meta name=\"twitter:card\" content=\"summary_large_image\" \/>\n<meta name=\"twitter:label1\" content=\"Dur\u00e9e de lecture estim\u00e9e\" \/>\n\t<meta name=\"twitter:data1\" content=\"1 minute\" \/>\n<script type=\"application\/ld+json\" class=\"yoast-schema-graph\">{\"@context\":\"https:\/\/schema.org\",\"@graph\":[{\"@type\":\"WebPage\",\"@id\":\"https:\/\/gourmetto.lu\/fr\/produit\/salamepistacchio\/\",\"url\":\"https:\/\/gourmetto.lu\/fr\/produit\/salamepistacchio\/\",\"name\":\"Salami au pistache - Gourmetto\",\"isPartOf\":{\"@id\":\"https:\/\/gourmetto.lu\/fr\/#website\"},\"primaryImageOfPage\":{\"@id\":\"https:\/\/gourmetto.lu\/fr\/produit\/salamepistacchio\/#primaryimage\"},\"image\":{\"@id\":\"https:\/\/gourmetto.lu\/fr\/produit\/salamepistacchio\/#primaryimage\"},\"thumbnailUrl\":\"https:\/\/gourmetto.lu\/wp-content\/uploads\/2025\/05\/IMG20250514184720.jpg\",\"datePublished\":\"2025-05-15T16:11:44+00:00\",\"dateModified\":\"2025-11-13T16:30:25+00:00\",\"breadcrumb\":{\"@id\":\"https:\/\/gourmetto.lu\/fr\/produit\/salamepistacchio\/#breadcrumb\"},\"inLanguage\":\"fr-FR\",\"potentialAction\":[{\"@type\":\"ReadAction\",\"target\":[\"https:\/\/gourmetto.lu\/fr\/produit\/salamepistacchio\/\"]}]},{\"@type\":\"ImageObject\",\"inLanguage\":\"fr-FR\",\"@id\":\"https:\/\/gourmetto.lu\/fr\/produit\/salamepistacchio\/#primaryimage\",\"url\":\"https:\/\/gourmetto.lu\/wp-content\/uploads\/2025\/05\/IMG20250514184720.jpg\",\"contentUrl\":\"https:\/\/gourmetto.lu\/wp-content\/uploads\/2025\/05\/IMG20250514184720.jpg\",\"width\":2271,\"height\":2271},{\"@type\":\"BreadcrumbList\",\"@id\":\"https:\/\/gourmetto.lu\/fr\/produit\/salamepistacchio\/#breadcrumb\",\"itemListElement\":[{\"@type\":\"ListItem\",\"position\":1,\"name\":\"Home\",\"item\":\"https:\/\/gourmetto.lu\/fr\/\"},{\"@type\":\"ListItem\",\"position\":2,\"name\":\"Boutique\",\"item\":\"https:\/\/gourmetto.lu\/shop\/\"},{\"@type\":\"ListItem\",\"position\":3,\"name\":\"Salami au pistache\"}]},{\"@type\":\"WebSite\",\"@id\":\"https:\/\/gourmetto.lu\/fr\/#website\",\"url\":\"https:\/\/gourmetto.lu\/fr\/\",\"name\":\"Gourmetto\",\"description\":\"\",\"potentialAction\":[{\"@type\":\"SearchAction\",\"target\":{\"@type\":\"EntryPoint\",\"urlTemplate\":\"https:\/\/gourmetto.lu\/fr\/?s={search_term_string}\"},\"query-input\":{\"@type\":\"PropertyValueSpecification\",\"valueRequired\":true,\"valueName\":\"search_term_string\"}}],\"inLanguage\":\"fr-FR\"}]}<\/script>\n<!-- \/ Yoast SEO plugin. -->","yoast_head_json":{"title":"Salami au pistache - Gourmetto","robots":{"index":"index","follow":"follow","max-snippet":"max-snippet:-1","max-image-preview":"max-image-preview:large","max-video-preview":"max-video-preview:-1"},"canonical":"https:\/\/gourmetto.lu\/fr\/produit\/salamepistacchio\/","og_locale":"fr_FR","og_type":"article","og_title":"Salami au pistache - Gourmetto","og_description":"Depuis trois g\u00e9n\u00e9rations, la famille Armini fournit d&rsquo;excellents salamis et charcuteries dans la ville d&rsquo;Alba, au c\u0153ur de la r\u00e9gion des Langhe, o\u00f9 les gens sont connus pour leur connaissance de la viande et du vin. Vous cherchez quelque chose de vraiment unique pour votre prochain ap\u00e9ritif ou votre prochaine planche d&rsquo;antipasto ? Ce salami [&hellip;]","og_url":"https:\/\/gourmetto.lu\/fr\/produit\/salamepistacchio\/","og_site_name":"Gourmetto","article_modified_time":"2025-11-13T16:30:25+00:00","og_image":[{"width":2271,"height":2271,"url":"https:\/\/gourmetto.lu\/wp-content\/uploads\/2025\/05\/IMG20250514184720.jpg","type":"image\/jpeg"}],"twitter_card":"summary_large_image","twitter_misc":{"Dur\u00e9e de lecture estim\u00e9e":"1 minute"},"schema":{"@context":"https:\/\/schema.org","@graph":[{"@type":"WebPage","@id":"https:\/\/gourmetto.lu\/fr\/produit\/salamepistacchio\/","url":"https:\/\/gourmetto.lu\/fr\/produit\/salamepistacchio\/","name":"Salami au pistache - Gourmetto","isPartOf":{"@id":"https:\/\/gourmetto.lu\/fr\/#website"},"primaryImageOfPage":{"@id":"https:\/\/gourmetto.lu\/fr\/produit\/salamepistacchio\/#primaryimage"},"image":{"@id":"https:\/\/gourmetto.lu\/fr\/produit\/salamepistacchio\/#primaryimage"},"thumbnailUrl":"https:\/\/gourmetto.lu\/wp-content\/uploads\/2025\/05\/IMG20250514184720.jpg","datePublished":"2025-05-15T16:11:44+00:00","dateModified":"2025-11-13T16:30:25+00:00","breadcrumb":{"@id":"https:\/\/gourmetto.lu\/fr\/produit\/salamepistacchio\/#breadcrumb"},"inLanguage":"fr-FR","potentialAction":[{"@type":"ReadAction","target":["https:\/\/gourmetto.lu\/fr\/produit\/salamepistacchio\/"]}]},{"@type":"ImageObject","inLanguage":"fr-FR","@id":"https:\/\/gourmetto.lu\/fr\/produit\/salamepistacchio\/#primaryimage","url":"https:\/\/gourmetto.lu\/wp-content\/uploads\/2025\/05\/IMG20250514184720.jpg","contentUrl":"https:\/\/gourmetto.lu\/wp-content\/uploads\/2025\/05\/IMG20250514184720.jpg","width":2271,"height":2271},{"@type":"BreadcrumbList","@id":"https:\/\/gourmetto.lu\/fr\/produit\/salamepistacchio\/#breadcrumb","itemListElement":[{"@type":"ListItem","position":1,"name":"Home","item":"https:\/\/gourmetto.lu\/fr\/"},{"@type":"ListItem","position":2,"name":"Boutique","item":"https:\/\/gourmetto.lu\/shop\/"},{"@type":"ListItem","position":3,"name":"Salami au pistache"}]},{"@type":"WebSite","@id":"https:\/\/gourmetto.lu\/fr\/#website","url":"https:\/\/gourmetto.lu\/fr\/","name":"Gourmetto","description":"","potentialAction":[{"@type":"SearchAction","target":{"@type":"EntryPoint","urlTemplate":"https:\/\/gourmetto.lu\/fr\/?s={search_term_string}"},"query-input":{"@type":"PropertyValueSpecification","valueRequired":true,"valueName":"search_term_string"}}],"inLanguage":"fr-FR"}]}},"jetpack_sharing_enabled":true,"_links":{"self":[{"href":"https:\/\/gourmetto.lu\/fr\/wp-json\/wp\/v2\/product\/5283","targetHints":{"allow":["GET"]}}],"collection":[{"href":"https:\/\/gourmetto.lu\/fr\/wp-json\/wp\/v2\/product"}],"about":[{"href":"https:\/\/gourmetto.lu\/fr\/wp-json\/wp\/v2\/types\/product"}],"wp:featuredmedia":[{"embeddable":true,"href":"https:\/\/gourmetto.lu\/fr\/wp-json\/wp\/v2\/media\/5275"}],"wp:attachment":[{"href":"https:\/\/gourmetto.lu\/fr\/wp-json\/wp\/v2\/media?parent=5283"}],"wp:term":[{"taxonomy":"product_brand","embeddable":true,"href":"https:\/\/gourmetto.lu\/fr\/wp-json\/wp\/v2\/product_brand?post=5283"},{"taxonomy":"product_cat","embeddable":true,"href":"https:\/\/gourmetto.lu\/fr\/wp-json\/wp\/v2\/product_cat?post=5283"},{"taxonomy":"product_tag","embeddable":true,"href":"https:\/\/gourmetto.lu\/fr\/wp-json\/wp\/v2\/product_tag?post=5283"}],"curies":[{"name":"wp","href":"https:\/\/api.w.org\/{rel}","templated":true}]}}