{"id":5305,"date":"2025-05-30T13:09:32","date_gmt":"2025-05-30T11:09:32","guid":{"rendered":"https:\/\/gourmetto.lu\/?post_type=product&#038;p=5305"},"modified":"2025-06-13T10:41:36","modified_gmt":"2025-06-13T08:41:36","slug":"soda-tonic-copy","status":"publish","type":"product","link":"https:\/\/gourmetto.lu\/fr\/produit\/soda-tonic-copy\/","title":{"rendered":"Soda \u00ab\u00a0Spuma\u00a0\u00bb"},"content":{"rendered":"<p>Soda sans alcool.<\/p>\n<p>Un classique italien nostalgique, la \u00ab Spuma \u00bb (mousse en italien) a \u00e9t\u00e9 la premi\u00e8re boisson gazeuse fabriqu\u00e9e en Italie et est toujours appr\u00e9ci\u00e9e par les par les jeunes et les moins jeunes de toute la botte. La recette de Tomarchio combine des notes de caramel \u00e0 un soup\u00e7on d&rsquo;amertume v\u00e9g\u00e9tale, cr\u00e9ant ainsi une boisson \u00e9quilibr\u00e9e et effervescente. Cette boisson est parfaite pour ceux qui veulent go\u00fbter aux sodas italiens d&rsquo;antan.<\/p>\n","protected":false},"excerpt":{"rendered":"<p>Soda sans alcool. Un classique italien nostalgique, la \u00ab Spuma \u00bb (mousse en italien) a \u00e9t\u00e9 la premi\u00e8re boisson gazeuse fabriqu\u00e9e en Italie et est toujours appr\u00e9ci\u00e9e par les par les jeunes et les moins jeunes de toute la botte. La recette de Tomarchio combine des notes de caramel \u00e0 un soup\u00e7on d&rsquo;amertume v\u00e9g\u00e9tale, cr\u00e9ant [&hellip;]<\/p>\n","protected":false},"featured_media":5400,"template":"","meta":{"_acf_changed":false},"product_brand":[],"product_cat":[112,153],"product_tag":[],"class_list":{"0":"post-5305","1":"product","2":"type-product","3":"status-publish","4":"has-post-thumbnail","6":"product_cat-boissons-fr","7":"product_cat-zerogaspillage","8":"pa_producers-tomarchio-bibite-fr","10":"first","11":"instock","12":"sale","13":"taxable","14":"shipping-taxable","15":"purchasable","16":"product-type-simple"},"bundled_by":[],"bundle_stock_status":"instock","bundle_stock_quantity":5,"bundle_virtual":false,"bundle_layout":"","bundle_add_to_cart_form_location":"","bundle_editable_in_cart":false,"bundle_sold_individually_context":"","bundle_item_grouping":"","bundle_min_size":"","bundle_max_size":"","bundled_items":[],"bundle_sell_ids":[],"acf":[],"yoast_head":"<!-- This site is optimized with the Yoast SEO plugin v25.4 - https:\/\/yoast.com\/wordpress\/plugins\/seo\/ -->\n<title>Soda &quot;Spuma&quot; - Gourmetto<\/title>\n<meta name=\"robots\" content=\"index, follow, max-snippet:-1, max-image-preview:large, max-video-preview:-1\" \/>\n<link rel=\"canonical\" href=\"https:\/\/gourmetto.lu\/fr\/produit\/soda-tonic-copy\/\" \/>\n<meta property=\"og:locale\" content=\"fr_FR\" \/>\n<meta property=\"og:type\" content=\"article\" \/>\n<meta property=\"og:title\" content=\"Soda &quot;Spuma&quot; - Gourmetto\" \/>\n<meta property=\"og:description\" content=\"Soda sans alcool. Un classique italien nostalgique, la \u00ab Spuma \u00bb (mousse en italien) a \u00e9t\u00e9 la premi\u00e8re boisson gazeuse fabriqu\u00e9e en Italie et est toujours appr\u00e9ci\u00e9e par les par les jeunes et les moins jeunes de toute la botte. La recette de Tomarchio combine des notes de caramel \u00e0 un soup\u00e7on d&rsquo;amertume v\u00e9g\u00e9tale, cr\u00e9ant [&hellip;]\" \/>\n<meta property=\"og:url\" content=\"https:\/\/gourmetto.lu\/fr\/produit\/soda-tonic-copy\/\" \/>\n<meta property=\"og:site_name\" content=\"Gourmetto\" \/>\n<meta property=\"article:modified_time\" content=\"2025-06-13T08:41:36+00:00\" \/>\n<meta property=\"og:image\" content=\"https:\/\/gourmetto.lu\/wp-content\/uploads\/2025\/05\/drink.jpg\" \/>\n\t<meta property=\"og:image:width\" content=\"689\" \/>\n\t<meta property=\"og:image:height\" content=\"689\" \/>\n\t<meta property=\"og:image:type\" content=\"image\/jpeg\" \/>\n<meta name=\"twitter:card\" content=\"summary_large_image\" \/>\n<meta name=\"twitter:label1\" content=\"Dur\u00e9e de lecture estim\u00e9e\" \/>\n\t<meta name=\"twitter:data1\" content=\"1 minute\" \/>\n<script type=\"application\/ld+json\" class=\"yoast-schema-graph\">{\"@context\":\"https:\/\/schema.org\",\"@graph\":[{\"@type\":\"WebPage\",\"@id\":\"https:\/\/gourmetto.lu\/fr\/produit\/soda-tonic-copy\/\",\"url\":\"https:\/\/gourmetto.lu\/fr\/produit\/soda-tonic-copy\/\",\"name\":\"Soda \\\"Spuma\\\" - Gourmetto\",\"isPartOf\":{\"@id\":\"https:\/\/gourmetto.lu\/fr\/#website\"},\"primaryImageOfPage\":{\"@id\":\"https:\/\/gourmetto.lu\/fr\/produit\/soda-tonic-copy\/#primaryimage\"},\"image\":{\"@id\":\"https:\/\/gourmetto.lu\/fr\/produit\/soda-tonic-copy\/#primaryimage\"},\"thumbnailUrl\":\"https:\/\/gourmetto.lu\/wp-content\/uploads\/2025\/05\/drink.jpg\",\"datePublished\":\"2025-05-30T11:09:32+00:00\",\"dateModified\":\"2025-06-13T08:41:36+00:00\",\"breadcrumb\":{\"@id\":\"https:\/\/gourmetto.lu\/fr\/produit\/soda-tonic-copy\/#breadcrumb\"},\"inLanguage\":\"fr-FR\",\"potentialAction\":[{\"@type\":\"ReadAction\",\"target\":[\"https:\/\/gourmetto.lu\/fr\/produit\/soda-tonic-copy\/\"]}]},{\"@type\":\"ImageObject\",\"inLanguage\":\"fr-FR\",\"@id\":\"https:\/\/gourmetto.lu\/fr\/produit\/soda-tonic-copy\/#primaryimage\",\"url\":\"https:\/\/gourmetto.lu\/wp-content\/uploads\/2025\/05\/drink.jpg\",\"contentUrl\":\"https:\/\/gourmetto.lu\/wp-content\/uploads\/2025\/05\/drink.jpg\",\"width\":689,\"height\":689},{\"@type\":\"BreadcrumbList\",\"@id\":\"https:\/\/gourmetto.lu\/fr\/produit\/soda-tonic-copy\/#breadcrumb\",\"itemListElement\":[{\"@type\":\"ListItem\",\"position\":1,\"name\":\"Home\",\"item\":\"https:\/\/gourmetto.lu\/fr\/\"},{\"@type\":\"ListItem\",\"position\":2,\"name\":\"Boutique\",\"item\":\"https:\/\/gourmetto.lu\/shop\/\"},{\"@type\":\"ListItem\",\"position\":3,\"name\":\"Soda &#8220;Spuma&#8221;\"}]},{\"@type\":\"WebSite\",\"@id\":\"https:\/\/gourmetto.lu\/fr\/#website\",\"url\":\"https:\/\/gourmetto.lu\/fr\/\",\"name\":\"Gourmetto\",\"description\":\"\",\"potentialAction\":[{\"@type\":\"SearchAction\",\"target\":{\"@type\":\"EntryPoint\",\"urlTemplate\":\"https:\/\/gourmetto.lu\/fr\/?s={search_term_string}\"},\"query-input\":{\"@type\":\"PropertyValueSpecification\",\"valueRequired\":true,\"valueName\":\"search_term_string\"}}],\"inLanguage\":\"fr-FR\"}]}<\/script>\n<!-- \/ Yoast SEO plugin. -->","yoast_head_json":{"title":"Soda \"Spuma\" - Gourmetto","robots":{"index":"index","follow":"follow","max-snippet":"max-snippet:-1","max-image-preview":"max-image-preview:large","max-video-preview":"max-video-preview:-1"},"canonical":"https:\/\/gourmetto.lu\/fr\/produit\/soda-tonic-copy\/","og_locale":"fr_FR","og_type":"article","og_title":"Soda \"Spuma\" - Gourmetto","og_description":"Soda sans alcool. Un classique italien nostalgique, la \u00ab Spuma \u00bb (mousse en italien) a \u00e9t\u00e9 la premi\u00e8re boisson gazeuse fabriqu\u00e9e en Italie et est toujours appr\u00e9ci\u00e9e par les par les jeunes et les moins jeunes de toute la botte. La recette de Tomarchio combine des notes de caramel \u00e0 un soup\u00e7on d&rsquo;amertume v\u00e9g\u00e9tale, cr\u00e9ant [&hellip;]","og_url":"https:\/\/gourmetto.lu\/fr\/produit\/soda-tonic-copy\/","og_site_name":"Gourmetto","article_modified_time":"2025-06-13T08:41:36+00:00","og_image":[{"width":689,"height":689,"url":"https:\/\/gourmetto.lu\/wp-content\/uploads\/2025\/05\/drink.jpg","type":"image\/jpeg"}],"twitter_card":"summary_large_image","twitter_misc":{"Dur\u00e9e de lecture estim\u00e9e":"1 minute"},"schema":{"@context":"https:\/\/schema.org","@graph":[{"@type":"WebPage","@id":"https:\/\/gourmetto.lu\/fr\/produit\/soda-tonic-copy\/","url":"https:\/\/gourmetto.lu\/fr\/produit\/soda-tonic-copy\/","name":"Soda \"Spuma\" - Gourmetto","isPartOf":{"@id":"https:\/\/gourmetto.lu\/fr\/#website"},"primaryImageOfPage":{"@id":"https:\/\/gourmetto.lu\/fr\/produit\/soda-tonic-copy\/#primaryimage"},"image":{"@id":"https:\/\/gourmetto.lu\/fr\/produit\/soda-tonic-copy\/#primaryimage"},"thumbnailUrl":"https:\/\/gourmetto.lu\/wp-content\/uploads\/2025\/05\/drink.jpg","datePublished":"2025-05-30T11:09:32+00:00","dateModified":"2025-06-13T08:41:36+00:00","breadcrumb":{"@id":"https:\/\/gourmetto.lu\/fr\/produit\/soda-tonic-copy\/#breadcrumb"},"inLanguage":"fr-FR","potentialAction":[{"@type":"ReadAction","target":["https:\/\/gourmetto.lu\/fr\/produit\/soda-tonic-copy\/"]}]},{"@type":"ImageObject","inLanguage":"fr-FR","@id":"https:\/\/gourmetto.lu\/fr\/produit\/soda-tonic-copy\/#primaryimage","url":"https:\/\/gourmetto.lu\/wp-content\/uploads\/2025\/05\/drink.jpg","contentUrl":"https:\/\/gourmetto.lu\/wp-content\/uploads\/2025\/05\/drink.jpg","width":689,"height":689},{"@type":"BreadcrumbList","@id":"https:\/\/gourmetto.lu\/fr\/produit\/soda-tonic-copy\/#breadcrumb","itemListElement":[{"@type":"ListItem","position":1,"name":"Home","item":"https:\/\/gourmetto.lu\/fr\/"},{"@type":"ListItem","position":2,"name":"Boutique","item":"https:\/\/gourmetto.lu\/shop\/"},{"@type":"ListItem","position":3,"name":"Soda &#8220;Spuma&#8221;"}]},{"@type":"WebSite","@id":"https:\/\/gourmetto.lu\/fr\/#website","url":"https:\/\/gourmetto.lu\/fr\/","name":"Gourmetto","description":"","potentialAction":[{"@type":"SearchAction","target":{"@type":"EntryPoint","urlTemplate":"https:\/\/gourmetto.lu\/fr\/?s={search_term_string}"},"query-input":{"@type":"PropertyValueSpecification","valueRequired":true,"valueName":"search_term_string"}}],"inLanguage":"fr-FR"}]}},"jetpack_sharing_enabled":true,"_links":{"self":[{"href":"https:\/\/gourmetto.lu\/fr\/wp-json\/wp\/v2\/product\/5305","targetHints":{"allow":["GET"]}}],"collection":[{"href":"https:\/\/gourmetto.lu\/fr\/wp-json\/wp\/v2\/product"}],"about":[{"href":"https:\/\/gourmetto.lu\/fr\/wp-json\/wp\/v2\/types\/product"}],"wp:featuredmedia":[{"embeddable":true,"href":"https:\/\/gourmetto.lu\/fr\/wp-json\/wp\/v2\/media\/5400"}],"wp:attachment":[{"href":"https:\/\/gourmetto.lu\/fr\/wp-json\/wp\/v2\/media?parent=5305"}],"wp:term":[{"taxonomy":"product_brand","embeddable":true,"href":"https:\/\/gourmetto.lu\/fr\/wp-json\/wp\/v2\/product_brand?post=5305"},{"taxonomy":"product_cat","embeddable":true,"href":"https:\/\/gourmetto.lu\/fr\/wp-json\/wp\/v2\/product_cat?post=5305"},{"taxonomy":"product_tag","embeddable":true,"href":"https:\/\/gourmetto.lu\/fr\/wp-json\/wp\/v2\/product_tag?post=5305"}],"curies":[{"name":"wp","href":"https:\/\/api.w.org\/{rel}","templated":true}]}}