{"id":5307,"date":"2025-05-30T13:10:20","date_gmt":"2025-05-30T11:10:20","guid":{"rendered":"https:\/\/gourmetto.lu\/?post_type=product&#038;p=5307"},"modified":"2025-06-13T10:41:32","modified_gmt":"2025-06-13T08:41:32","slug":"crodino","status":"publish","type":"product","link":"https:\/\/gourmetto.lu\/fr\/produit\/crodino\/","title":{"rendered":"Ap\u00e9ritif amer sans alcool \u00ab\u00a0Blond\u00a0\u00bb"},"content":{"rendered":"<p>Soda sans alcool.<\/p>\n<p>Vif et revigorant. Cet ap\u00e9ritif non alcoolis\u00e9 combine des ar\u00f4mes naturels d&rsquo;agrumes \u00e0 l&rsquo;eau de source de l&rsquo;Etna et \u00e0 un m\u00e9lange secret d&rsquo;herbes et d&rsquo;\u00e9pices, ce qui donne un go\u00fbt vif et l\u00e9g\u00e8rement amer, avec des notes d&rsquo;orange de Sicile et de laurier.<\/p>\n<p>Une boisson classique \u00e0 l&rsquo;aperitivo, un moment de d\u00e9tente et de bonne compagnie avant le d\u00eener. L&rsquo;ap\u00e9ritif blond de Tomarchio capture cet esprit dans une boisson sans alcool que tout le monde peut appr\u00e9cier, soit comme m\u00e9langeur, soit toute seule avec des gla\u00e7ons. Avec sa saveur vive et sa pr\u00e9sentation \u00e9l\u00e9gante, c&rsquo;est la boisson id\u00e9ale \u00e0 l&rsquo;apero, que l&rsquo;on soit adulte ou enfant.<\/p>\n","protected":false},"excerpt":{"rendered":"<p>Soda sans alcool. Vif et revigorant. Cet ap\u00e9ritif non alcoolis\u00e9 combine des ar\u00f4mes naturels d&rsquo;agrumes \u00e0 l&rsquo;eau de source de l&rsquo;Etna et \u00e0 un m\u00e9lange secret d&rsquo;herbes et d&rsquo;\u00e9pices, ce qui donne un go\u00fbt vif et l\u00e9g\u00e8rement amer, avec des notes d&rsquo;orange de Sicile et de laurier. Une boisson classique \u00e0 l&rsquo;aperitivo, un moment de [&hellip;]<\/p>\n","protected":false},"featured_media":5397,"template":"","meta":{"_acf_changed":false},"product_brand":[],"product_cat":[112],"product_tag":[],"class_list":{"0":"post-5307","1":"product","2":"type-product","3":"status-publish","4":"has-post-thumbnail","6":"product_cat-boissons-fr","7":"pa_producers-tomarchio-bibite-fr","9":"first","10":"outofstock","11":"taxable","12":"shipping-taxable","13":"purchasable","14":"product-type-simple"},"bundled_by":[],"bundle_stock_status":"outofstock","bundle_stock_quantity":0,"bundle_virtual":false,"bundle_layout":"","bundle_add_to_cart_form_location":"","bundle_editable_in_cart":false,"bundle_sold_individually_context":"","bundle_item_grouping":"","bundle_min_size":"","bundle_max_size":"","bundled_items":[],"bundle_sell_ids":[],"acf":[],"yoast_head":"<!-- This site is optimized with the Yoast SEO plugin v25.4 - https:\/\/yoast.com\/wordpress\/plugins\/seo\/ -->\n<title>Ap\u00e9ritif amer sans alcool &quot;Blond&quot; - Gourmetto<\/title>\n<meta name=\"robots\" content=\"index, follow, max-snippet:-1, max-image-preview:large, max-video-preview:-1\" \/>\n<link rel=\"canonical\" href=\"https:\/\/gourmetto.lu\/fr\/produit\/crodino\/\" \/>\n<meta property=\"og:locale\" content=\"fr_FR\" \/>\n<meta property=\"og:type\" content=\"article\" \/>\n<meta property=\"og:title\" content=\"Ap\u00e9ritif amer sans alcool &quot;Blond&quot; - Gourmetto\" \/>\n<meta property=\"og:description\" content=\"Soda sans alcool. Vif et revigorant. Cet ap\u00e9ritif non alcoolis\u00e9 combine des ar\u00f4mes naturels d&rsquo;agrumes \u00e0 l&rsquo;eau de source de l&rsquo;Etna et \u00e0 un m\u00e9lange secret d&rsquo;herbes et d&rsquo;\u00e9pices, ce qui donne un go\u00fbt vif et l\u00e9g\u00e8rement amer, avec des notes d&rsquo;orange de Sicile et de laurier. Une boisson classique \u00e0 l&rsquo;aperitivo, un moment de [&hellip;]\" \/>\n<meta property=\"og:url\" content=\"https:\/\/gourmetto.lu\/fr\/produit\/crodino\/\" \/>\n<meta property=\"og:site_name\" content=\"Gourmetto\" \/>\n<meta property=\"article:modified_time\" content=\"2025-06-13T08:41:32+00:00\" \/>\n<meta property=\"og:image\" content=\"https:\/\/gourmetto.lu\/wp-content\/uploads\/2025\/05\/aperitivo-biondo.jpg\" \/>\n\t<meta property=\"og:image:width\" content=\"2046\" \/>\n\t<meta property=\"og:image:height\" content=\"2048\" \/>\n\t<meta property=\"og:image:type\" content=\"image\/jpeg\" \/>\n<meta name=\"twitter:card\" content=\"summary_large_image\" \/>\n<meta name=\"twitter:label1\" content=\"Dur\u00e9e de lecture estim\u00e9e\" \/>\n\t<meta name=\"twitter:data1\" content=\"1 minute\" \/>\n<script type=\"application\/ld+json\" class=\"yoast-schema-graph\">{\"@context\":\"https:\/\/schema.org\",\"@graph\":[{\"@type\":\"WebPage\",\"@id\":\"https:\/\/gourmetto.lu\/fr\/produit\/crodino\/\",\"url\":\"https:\/\/gourmetto.lu\/fr\/produit\/crodino\/\",\"name\":\"Ap\u00e9ritif amer sans alcool \\\"Blond\\\" - Gourmetto\",\"isPartOf\":{\"@id\":\"https:\/\/gourmetto.lu\/fr\/#website\"},\"primaryImageOfPage\":{\"@id\":\"https:\/\/gourmetto.lu\/fr\/produit\/crodino\/#primaryimage\"},\"image\":{\"@id\":\"https:\/\/gourmetto.lu\/fr\/produit\/crodino\/#primaryimage\"},\"thumbnailUrl\":\"https:\/\/gourmetto.lu\/wp-content\/uploads\/2025\/05\/aperitivo-biondo.jpg\",\"datePublished\":\"2025-05-30T11:10:20+00:00\",\"dateModified\":\"2025-06-13T08:41:32+00:00\",\"breadcrumb\":{\"@id\":\"https:\/\/gourmetto.lu\/fr\/produit\/crodino\/#breadcrumb\"},\"inLanguage\":\"fr-FR\",\"potentialAction\":[{\"@type\":\"ReadAction\",\"target\":[\"https:\/\/gourmetto.lu\/fr\/produit\/crodino\/\"]}]},{\"@type\":\"ImageObject\",\"inLanguage\":\"fr-FR\",\"@id\":\"https:\/\/gourmetto.lu\/fr\/produit\/crodino\/#primaryimage\",\"url\":\"https:\/\/gourmetto.lu\/wp-content\/uploads\/2025\/05\/aperitivo-biondo.jpg\",\"contentUrl\":\"https:\/\/gourmetto.lu\/wp-content\/uploads\/2025\/05\/aperitivo-biondo.jpg\",\"width\":2046,\"height\":2048},{\"@type\":\"BreadcrumbList\",\"@id\":\"https:\/\/gourmetto.lu\/fr\/produit\/crodino\/#breadcrumb\",\"itemListElement\":[{\"@type\":\"ListItem\",\"position\":1,\"name\":\"Home\",\"item\":\"https:\/\/gourmetto.lu\/fr\/\"},{\"@type\":\"ListItem\",\"position\":2,\"name\":\"Boutique\",\"item\":\"https:\/\/gourmetto.lu\/shop\/\"},{\"@type\":\"ListItem\",\"position\":3,\"name\":\"Ap\u00e9ritif amer sans alcool &#8220;Blond&#8221;\"}]},{\"@type\":\"WebSite\",\"@id\":\"https:\/\/gourmetto.lu\/fr\/#website\",\"url\":\"https:\/\/gourmetto.lu\/fr\/\",\"name\":\"Gourmetto\",\"description\":\"\",\"potentialAction\":[{\"@type\":\"SearchAction\",\"target\":{\"@type\":\"EntryPoint\",\"urlTemplate\":\"https:\/\/gourmetto.lu\/fr\/?s={search_term_string}\"},\"query-input\":{\"@type\":\"PropertyValueSpecification\",\"valueRequired\":true,\"valueName\":\"search_term_string\"}}],\"inLanguage\":\"fr-FR\"}]}<\/script>\n<!-- \/ Yoast SEO plugin. -->","yoast_head_json":{"title":"Ap\u00e9ritif amer sans alcool \"Blond\" - Gourmetto","robots":{"index":"index","follow":"follow","max-snippet":"max-snippet:-1","max-image-preview":"max-image-preview:large","max-video-preview":"max-video-preview:-1"},"canonical":"https:\/\/gourmetto.lu\/fr\/produit\/crodino\/","og_locale":"fr_FR","og_type":"article","og_title":"Ap\u00e9ritif amer sans alcool \"Blond\" - Gourmetto","og_description":"Soda sans alcool. Vif et revigorant. Cet ap\u00e9ritif non alcoolis\u00e9 combine des ar\u00f4mes naturels d&rsquo;agrumes \u00e0 l&rsquo;eau de source de l&rsquo;Etna et \u00e0 un m\u00e9lange secret d&rsquo;herbes et d&rsquo;\u00e9pices, ce qui donne un go\u00fbt vif et l\u00e9g\u00e8rement amer, avec des notes d&rsquo;orange de Sicile et de laurier. Une boisson classique \u00e0 l&rsquo;aperitivo, un moment de [&hellip;]","og_url":"https:\/\/gourmetto.lu\/fr\/produit\/crodino\/","og_site_name":"Gourmetto","article_modified_time":"2025-06-13T08:41:32+00:00","og_image":[{"width":2046,"height":2048,"url":"https:\/\/gourmetto.lu\/wp-content\/uploads\/2025\/05\/aperitivo-biondo.jpg","type":"image\/jpeg"}],"twitter_card":"summary_large_image","twitter_misc":{"Dur\u00e9e de lecture estim\u00e9e":"1 minute"},"schema":{"@context":"https:\/\/schema.org","@graph":[{"@type":"WebPage","@id":"https:\/\/gourmetto.lu\/fr\/produit\/crodino\/","url":"https:\/\/gourmetto.lu\/fr\/produit\/crodino\/","name":"Ap\u00e9ritif amer sans alcool \"Blond\" - Gourmetto","isPartOf":{"@id":"https:\/\/gourmetto.lu\/fr\/#website"},"primaryImageOfPage":{"@id":"https:\/\/gourmetto.lu\/fr\/produit\/crodino\/#primaryimage"},"image":{"@id":"https:\/\/gourmetto.lu\/fr\/produit\/crodino\/#primaryimage"},"thumbnailUrl":"https:\/\/gourmetto.lu\/wp-content\/uploads\/2025\/05\/aperitivo-biondo.jpg","datePublished":"2025-05-30T11:10:20+00:00","dateModified":"2025-06-13T08:41:32+00:00","breadcrumb":{"@id":"https:\/\/gourmetto.lu\/fr\/produit\/crodino\/#breadcrumb"},"inLanguage":"fr-FR","potentialAction":[{"@type":"ReadAction","target":["https:\/\/gourmetto.lu\/fr\/produit\/crodino\/"]}]},{"@type":"ImageObject","inLanguage":"fr-FR","@id":"https:\/\/gourmetto.lu\/fr\/produit\/crodino\/#primaryimage","url":"https:\/\/gourmetto.lu\/wp-content\/uploads\/2025\/05\/aperitivo-biondo.jpg","contentUrl":"https:\/\/gourmetto.lu\/wp-content\/uploads\/2025\/05\/aperitivo-biondo.jpg","width":2046,"height":2048},{"@type":"BreadcrumbList","@id":"https:\/\/gourmetto.lu\/fr\/produit\/crodino\/#breadcrumb","itemListElement":[{"@type":"ListItem","position":1,"name":"Home","item":"https:\/\/gourmetto.lu\/fr\/"},{"@type":"ListItem","position":2,"name":"Boutique","item":"https:\/\/gourmetto.lu\/shop\/"},{"@type":"ListItem","position":3,"name":"Ap\u00e9ritif amer sans alcool &#8220;Blond&#8221;"}]},{"@type":"WebSite","@id":"https:\/\/gourmetto.lu\/fr\/#website","url":"https:\/\/gourmetto.lu\/fr\/","name":"Gourmetto","description":"","potentialAction":[{"@type":"SearchAction","target":{"@type":"EntryPoint","urlTemplate":"https:\/\/gourmetto.lu\/fr\/?s={search_term_string}"},"query-input":{"@type":"PropertyValueSpecification","valueRequired":true,"valueName":"search_term_string"}}],"inLanguage":"fr-FR"}]}},"jetpack_sharing_enabled":true,"_links":{"self":[{"href":"https:\/\/gourmetto.lu\/fr\/wp-json\/wp\/v2\/product\/5307","targetHints":{"allow":["GET"]}}],"collection":[{"href":"https:\/\/gourmetto.lu\/fr\/wp-json\/wp\/v2\/product"}],"about":[{"href":"https:\/\/gourmetto.lu\/fr\/wp-json\/wp\/v2\/types\/product"}],"wp:featuredmedia":[{"embeddable":true,"href":"https:\/\/gourmetto.lu\/fr\/wp-json\/wp\/v2\/media\/5397"}],"wp:attachment":[{"href":"https:\/\/gourmetto.lu\/fr\/wp-json\/wp\/v2\/media?parent=5307"}],"wp:term":[{"taxonomy":"product_brand","embeddable":true,"href":"https:\/\/gourmetto.lu\/fr\/wp-json\/wp\/v2\/product_brand?post=5307"},{"taxonomy":"product_cat","embeddable":true,"href":"https:\/\/gourmetto.lu\/fr\/wp-json\/wp\/v2\/product_cat?post=5307"},{"taxonomy":"product_tag","embeddable":true,"href":"https:\/\/gourmetto.lu\/fr\/wp-json\/wp\/v2\/product_tag?post=5307"}],"curies":[{"name":"wp","href":"https:\/\/api.w.org\/{rel}","templated":true}]}}