{"id":5309,"date":"2025-05-30T13:13:21","date_gmt":"2025-05-30T11:13:21","guid":{"rendered":"https:\/\/gourmetto.lu\/?post_type=product&#038;p=5309"},"modified":"2025-06-13T10:41:26","modified_gmt":"2025-06-13T08:41:26","slug":"sanbitter","status":"publish","type":"product","link":"https:\/\/gourmetto.lu\/fr\/produit\/sanbitter\/","title":{"rendered":"Ap\u00e9ritif amer sans alcool \u00ab\u00a0Rouge\u00a0\u00bb"},"content":{"rendered":"<p>Soda sans alcool.<\/p>\n<p>Une fusion vibrante de saveurs. Une combinaison des extraits d&rsquo;orange sanguine et de figue de Barbarie siciliennes avec un m\u00e9lange secret d&rsquo;herbes et d&rsquo;\u00e9pices, cet ap\u00e9ritif non alcoolis\u00e9 offre un gout sucr\u00e9 et acidul\u00e9 et une fin agr\u00e9ablement am\u00e8re. Un d\u00e9lice m\u00e9diterran\u00e9en rubis rouge pour toutes les occasions, surtout \u00e0 l&rsquo;ap\u00e9ritif.<\/p>\n<p>Id\u00e9al pour partager un moment de joie avant le repas. L&rsquo;ap\u00e9ritif rouge de Tomarchio est une option raffin\u00e9e, sans alcool, qui apporte des saveurs de Sicile \u00e0 la table. Il est parfait dans les cocktails, mais aussi tout seul avec des gla\u00e7ons, de sorte que m\u00eame les enfants peuvent partager le moment de l&rsquo;aperitivo avec les adultes.<\/p>\n","protected":false},"excerpt":{"rendered":"<p>Soda sans alcool. Une fusion vibrante de saveurs. Une combinaison des extraits d&rsquo;orange sanguine et de figue de Barbarie siciliennes avec un m\u00e9lange secret d&rsquo;herbes et d&rsquo;\u00e9pices, cet ap\u00e9ritif non alcoolis\u00e9 offre un gout sucr\u00e9 et acidul\u00e9 et une fin agr\u00e9ablement am\u00e8re. Un d\u00e9lice m\u00e9diterran\u00e9en rubis rouge pour toutes les occasions, surtout \u00e0 l&rsquo;ap\u00e9ritif. Id\u00e9al [&hellip;]<\/p>\n","protected":false},"featured_media":5388,"template":"","meta":{"_acf_changed":false},"product_brand":[],"product_cat":[112],"product_tag":[],"class_list":{"0":"post-5309","1":"product","2":"type-product","3":"status-publish","4":"has-post-thumbnail","6":"product_cat-boissons-fr","7":"pa_producers-tomarchio-bibite-fr","9":"first","10":"outofstock","11":"taxable","12":"shipping-taxable","13":"purchasable","14":"product-type-simple"},"bundled_by":[],"bundle_stock_status":"outofstock","bundle_stock_quantity":0,"bundle_virtual":false,"bundle_layout":"","bundle_add_to_cart_form_location":"","bundle_editable_in_cart":false,"bundle_sold_individually_context":"","bundle_item_grouping":"","bundle_min_size":"","bundle_max_size":"","bundled_items":[],"bundle_sell_ids":[],"acf":[],"yoast_head":"<!-- This site is optimized with the Yoast SEO plugin v25.4 - https:\/\/yoast.com\/wordpress\/plugins\/seo\/ -->\n<title>Ap\u00e9ritif amer sans alcool &quot;Rouge&quot; - Gourmetto<\/title>\n<meta name=\"robots\" content=\"index, follow, max-snippet:-1, max-image-preview:large, max-video-preview:-1\" \/>\n<link rel=\"canonical\" href=\"https:\/\/gourmetto.lu\/fr\/produit\/sanbitter\/\" \/>\n<meta property=\"og:locale\" content=\"fr_FR\" \/>\n<meta property=\"og:type\" content=\"article\" \/>\n<meta property=\"og:title\" content=\"Ap\u00e9ritif amer sans alcool &quot;Rouge&quot; - Gourmetto\" \/>\n<meta property=\"og:description\" content=\"Soda sans alcool. Une fusion vibrante de saveurs. Une combinaison des extraits d&rsquo;orange sanguine et de figue de Barbarie siciliennes avec un m\u00e9lange secret d&rsquo;herbes et d&rsquo;\u00e9pices, cet ap\u00e9ritif non alcoolis\u00e9 offre un gout sucr\u00e9 et acidul\u00e9 et une fin agr\u00e9ablement am\u00e8re. Un d\u00e9lice m\u00e9diterran\u00e9en rubis rouge pour toutes les occasions, surtout \u00e0 l&rsquo;ap\u00e9ritif. Id\u00e9al [&hellip;]\" \/>\n<meta property=\"og:url\" content=\"https:\/\/gourmetto.lu\/fr\/produit\/sanbitter\/\" \/>\n<meta property=\"og:site_name\" content=\"Gourmetto\" \/>\n<meta property=\"article:modified_time\" content=\"2025-06-13T08:41:26+00:00\" \/>\n<meta property=\"og:image\" content=\"https:\/\/gourmetto.lu\/wp-content\/uploads\/2025\/05\/aperitivo-rosso.jpg\" \/>\n\t<meta property=\"og:image:width\" content=\"2046\" \/>\n\t<meta property=\"og:image:height\" content=\"2048\" \/>\n\t<meta property=\"og:image:type\" content=\"image\/jpeg\" \/>\n<meta name=\"twitter:card\" content=\"summary_large_image\" \/>\n<meta name=\"twitter:label1\" content=\"Dur\u00e9e de lecture estim\u00e9e\" \/>\n\t<meta name=\"twitter:data1\" content=\"1 minute\" \/>\n<script type=\"application\/ld+json\" class=\"yoast-schema-graph\">{\"@context\":\"https:\/\/schema.org\",\"@graph\":[{\"@type\":\"WebPage\",\"@id\":\"https:\/\/gourmetto.lu\/fr\/produit\/sanbitter\/\",\"url\":\"https:\/\/gourmetto.lu\/fr\/produit\/sanbitter\/\",\"name\":\"Ap\u00e9ritif amer sans alcool \\\"Rouge\\\" - Gourmetto\",\"isPartOf\":{\"@id\":\"https:\/\/gourmetto.lu\/fr\/#website\"},\"primaryImageOfPage\":{\"@id\":\"https:\/\/gourmetto.lu\/fr\/produit\/sanbitter\/#primaryimage\"},\"image\":{\"@id\":\"https:\/\/gourmetto.lu\/fr\/produit\/sanbitter\/#primaryimage\"},\"thumbnailUrl\":\"https:\/\/gourmetto.lu\/wp-content\/uploads\/2025\/05\/aperitivo-rosso.jpg\",\"datePublished\":\"2025-05-30T11:13:21+00:00\",\"dateModified\":\"2025-06-13T08:41:26+00:00\",\"breadcrumb\":{\"@id\":\"https:\/\/gourmetto.lu\/fr\/produit\/sanbitter\/#breadcrumb\"},\"inLanguage\":\"fr-FR\",\"potentialAction\":[{\"@type\":\"ReadAction\",\"target\":[\"https:\/\/gourmetto.lu\/fr\/produit\/sanbitter\/\"]}]},{\"@type\":\"ImageObject\",\"inLanguage\":\"fr-FR\",\"@id\":\"https:\/\/gourmetto.lu\/fr\/produit\/sanbitter\/#primaryimage\",\"url\":\"https:\/\/gourmetto.lu\/wp-content\/uploads\/2025\/05\/aperitivo-rosso.jpg\",\"contentUrl\":\"https:\/\/gourmetto.lu\/wp-content\/uploads\/2025\/05\/aperitivo-rosso.jpg\",\"width\":2046,\"height\":2048},{\"@type\":\"BreadcrumbList\",\"@id\":\"https:\/\/gourmetto.lu\/fr\/produit\/sanbitter\/#breadcrumb\",\"itemListElement\":[{\"@type\":\"ListItem\",\"position\":1,\"name\":\"Home\",\"item\":\"https:\/\/gourmetto.lu\/fr\/\"},{\"@type\":\"ListItem\",\"position\":2,\"name\":\"Boutique\",\"item\":\"https:\/\/gourmetto.lu\/shop\/\"},{\"@type\":\"ListItem\",\"position\":3,\"name\":\"Ap\u00e9ritif amer sans alcool &#8220;Rouge&#8221;\"}]},{\"@type\":\"WebSite\",\"@id\":\"https:\/\/gourmetto.lu\/fr\/#website\",\"url\":\"https:\/\/gourmetto.lu\/fr\/\",\"name\":\"Gourmetto\",\"description\":\"\",\"potentialAction\":[{\"@type\":\"SearchAction\",\"target\":{\"@type\":\"EntryPoint\",\"urlTemplate\":\"https:\/\/gourmetto.lu\/fr\/?s={search_term_string}\"},\"query-input\":{\"@type\":\"PropertyValueSpecification\",\"valueRequired\":true,\"valueName\":\"search_term_string\"}}],\"inLanguage\":\"fr-FR\"}]}<\/script>\n<!-- \/ Yoast SEO plugin. -->","yoast_head_json":{"title":"Ap\u00e9ritif amer sans alcool \"Rouge\" - Gourmetto","robots":{"index":"index","follow":"follow","max-snippet":"max-snippet:-1","max-image-preview":"max-image-preview:large","max-video-preview":"max-video-preview:-1"},"canonical":"https:\/\/gourmetto.lu\/fr\/produit\/sanbitter\/","og_locale":"fr_FR","og_type":"article","og_title":"Ap\u00e9ritif amer sans alcool \"Rouge\" - Gourmetto","og_description":"Soda sans alcool. Une fusion vibrante de saveurs. Une combinaison des extraits d&rsquo;orange sanguine et de figue de Barbarie siciliennes avec un m\u00e9lange secret d&rsquo;herbes et d&rsquo;\u00e9pices, cet ap\u00e9ritif non alcoolis\u00e9 offre un gout sucr\u00e9 et acidul\u00e9 et une fin agr\u00e9ablement am\u00e8re. Un d\u00e9lice m\u00e9diterran\u00e9en rubis rouge pour toutes les occasions, surtout \u00e0 l&rsquo;ap\u00e9ritif. Id\u00e9al [&hellip;]","og_url":"https:\/\/gourmetto.lu\/fr\/produit\/sanbitter\/","og_site_name":"Gourmetto","article_modified_time":"2025-06-13T08:41:26+00:00","og_image":[{"width":2046,"height":2048,"url":"https:\/\/gourmetto.lu\/wp-content\/uploads\/2025\/05\/aperitivo-rosso.jpg","type":"image\/jpeg"}],"twitter_card":"summary_large_image","twitter_misc":{"Dur\u00e9e de lecture estim\u00e9e":"1 minute"},"schema":{"@context":"https:\/\/schema.org","@graph":[{"@type":"WebPage","@id":"https:\/\/gourmetto.lu\/fr\/produit\/sanbitter\/","url":"https:\/\/gourmetto.lu\/fr\/produit\/sanbitter\/","name":"Ap\u00e9ritif amer sans alcool \"Rouge\" - Gourmetto","isPartOf":{"@id":"https:\/\/gourmetto.lu\/fr\/#website"},"primaryImageOfPage":{"@id":"https:\/\/gourmetto.lu\/fr\/produit\/sanbitter\/#primaryimage"},"image":{"@id":"https:\/\/gourmetto.lu\/fr\/produit\/sanbitter\/#primaryimage"},"thumbnailUrl":"https:\/\/gourmetto.lu\/wp-content\/uploads\/2025\/05\/aperitivo-rosso.jpg","datePublished":"2025-05-30T11:13:21+00:00","dateModified":"2025-06-13T08:41:26+00:00","breadcrumb":{"@id":"https:\/\/gourmetto.lu\/fr\/produit\/sanbitter\/#breadcrumb"},"inLanguage":"fr-FR","potentialAction":[{"@type":"ReadAction","target":["https:\/\/gourmetto.lu\/fr\/produit\/sanbitter\/"]}]},{"@type":"ImageObject","inLanguage":"fr-FR","@id":"https:\/\/gourmetto.lu\/fr\/produit\/sanbitter\/#primaryimage","url":"https:\/\/gourmetto.lu\/wp-content\/uploads\/2025\/05\/aperitivo-rosso.jpg","contentUrl":"https:\/\/gourmetto.lu\/wp-content\/uploads\/2025\/05\/aperitivo-rosso.jpg","width":2046,"height":2048},{"@type":"BreadcrumbList","@id":"https:\/\/gourmetto.lu\/fr\/produit\/sanbitter\/#breadcrumb","itemListElement":[{"@type":"ListItem","position":1,"name":"Home","item":"https:\/\/gourmetto.lu\/fr\/"},{"@type":"ListItem","position":2,"name":"Boutique","item":"https:\/\/gourmetto.lu\/shop\/"},{"@type":"ListItem","position":3,"name":"Ap\u00e9ritif amer sans alcool &#8220;Rouge&#8221;"}]},{"@type":"WebSite","@id":"https:\/\/gourmetto.lu\/fr\/#website","url":"https:\/\/gourmetto.lu\/fr\/","name":"Gourmetto","description":"","potentialAction":[{"@type":"SearchAction","target":{"@type":"EntryPoint","urlTemplate":"https:\/\/gourmetto.lu\/fr\/?s={search_term_string}"},"query-input":{"@type":"PropertyValueSpecification","valueRequired":true,"valueName":"search_term_string"}}],"inLanguage":"fr-FR"}]}},"jetpack_sharing_enabled":true,"_links":{"self":[{"href":"https:\/\/gourmetto.lu\/fr\/wp-json\/wp\/v2\/product\/5309","targetHints":{"allow":["GET"]}}],"collection":[{"href":"https:\/\/gourmetto.lu\/fr\/wp-json\/wp\/v2\/product"}],"about":[{"href":"https:\/\/gourmetto.lu\/fr\/wp-json\/wp\/v2\/types\/product"}],"wp:featuredmedia":[{"embeddable":true,"href":"https:\/\/gourmetto.lu\/fr\/wp-json\/wp\/v2\/media\/5388"}],"wp:attachment":[{"href":"https:\/\/gourmetto.lu\/fr\/wp-json\/wp\/v2\/media?parent=5309"}],"wp:term":[{"taxonomy":"product_brand","embeddable":true,"href":"https:\/\/gourmetto.lu\/fr\/wp-json\/wp\/v2\/product_brand?post=5309"},{"taxonomy":"product_cat","embeddable":true,"href":"https:\/\/gourmetto.lu\/fr\/wp-json\/wp\/v2\/product_cat?post=5309"},{"taxonomy":"product_tag","embeddable":true,"href":"https:\/\/gourmetto.lu\/fr\/wp-json\/wp\/v2\/product_tag?post=5309"}],"curies":[{"name":"wp","href":"https:\/\/api.w.org\/{rel}","templated":true}]}}