{"id":5372,"date":"2025-06-20T18:08:15","date_gmt":"2025-06-20T16:08:15","guid":{"rendered":"https:\/\/gourmetto.lu\/?post_type=product&#038;p=5372"},"modified":"2026-04-30T17:16:07","modified_gmt":"2026-04-30T15:16:07","slug":"crackerolio","status":"publish","type":"product","link":"https:\/\/gourmetto.lu\/fr\/produit\/crackerolio\/","title":{"rendered":"Crackers \u00e0 l&rsquo;huile d&rsquo;olive"},"content":{"rendered":"<p>D&rsquo;anciennes recettes traditionnelles sous une forme moderne. Ces crackers sont lev\u00e9s longtemps et produites par des mains avec une exp\u00e9rience de plusieurs g\u00e9n\u00e9rations.<\/p>\n<p>Le r\u00e9sultat est un cracker l\u00e9ger, savoureux et incroyablement croustillant et friable.<\/p>\n","protected":false},"excerpt":{"rendered":"<p>D&rsquo;anciennes recettes traditionnelles sous une forme moderne. Ces crackers sont lev\u00e9s longtemps et produites par des mains avec une exp\u00e9rience de plusieurs g\u00e9n\u00e9rations. Le r\u00e9sultat est un cracker l\u00e9ger, savoureux et incroyablement croustillant et friable.<\/p>\n","protected":false},"featured_media":5375,"template":"","meta":{"_acf_changed":false},"product_brand":[],"product_cat":[173,118],"product_tag":[],"class_list":{"0":"post-5372","1":"product","2":"type-product","3":"status-publish","4":"has-post-thumbnail","6":"product_cat-forno-fr","7":"product_cat-vegetarien-fr","9":"first","10":"instock","11":"taxable","12":"shipping-taxable","13":"purchasable","14":"product-type-simple"},"bundled_by":[],"bundle_stock_status":"instock","bundle_stock_quantity":12,"bundle_virtual":false,"bundle_layout":"","bundle_add_to_cart_form_location":"","bundle_editable_in_cart":false,"bundle_sold_individually_context":"","bundle_item_grouping":"","bundle_min_size":"","bundle_max_size":"","bundled_items":[],"bundle_sell_ids":[],"acf":[],"yoast_head":"<!-- This site is optimized with the Yoast SEO plugin v25.4 - https:\/\/yoast.com\/wordpress\/plugins\/seo\/ -->\n<title>Crackers \u00e0 l&#039;huile d&#039;olive - Gourmetto<\/title>\n<meta name=\"robots\" content=\"index, follow, max-snippet:-1, max-image-preview:large, max-video-preview:-1\" \/>\n<link rel=\"canonical\" href=\"https:\/\/gourmetto.lu\/fr\/produit\/crackerolio\/\" \/>\n<meta property=\"og:locale\" content=\"fr_FR\" \/>\n<meta property=\"og:type\" content=\"article\" \/>\n<meta property=\"og:title\" content=\"Crackers \u00e0 l&#039;huile d&#039;olive - Gourmetto\" \/>\n<meta property=\"og:description\" content=\"D&rsquo;anciennes recettes traditionnelles sous une forme moderne. Ces crackers sont lev\u00e9s longtemps et produites par des mains avec une exp\u00e9rience de plusieurs g\u00e9n\u00e9rations. Le r\u00e9sultat est un cracker l\u00e9ger, savoureux et incroyablement croustillant et friable.\" \/>\n<meta property=\"og:url\" content=\"https:\/\/gourmetto.lu\/fr\/produit\/crackerolio\/\" \/>\n<meta property=\"og:site_name\" content=\"Gourmetto\" \/>\n<meta property=\"article:modified_time\" content=\"2026-04-30T15:16:07+00:00\" \/>\n<meta property=\"og:image\" content=\"https:\/\/gourmetto.lu\/wp-content\/uploads\/2025\/06\/grissini-1.jpg\" \/>\n\t<meta property=\"og:image:width\" content=\"548\" \/>\n\t<meta property=\"og:image:height\" content=\"548\" \/>\n\t<meta property=\"og:image:type\" content=\"image\/jpeg\" \/>\n<meta name=\"twitter:card\" content=\"summary_large_image\" \/>\n<meta name=\"twitter:label1\" content=\"Dur\u00e9e de lecture estim\u00e9e\" \/>\n\t<meta name=\"twitter:data1\" content=\"1 minute\" \/>\n<script type=\"application\/ld+json\" class=\"yoast-schema-graph\">{\"@context\":\"https:\/\/schema.org\",\"@graph\":[{\"@type\":\"WebPage\",\"@id\":\"https:\/\/gourmetto.lu\/fr\/produit\/crackerolio\/\",\"url\":\"https:\/\/gourmetto.lu\/fr\/produit\/crackerolio\/\",\"name\":\"Crackers \u00e0 l'huile d'olive - Gourmetto\",\"isPartOf\":{\"@id\":\"https:\/\/gourmetto.lu\/fr\/#website\"},\"primaryImageOfPage\":{\"@id\":\"https:\/\/gourmetto.lu\/fr\/produit\/crackerolio\/#primaryimage\"},\"image\":{\"@id\":\"https:\/\/gourmetto.lu\/fr\/produit\/crackerolio\/#primaryimage\"},\"thumbnailUrl\":\"https:\/\/gourmetto.lu\/wp-content\/uploads\/2025\/06\/grissini-1.jpg\",\"datePublished\":\"2025-06-20T16:08:15+00:00\",\"dateModified\":\"2026-04-30T15:16:07+00:00\",\"breadcrumb\":{\"@id\":\"https:\/\/gourmetto.lu\/fr\/produit\/crackerolio\/#breadcrumb\"},\"inLanguage\":\"fr-FR\",\"potentialAction\":[{\"@type\":\"ReadAction\",\"target\":[\"https:\/\/gourmetto.lu\/fr\/produit\/crackerolio\/\"]}]},{\"@type\":\"ImageObject\",\"inLanguage\":\"fr-FR\",\"@id\":\"https:\/\/gourmetto.lu\/fr\/produit\/crackerolio\/#primaryimage\",\"url\":\"https:\/\/gourmetto.lu\/wp-content\/uploads\/2025\/06\/grissini-1.jpg\",\"contentUrl\":\"https:\/\/gourmetto.lu\/wp-content\/uploads\/2025\/06\/grissini-1.jpg\",\"width\":548,\"height\":548},{\"@type\":\"BreadcrumbList\",\"@id\":\"https:\/\/gourmetto.lu\/fr\/produit\/crackerolio\/#breadcrumb\",\"itemListElement\":[{\"@type\":\"ListItem\",\"position\":1,\"name\":\"Home\",\"item\":\"https:\/\/gourmetto.lu\/fr\/\"},{\"@type\":\"ListItem\",\"position\":2,\"name\":\"Boutique\",\"item\":\"https:\/\/gourmetto.lu\/shop\/\"},{\"@type\":\"ListItem\",\"position\":3,\"name\":\"Crackers \u00e0 l&#8217;huile d&#8217;olive\"}]},{\"@type\":\"WebSite\",\"@id\":\"https:\/\/gourmetto.lu\/fr\/#website\",\"url\":\"https:\/\/gourmetto.lu\/fr\/\",\"name\":\"Gourmetto\",\"description\":\"\",\"potentialAction\":[{\"@type\":\"SearchAction\",\"target\":{\"@type\":\"EntryPoint\",\"urlTemplate\":\"https:\/\/gourmetto.lu\/fr\/?s={search_term_string}\"},\"query-input\":{\"@type\":\"PropertyValueSpecification\",\"valueRequired\":true,\"valueName\":\"search_term_string\"}}],\"inLanguage\":\"fr-FR\"}]}<\/script>\n<!-- \/ Yoast SEO plugin. -->","yoast_head_json":{"title":"Crackers \u00e0 l'huile d'olive - Gourmetto","robots":{"index":"index","follow":"follow","max-snippet":"max-snippet:-1","max-image-preview":"max-image-preview:large","max-video-preview":"max-video-preview:-1"},"canonical":"https:\/\/gourmetto.lu\/fr\/produit\/crackerolio\/","og_locale":"fr_FR","og_type":"article","og_title":"Crackers \u00e0 l'huile d'olive - Gourmetto","og_description":"D&rsquo;anciennes recettes traditionnelles sous une forme moderne. Ces crackers sont lev\u00e9s longtemps et produites par des mains avec une exp\u00e9rience de plusieurs g\u00e9n\u00e9rations. Le r\u00e9sultat est un cracker l\u00e9ger, savoureux et incroyablement croustillant et friable.","og_url":"https:\/\/gourmetto.lu\/fr\/produit\/crackerolio\/","og_site_name":"Gourmetto","article_modified_time":"2026-04-30T15:16:07+00:00","og_image":[{"width":548,"height":548,"url":"https:\/\/gourmetto.lu\/wp-content\/uploads\/2025\/06\/grissini-1.jpg","type":"image\/jpeg"}],"twitter_card":"summary_large_image","twitter_misc":{"Dur\u00e9e de lecture estim\u00e9e":"1 minute"},"schema":{"@context":"https:\/\/schema.org","@graph":[{"@type":"WebPage","@id":"https:\/\/gourmetto.lu\/fr\/produit\/crackerolio\/","url":"https:\/\/gourmetto.lu\/fr\/produit\/crackerolio\/","name":"Crackers \u00e0 l'huile d'olive - Gourmetto","isPartOf":{"@id":"https:\/\/gourmetto.lu\/fr\/#website"},"primaryImageOfPage":{"@id":"https:\/\/gourmetto.lu\/fr\/produit\/crackerolio\/#primaryimage"},"image":{"@id":"https:\/\/gourmetto.lu\/fr\/produit\/crackerolio\/#primaryimage"},"thumbnailUrl":"https:\/\/gourmetto.lu\/wp-content\/uploads\/2025\/06\/grissini-1.jpg","datePublished":"2025-06-20T16:08:15+00:00","dateModified":"2026-04-30T15:16:07+00:00","breadcrumb":{"@id":"https:\/\/gourmetto.lu\/fr\/produit\/crackerolio\/#breadcrumb"},"inLanguage":"fr-FR","potentialAction":[{"@type":"ReadAction","target":["https:\/\/gourmetto.lu\/fr\/produit\/crackerolio\/"]}]},{"@type":"ImageObject","inLanguage":"fr-FR","@id":"https:\/\/gourmetto.lu\/fr\/produit\/crackerolio\/#primaryimage","url":"https:\/\/gourmetto.lu\/wp-content\/uploads\/2025\/06\/grissini-1.jpg","contentUrl":"https:\/\/gourmetto.lu\/wp-content\/uploads\/2025\/06\/grissini-1.jpg","width":548,"height":548},{"@type":"BreadcrumbList","@id":"https:\/\/gourmetto.lu\/fr\/produit\/crackerolio\/#breadcrumb","itemListElement":[{"@type":"ListItem","position":1,"name":"Home","item":"https:\/\/gourmetto.lu\/fr\/"},{"@type":"ListItem","position":2,"name":"Boutique","item":"https:\/\/gourmetto.lu\/shop\/"},{"@type":"ListItem","position":3,"name":"Crackers \u00e0 l&#8217;huile d&#8217;olive"}]},{"@type":"WebSite","@id":"https:\/\/gourmetto.lu\/fr\/#website","url":"https:\/\/gourmetto.lu\/fr\/","name":"Gourmetto","description":"","potentialAction":[{"@type":"SearchAction","target":{"@type":"EntryPoint","urlTemplate":"https:\/\/gourmetto.lu\/fr\/?s={search_term_string}"},"query-input":{"@type":"PropertyValueSpecification","valueRequired":true,"valueName":"search_term_string"}}],"inLanguage":"fr-FR"}]}},"jetpack_sharing_enabled":true,"_links":{"self":[{"href":"https:\/\/gourmetto.lu\/fr\/wp-json\/wp\/v2\/product\/5372","targetHints":{"allow":["GET"]}}],"collection":[{"href":"https:\/\/gourmetto.lu\/fr\/wp-json\/wp\/v2\/product"}],"about":[{"href":"https:\/\/gourmetto.lu\/fr\/wp-json\/wp\/v2\/types\/product"}],"wp:featuredmedia":[{"embeddable":true,"href":"https:\/\/gourmetto.lu\/fr\/wp-json\/wp\/v2\/media\/5375"}],"wp:attachment":[{"href":"https:\/\/gourmetto.lu\/fr\/wp-json\/wp\/v2\/media?parent=5372"}],"wp:term":[{"taxonomy":"product_brand","embeddable":true,"href":"https:\/\/gourmetto.lu\/fr\/wp-json\/wp\/v2\/product_brand?post=5372"},{"taxonomy":"product_cat","embeddable":true,"href":"https:\/\/gourmetto.lu\/fr\/wp-json\/wp\/v2\/product_cat?post=5372"},{"taxonomy":"product_tag","embeddable":true,"href":"https:\/\/gourmetto.lu\/fr\/wp-json\/wp\/v2\/product_tag?post=5372"}],"curies":[{"name":"wp","href":"https:\/\/api.w.org\/{rel}","templated":true}]}}