{"id":5616,"date":"2025-11-06T18:22:44","date_gmt":"2025-11-06T17:22:44","guid":{"rendered":"https:\/\/gourmetto.lu\/?post_type=product&#038;p=5616"},"modified":"2026-04-03T09:44:26","modified_gmt":"2026-04-03T07:44:26","slug":"fromage-testun-au-marc-de-raisin-copy","status":"publish","type":"product","link":"https:\/\/gourmetto.lu\/fr\/produit\/fromage-testun-au-marc-de-raisin-copy\/","title":{"rendered":"Fromage Toma di Grotta"},"content":{"rendered":"<p>La Toma di grotta est un fromage au lait de vache qui se caract\u00e9rise par une p\u00e2te ferme de couleur jaune paille, parsem\u00e9e de petits trous r\u00e9guliers.<\/p>\n<p>La classique recette des tommes alpine est raffin\u00e9e par un affinage en caves naturelles de montagne, lui donnant des ar\u00f4mes persistants de noisette et de ch\u00e2taigne, ainsi que son go\u00fbt intense et complexe, ce qui fait de ce fromage un produit unique et incomparable.<\/p>\n<p>&nbsp;<\/p>\n<p>&nbsp;<\/p>\n","protected":false},"excerpt":{"rendered":"<p>La Toma di grotta est un fromage au lait de vache qui se caract\u00e9rise par une p\u00e2te ferme de couleur jaune paille, parsem\u00e9e de petits trous r\u00e9guliers. La classique recette des tommes alpine est raffin\u00e9e par un affinage en caves naturelles de montagne, lui donnant des ar\u00f4mes persistants de noisette et de ch\u00e2taigne, ainsi que [&hellip;]<\/p>\n","protected":false},"featured_media":5062,"template":"","meta":{"_acf_changed":false},"product_brand":[],"product_cat":[113],"product_tag":[],"class_list":{"0":"post-5616","1":"product","2":"type-product","3":"status-publish","4":"has-post-thumbnail","6":"product_cat-fromages-fr","8":"first","9":"instock","10":"taxable","11":"shipping-taxable","12":"purchasable","13":"product-type-simple"},"bundled_by":[],"bundle_stock_status":"instock","bundle_stock_quantity":3,"bundle_virtual":false,"bundle_layout":"","bundle_add_to_cart_form_location":"","bundle_editable_in_cart":false,"bundle_sold_individually_context":"","bundle_item_grouping":"","bundle_min_size":"","bundle_max_size":"","bundled_items":[],"bundle_sell_ids":[],"acf":[],"yoast_head":"<!-- This site is optimized with the Yoast SEO plugin v25.4 - https:\/\/yoast.com\/wordpress\/plugins\/seo\/ -->\n<title>Fromage Toma di Grotta - Gourmetto<\/title>\n<meta name=\"robots\" content=\"index, follow, max-snippet:-1, max-image-preview:large, max-video-preview:-1\" \/>\n<link rel=\"canonical\" href=\"https:\/\/gourmetto.lu\/fr\/produit\/fromage-testun-au-marc-de-raisin-copy\/\" \/>\n<meta property=\"og:locale\" content=\"fr_FR\" \/>\n<meta property=\"og:type\" content=\"article\" \/>\n<meta property=\"og:title\" content=\"Fromage Toma di Grotta - Gourmetto\" \/>\n<meta property=\"og:description\" content=\"La Toma di grotta est un fromage au lait de vache qui se caract\u00e9rise par une p\u00e2te ferme de couleur jaune paille, parsem\u00e9e de petits trous r\u00e9guliers. La classique recette des tommes alpine est raffin\u00e9e par un affinage en caves naturelles de montagne, lui donnant des ar\u00f4mes persistants de noisette et de ch\u00e2taigne, ainsi que [&hellip;]\" \/>\n<meta property=\"og:url\" content=\"https:\/\/gourmetto.lu\/fr\/produit\/fromage-testun-au-marc-de-raisin-copy\/\" \/>\n<meta property=\"og:site_name\" content=\"Gourmetto\" \/>\n<meta property=\"article:modified_time\" content=\"2026-04-03T07:44:26+00:00\" \/>\n<meta property=\"og:image\" content=\"https:\/\/gourmetto.lu\/wp-content\/uploads\/2024\/10\/peperoncino.jpg\" \/>\n\t<meta property=\"og:image:width\" content=\"247\" \/>\n\t<meta property=\"og:image:height\" content=\"247\" \/>\n\t<meta property=\"og:image:type\" content=\"image\/jpeg\" \/>\n<meta name=\"twitter:card\" content=\"summary_large_image\" \/>\n<meta name=\"twitter:label1\" content=\"Dur\u00e9e de lecture estim\u00e9e\" \/>\n\t<meta name=\"twitter:data1\" content=\"1 minute\" \/>\n<script type=\"application\/ld+json\" class=\"yoast-schema-graph\">{\"@context\":\"https:\/\/schema.org\",\"@graph\":[{\"@type\":\"WebPage\",\"@id\":\"https:\/\/gourmetto.lu\/fr\/produit\/fromage-testun-au-marc-de-raisin-copy\/\",\"url\":\"https:\/\/gourmetto.lu\/fr\/produit\/fromage-testun-au-marc-de-raisin-copy\/\",\"name\":\"Fromage Toma di Grotta - Gourmetto\",\"isPartOf\":{\"@id\":\"https:\/\/gourmetto.lu\/fr\/#website\"},\"primaryImageOfPage\":{\"@id\":\"https:\/\/gourmetto.lu\/fr\/produit\/fromage-testun-au-marc-de-raisin-copy\/#primaryimage\"},\"image\":{\"@id\":\"https:\/\/gourmetto.lu\/fr\/produit\/fromage-testun-au-marc-de-raisin-copy\/#primaryimage\"},\"thumbnailUrl\":\"https:\/\/gourmetto.lu\/wp-content\/uploads\/2024\/10\/peperoncino.jpg\",\"datePublished\":\"2025-11-06T17:22:44+00:00\",\"dateModified\":\"2026-04-03T07:44:26+00:00\",\"breadcrumb\":{\"@id\":\"https:\/\/gourmetto.lu\/fr\/produit\/fromage-testun-au-marc-de-raisin-copy\/#breadcrumb\"},\"inLanguage\":\"fr-FR\",\"potentialAction\":[{\"@type\":\"ReadAction\",\"target\":[\"https:\/\/gourmetto.lu\/fr\/produit\/fromage-testun-au-marc-de-raisin-copy\/\"]}]},{\"@type\":\"ImageObject\",\"inLanguage\":\"fr-FR\",\"@id\":\"https:\/\/gourmetto.lu\/fr\/produit\/fromage-testun-au-marc-de-raisin-copy\/#primaryimage\",\"url\":\"https:\/\/gourmetto.lu\/wp-content\/uploads\/2024\/10\/peperoncino.jpg\",\"contentUrl\":\"https:\/\/gourmetto.lu\/wp-content\/uploads\/2024\/10\/peperoncino.jpg\",\"width\":247,\"height\":247},{\"@type\":\"BreadcrumbList\",\"@id\":\"https:\/\/gourmetto.lu\/fr\/produit\/fromage-testun-au-marc-de-raisin-copy\/#breadcrumb\",\"itemListElement\":[{\"@type\":\"ListItem\",\"position\":1,\"name\":\"Home\",\"item\":\"https:\/\/gourmetto.lu\/fr\/\"},{\"@type\":\"ListItem\",\"position\":2,\"name\":\"Boutique\",\"item\":\"https:\/\/gourmetto.lu\/shop\/\"},{\"@type\":\"ListItem\",\"position\":3,\"name\":\"Fromage Toma di Grotta\"}]},{\"@type\":\"WebSite\",\"@id\":\"https:\/\/gourmetto.lu\/fr\/#website\",\"url\":\"https:\/\/gourmetto.lu\/fr\/\",\"name\":\"Gourmetto\",\"description\":\"\",\"potentialAction\":[{\"@type\":\"SearchAction\",\"target\":{\"@type\":\"EntryPoint\",\"urlTemplate\":\"https:\/\/gourmetto.lu\/fr\/?s={search_term_string}\"},\"query-input\":{\"@type\":\"PropertyValueSpecification\",\"valueRequired\":true,\"valueName\":\"search_term_string\"}}],\"inLanguage\":\"fr-FR\"}]}<\/script>\n<!-- \/ Yoast SEO plugin. -->","yoast_head_json":{"title":"Fromage Toma di Grotta - Gourmetto","robots":{"index":"index","follow":"follow","max-snippet":"max-snippet:-1","max-image-preview":"max-image-preview:large","max-video-preview":"max-video-preview:-1"},"canonical":"https:\/\/gourmetto.lu\/fr\/produit\/fromage-testun-au-marc-de-raisin-copy\/","og_locale":"fr_FR","og_type":"article","og_title":"Fromage Toma di Grotta - Gourmetto","og_description":"La Toma di grotta est un fromage au lait de vache qui se caract\u00e9rise par une p\u00e2te ferme de couleur jaune paille, parsem\u00e9e de petits trous r\u00e9guliers. La classique recette des tommes alpine est raffin\u00e9e par un affinage en caves naturelles de montagne, lui donnant des ar\u00f4mes persistants de noisette et de ch\u00e2taigne, ainsi que [&hellip;]","og_url":"https:\/\/gourmetto.lu\/fr\/produit\/fromage-testun-au-marc-de-raisin-copy\/","og_site_name":"Gourmetto","article_modified_time":"2026-04-03T07:44:26+00:00","og_image":[{"width":247,"height":247,"url":"https:\/\/gourmetto.lu\/wp-content\/uploads\/2024\/10\/peperoncino.jpg","type":"image\/jpeg"}],"twitter_card":"summary_large_image","twitter_misc":{"Dur\u00e9e de lecture estim\u00e9e":"1 minute"},"schema":{"@context":"https:\/\/schema.org","@graph":[{"@type":"WebPage","@id":"https:\/\/gourmetto.lu\/fr\/produit\/fromage-testun-au-marc-de-raisin-copy\/","url":"https:\/\/gourmetto.lu\/fr\/produit\/fromage-testun-au-marc-de-raisin-copy\/","name":"Fromage Toma di Grotta - Gourmetto","isPartOf":{"@id":"https:\/\/gourmetto.lu\/fr\/#website"},"primaryImageOfPage":{"@id":"https:\/\/gourmetto.lu\/fr\/produit\/fromage-testun-au-marc-de-raisin-copy\/#primaryimage"},"image":{"@id":"https:\/\/gourmetto.lu\/fr\/produit\/fromage-testun-au-marc-de-raisin-copy\/#primaryimage"},"thumbnailUrl":"https:\/\/gourmetto.lu\/wp-content\/uploads\/2024\/10\/peperoncino.jpg","datePublished":"2025-11-06T17:22:44+00:00","dateModified":"2026-04-03T07:44:26+00:00","breadcrumb":{"@id":"https:\/\/gourmetto.lu\/fr\/produit\/fromage-testun-au-marc-de-raisin-copy\/#breadcrumb"},"inLanguage":"fr-FR","potentialAction":[{"@type":"ReadAction","target":["https:\/\/gourmetto.lu\/fr\/produit\/fromage-testun-au-marc-de-raisin-copy\/"]}]},{"@type":"ImageObject","inLanguage":"fr-FR","@id":"https:\/\/gourmetto.lu\/fr\/produit\/fromage-testun-au-marc-de-raisin-copy\/#primaryimage","url":"https:\/\/gourmetto.lu\/wp-content\/uploads\/2024\/10\/peperoncino.jpg","contentUrl":"https:\/\/gourmetto.lu\/wp-content\/uploads\/2024\/10\/peperoncino.jpg","width":247,"height":247},{"@type":"BreadcrumbList","@id":"https:\/\/gourmetto.lu\/fr\/produit\/fromage-testun-au-marc-de-raisin-copy\/#breadcrumb","itemListElement":[{"@type":"ListItem","position":1,"name":"Home","item":"https:\/\/gourmetto.lu\/fr\/"},{"@type":"ListItem","position":2,"name":"Boutique","item":"https:\/\/gourmetto.lu\/shop\/"},{"@type":"ListItem","position":3,"name":"Fromage Toma di Grotta"}]},{"@type":"WebSite","@id":"https:\/\/gourmetto.lu\/fr\/#website","url":"https:\/\/gourmetto.lu\/fr\/","name":"Gourmetto","description":"","potentialAction":[{"@type":"SearchAction","target":{"@type":"EntryPoint","urlTemplate":"https:\/\/gourmetto.lu\/fr\/?s={search_term_string}"},"query-input":{"@type":"PropertyValueSpecification","valueRequired":true,"valueName":"search_term_string"}}],"inLanguage":"fr-FR"}]}},"jetpack_sharing_enabled":true,"_links":{"self":[{"href":"https:\/\/gourmetto.lu\/fr\/wp-json\/wp\/v2\/product\/5616","targetHints":{"allow":["GET"]}}],"collection":[{"href":"https:\/\/gourmetto.lu\/fr\/wp-json\/wp\/v2\/product"}],"about":[{"href":"https:\/\/gourmetto.lu\/fr\/wp-json\/wp\/v2\/types\/product"}],"wp:featuredmedia":[{"embeddable":true,"href":"https:\/\/gourmetto.lu\/fr\/wp-json\/wp\/v2\/media\/5062"}],"wp:attachment":[{"href":"https:\/\/gourmetto.lu\/fr\/wp-json\/wp\/v2\/media?parent=5616"}],"wp:term":[{"taxonomy":"product_brand","embeddable":true,"href":"https:\/\/gourmetto.lu\/fr\/wp-json\/wp\/v2\/product_brand?post=5616"},{"taxonomy":"product_cat","embeddable":true,"href":"https:\/\/gourmetto.lu\/fr\/wp-json\/wp\/v2\/product_cat?post=5616"},{"taxonomy":"product_tag","embeddable":true,"href":"https:\/\/gourmetto.lu\/fr\/wp-json\/wp\/v2\/product_tag?post=5616"}],"curies":[{"name":"wp","href":"https:\/\/api.w.org\/{rel}","templated":true}]}}