{"id":5717,"date":"2025-11-25T14:56:01","date_gmt":"2025-11-25T13:56:01","guid":{"rendered":"https:\/\/gourmetto.lu\/?post_type=product&#038;p=5717"},"modified":"2026-01-23T20:52:23","modified_gmt":"2026-01-23T19:52:23","slug":"marmmandarin","status":"publish","type":"product","link":"https:\/\/gourmetto.lu\/fr\/produit\/marmmandarin\/","title":{"rendered":"Marmelade artisanale au Mandarin de Sicile"},"content":{"rendered":"<p>D\u00e9licate, parfum\u00e9e et d&rsquo;une belle couleur vive, cette marmelade est pr\u00e9par\u00e9e \u00e0 partir de <em>mandarino tardivo di Ciaulli<\/em>, tr\u00e8s appr\u00e9ci\u00e9e dans le sud de l&rsquo;Italie pour son ar\u00f4me intense et son go\u00fbt naturellement sucr\u00e9 et floral. Pr\u00e9par\u00e9e lentement, elle conserve tout le caract\u00e8re vibrant du fruit sans \u00eatre trop sucr\u00e9e.<\/p>\n","protected":false},"excerpt":{"rendered":"<p>D\u00e9licate, parfum\u00e9e et d&rsquo;une belle couleur vive, cette marmelade est pr\u00e9par\u00e9e \u00e0 partir de mandarino tardivo di Ciaulli, tr\u00e8s appr\u00e9ci\u00e9e dans le sud de l&rsquo;Italie pour son ar\u00f4me intense et son go\u00fbt naturellement sucr\u00e9 et floral. Pr\u00e9par\u00e9e lentement, elle conserve tout le caract\u00e8re vibrant du fruit sans \u00eatre trop sucr\u00e9e.<\/p>\n","protected":false},"featured_media":5719,"template":"","meta":{"_acf_changed":false},"product_brand":[],"product_cat":[98],"product_tag":[],"class_list":{"0":"post-5717","1":"product","2":"type-product","3":"status-publish","4":"has-post-thumbnail","6":"product_cat-confiseries-fr","7":"pa_producers-aledi-di-bronte-fr","9":"first","10":"instock","11":"taxable","12":"shipping-taxable","13":"purchasable","14":"product-type-simple"},"bundled_by":[],"bundle_stock_status":"instock","bundle_stock_quantity":8,"bundle_virtual":false,"bundle_layout":"","bundle_add_to_cart_form_location":"","bundle_editable_in_cart":false,"bundle_sold_individually_context":"","bundle_item_grouping":"","bundle_min_size":"","bundle_max_size":"","bundled_items":[],"bundle_sell_ids":[],"acf":[],"yoast_head":"<!-- This site is optimized with the Yoast SEO plugin v25.4 - https:\/\/yoast.com\/wordpress\/plugins\/seo\/ -->\n<title>Marmelade artisanale au Mandarin de Sicile - Gourmetto<\/title>\n<meta name=\"robots\" content=\"index, follow, max-snippet:-1, max-image-preview:large, max-video-preview:-1\" \/>\n<link rel=\"canonical\" href=\"https:\/\/gourmetto.lu\/fr\/produit\/marmmandarin\/\" \/>\n<meta property=\"og:locale\" content=\"fr_FR\" \/>\n<meta property=\"og:type\" content=\"article\" \/>\n<meta property=\"og:title\" content=\"Marmelade artisanale au Mandarin de Sicile - Gourmetto\" \/>\n<meta property=\"og:description\" content=\"D\u00e9licate, parfum\u00e9e et d&rsquo;une belle couleur vive, cette marmelade est pr\u00e9par\u00e9e \u00e0 partir de mandarino tardivo di Ciaulli, tr\u00e8s appr\u00e9ci\u00e9e dans le sud de l&rsquo;Italie pour son ar\u00f4me intense et son go\u00fbt naturellement sucr\u00e9 et floral. Pr\u00e9par\u00e9e lentement, elle conserve tout le caract\u00e8re vibrant du fruit sans \u00eatre trop sucr\u00e9e.\" \/>\n<meta property=\"og:url\" content=\"https:\/\/gourmetto.lu\/fr\/produit\/marmmandarin\/\" \/>\n<meta property=\"og:site_name\" content=\"Gourmetto\" \/>\n<meta property=\"article:modified_time\" content=\"2026-01-23T19:52:23+00:00\" \/>\n<meta property=\"og:image\" content=\"https:\/\/gourmetto.lu\/wp-content\/uploads\/2025\/11\/marmellata-1.jpg\" \/>\n\t<meta property=\"og:image:width\" content=\"581\" \/>\n\t<meta property=\"og:image:height\" content=\"581\" \/>\n\t<meta property=\"og:image:type\" content=\"image\/jpeg\" \/>\n<meta name=\"twitter:card\" content=\"summary_large_image\" \/>\n<meta name=\"twitter:label1\" content=\"Dur\u00e9e de lecture estim\u00e9e\" \/>\n\t<meta name=\"twitter:data1\" content=\"1 minute\" \/>\n<script type=\"application\/ld+json\" class=\"yoast-schema-graph\">{\"@context\":\"https:\/\/schema.org\",\"@graph\":[{\"@type\":\"WebPage\",\"@id\":\"https:\/\/gourmetto.lu\/fr\/produit\/marmmandarin\/\",\"url\":\"https:\/\/gourmetto.lu\/fr\/produit\/marmmandarin\/\",\"name\":\"Marmelade artisanale au Mandarin de Sicile - Gourmetto\",\"isPartOf\":{\"@id\":\"https:\/\/gourmetto.lu\/fr\/#website\"},\"primaryImageOfPage\":{\"@id\":\"https:\/\/gourmetto.lu\/fr\/produit\/marmmandarin\/#primaryimage\"},\"image\":{\"@id\":\"https:\/\/gourmetto.lu\/fr\/produit\/marmmandarin\/#primaryimage\"},\"thumbnailUrl\":\"https:\/\/gourmetto.lu\/wp-content\/uploads\/2025\/11\/marmellata-1.jpg\",\"datePublished\":\"2025-11-25T13:56:01+00:00\",\"dateModified\":\"2026-01-23T19:52:23+00:00\",\"breadcrumb\":{\"@id\":\"https:\/\/gourmetto.lu\/fr\/produit\/marmmandarin\/#breadcrumb\"},\"inLanguage\":\"fr-FR\",\"potentialAction\":[{\"@type\":\"ReadAction\",\"target\":[\"https:\/\/gourmetto.lu\/fr\/produit\/marmmandarin\/\"]}]},{\"@type\":\"ImageObject\",\"inLanguage\":\"fr-FR\",\"@id\":\"https:\/\/gourmetto.lu\/fr\/produit\/marmmandarin\/#primaryimage\",\"url\":\"https:\/\/gourmetto.lu\/wp-content\/uploads\/2025\/11\/marmellata-1.jpg\",\"contentUrl\":\"https:\/\/gourmetto.lu\/wp-content\/uploads\/2025\/11\/marmellata-1.jpg\",\"width\":581,\"height\":581},{\"@type\":\"BreadcrumbList\",\"@id\":\"https:\/\/gourmetto.lu\/fr\/produit\/marmmandarin\/#breadcrumb\",\"itemListElement\":[{\"@type\":\"ListItem\",\"position\":1,\"name\":\"Home\",\"item\":\"https:\/\/gourmetto.lu\/fr\/\"},{\"@type\":\"ListItem\",\"position\":2,\"name\":\"Boutique\",\"item\":\"https:\/\/gourmetto.lu\/shop\/\"},{\"@type\":\"ListItem\",\"position\":3,\"name\":\"Marmelade artisanale au Mandarin de Sicile\"}]},{\"@type\":\"WebSite\",\"@id\":\"https:\/\/gourmetto.lu\/fr\/#website\",\"url\":\"https:\/\/gourmetto.lu\/fr\/\",\"name\":\"Gourmetto\",\"description\":\"\",\"potentialAction\":[{\"@type\":\"SearchAction\",\"target\":{\"@type\":\"EntryPoint\",\"urlTemplate\":\"https:\/\/gourmetto.lu\/fr\/?s={search_term_string}\"},\"query-input\":{\"@type\":\"PropertyValueSpecification\",\"valueRequired\":true,\"valueName\":\"search_term_string\"}}],\"inLanguage\":\"fr-FR\"}]}<\/script>\n<!-- \/ Yoast SEO plugin. -->","yoast_head_json":{"title":"Marmelade artisanale au Mandarin de Sicile - Gourmetto","robots":{"index":"index","follow":"follow","max-snippet":"max-snippet:-1","max-image-preview":"max-image-preview:large","max-video-preview":"max-video-preview:-1"},"canonical":"https:\/\/gourmetto.lu\/fr\/produit\/marmmandarin\/","og_locale":"fr_FR","og_type":"article","og_title":"Marmelade artisanale au Mandarin de Sicile - Gourmetto","og_description":"D\u00e9licate, parfum\u00e9e et d&rsquo;une belle couleur vive, cette marmelade est pr\u00e9par\u00e9e \u00e0 partir de mandarino tardivo di Ciaulli, tr\u00e8s appr\u00e9ci\u00e9e dans le sud de l&rsquo;Italie pour son ar\u00f4me intense et son go\u00fbt naturellement sucr\u00e9 et floral. Pr\u00e9par\u00e9e lentement, elle conserve tout le caract\u00e8re vibrant du fruit sans \u00eatre trop sucr\u00e9e.","og_url":"https:\/\/gourmetto.lu\/fr\/produit\/marmmandarin\/","og_site_name":"Gourmetto","article_modified_time":"2026-01-23T19:52:23+00:00","og_image":[{"width":581,"height":581,"url":"https:\/\/gourmetto.lu\/wp-content\/uploads\/2025\/11\/marmellata-1.jpg","type":"image\/jpeg"}],"twitter_card":"summary_large_image","twitter_misc":{"Dur\u00e9e de lecture estim\u00e9e":"1 minute"},"schema":{"@context":"https:\/\/schema.org","@graph":[{"@type":"WebPage","@id":"https:\/\/gourmetto.lu\/fr\/produit\/marmmandarin\/","url":"https:\/\/gourmetto.lu\/fr\/produit\/marmmandarin\/","name":"Marmelade artisanale au Mandarin de Sicile - Gourmetto","isPartOf":{"@id":"https:\/\/gourmetto.lu\/fr\/#website"},"primaryImageOfPage":{"@id":"https:\/\/gourmetto.lu\/fr\/produit\/marmmandarin\/#primaryimage"},"image":{"@id":"https:\/\/gourmetto.lu\/fr\/produit\/marmmandarin\/#primaryimage"},"thumbnailUrl":"https:\/\/gourmetto.lu\/wp-content\/uploads\/2025\/11\/marmellata-1.jpg","datePublished":"2025-11-25T13:56:01+00:00","dateModified":"2026-01-23T19:52:23+00:00","breadcrumb":{"@id":"https:\/\/gourmetto.lu\/fr\/produit\/marmmandarin\/#breadcrumb"},"inLanguage":"fr-FR","potentialAction":[{"@type":"ReadAction","target":["https:\/\/gourmetto.lu\/fr\/produit\/marmmandarin\/"]}]},{"@type":"ImageObject","inLanguage":"fr-FR","@id":"https:\/\/gourmetto.lu\/fr\/produit\/marmmandarin\/#primaryimage","url":"https:\/\/gourmetto.lu\/wp-content\/uploads\/2025\/11\/marmellata-1.jpg","contentUrl":"https:\/\/gourmetto.lu\/wp-content\/uploads\/2025\/11\/marmellata-1.jpg","width":581,"height":581},{"@type":"BreadcrumbList","@id":"https:\/\/gourmetto.lu\/fr\/produit\/marmmandarin\/#breadcrumb","itemListElement":[{"@type":"ListItem","position":1,"name":"Home","item":"https:\/\/gourmetto.lu\/fr\/"},{"@type":"ListItem","position":2,"name":"Boutique","item":"https:\/\/gourmetto.lu\/shop\/"},{"@type":"ListItem","position":3,"name":"Marmelade artisanale au Mandarin de Sicile"}]},{"@type":"WebSite","@id":"https:\/\/gourmetto.lu\/fr\/#website","url":"https:\/\/gourmetto.lu\/fr\/","name":"Gourmetto","description":"","potentialAction":[{"@type":"SearchAction","target":{"@type":"EntryPoint","urlTemplate":"https:\/\/gourmetto.lu\/fr\/?s={search_term_string}"},"query-input":{"@type":"PropertyValueSpecification","valueRequired":true,"valueName":"search_term_string"}}],"inLanguage":"fr-FR"}]}},"jetpack_sharing_enabled":true,"_links":{"self":[{"href":"https:\/\/gourmetto.lu\/fr\/wp-json\/wp\/v2\/product\/5717","targetHints":{"allow":["GET"]}}],"collection":[{"href":"https:\/\/gourmetto.lu\/fr\/wp-json\/wp\/v2\/product"}],"about":[{"href":"https:\/\/gourmetto.lu\/fr\/wp-json\/wp\/v2\/types\/product"}],"wp:featuredmedia":[{"embeddable":true,"href":"https:\/\/gourmetto.lu\/fr\/wp-json\/wp\/v2\/media\/5719"}],"wp:attachment":[{"href":"https:\/\/gourmetto.lu\/fr\/wp-json\/wp\/v2\/media?parent=5717"}],"wp:term":[{"taxonomy":"product_brand","embeddable":true,"href":"https:\/\/gourmetto.lu\/fr\/wp-json\/wp\/v2\/product_brand?post=5717"},{"taxonomy":"product_cat","embeddable":true,"href":"https:\/\/gourmetto.lu\/fr\/wp-json\/wp\/v2\/product_cat?post=5717"},{"taxonomy":"product_tag","embeddable":true,"href":"https:\/\/gourmetto.lu\/fr\/wp-json\/wp\/v2\/product_tag?post=5717"}],"curies":[{"name":"wp","href":"https:\/\/api.w.org\/{rel}","templated":true}]}}