{"id":5723,"date":"2025-11-25T15:20:04","date_gmt":"2025-11-25T14:20:04","guid":{"rendered":"https:\/\/gourmetto.lu\/?post_type=product&#038;p=5723"},"modified":"2025-11-27T11:39:19","modified_gmt":"2025-11-27T10:39:19","slug":"cremanocciole","status":"publish","type":"product","link":"https:\/\/gourmetto.lu\/fr\/produit\/cremanocciole\/","title":{"rendered":"P\u00e2te \u00e0 tartiner aux noisettes sicilien"},"content":{"rendered":"<p>Onctueuse, gourmande et pleine de saveur, cette p\u00e2te \u00e0 tartiner italienne aux noisettes est \u00e9labor\u00e9e \u00e0 partir de noisettes torr\u00e9fi\u00e9es de grande qualit\u00e9 pour un go\u00fbt naturellement riche et aromatique. Fabriqu\u00e9e \u00e0 partir d&rsquo;ingr\u00e9dients simples et authentiques, elle offre une texture soyeuse et une douceur parfaitement \u00e9quilibr\u00e9e, \u00e0 la fois r\u00e9confortante et raffin\u00e9e.<\/p>\n","protected":false},"excerpt":{"rendered":"<p>Onctueuse, gourmande et pleine de saveur, cette p\u00e2te \u00e0 tartiner italienne aux noisettes est \u00e9labor\u00e9e \u00e0 partir de noisettes torr\u00e9fi\u00e9es de grande qualit\u00e9 pour un go\u00fbt naturellement riche et aromatique. Fabriqu\u00e9e \u00e0 partir d&rsquo;ingr\u00e9dients simples et authentiques, elle offre une texture soyeuse et une douceur parfaitement \u00e9quilibr\u00e9e, \u00e0 la fois r\u00e9confortante et raffin\u00e9e.<\/p>\n","protected":false},"featured_media":5725,"template":"","meta":{"_acf_changed":false},"product_brand":[],"product_cat":[98],"product_tag":[],"class_list":{"0":"post-5723","1":"product","2":"type-product","3":"status-publish","4":"has-post-thumbnail","6":"product_cat-confiseries-fr","7":"pa_producers-aledi-di-bronte-fr","9":"first","10":"instock","11":"taxable","12":"shipping-taxable","13":"purchasable","14":"product-type-simple"},"bundled_by":[],"bundle_stock_status":"instock","bundle_stock_quantity":10,"bundle_virtual":false,"bundle_layout":"","bundle_add_to_cart_form_location":"","bundle_editable_in_cart":false,"bundle_sold_individually_context":"","bundle_item_grouping":"","bundle_min_size":"","bundle_max_size":"","bundled_items":[],"bundle_sell_ids":[],"acf":[],"yoast_head":"<!-- This site is optimized with the Yoast SEO plugin v25.4 - https:\/\/yoast.com\/wordpress\/plugins\/seo\/ -->\n<title>P\u00e2te \u00e0 tartiner aux noisettes sicilien - Gourmetto<\/title>\n<meta name=\"robots\" content=\"index, follow, max-snippet:-1, max-image-preview:large, max-video-preview:-1\" \/>\n<link rel=\"canonical\" href=\"https:\/\/gourmetto.lu\/fr\/produit\/cremanocciole\/\" \/>\n<meta property=\"og:locale\" content=\"fr_FR\" \/>\n<meta property=\"og:type\" content=\"article\" \/>\n<meta property=\"og:title\" content=\"P\u00e2te \u00e0 tartiner aux noisettes sicilien - Gourmetto\" \/>\n<meta property=\"og:description\" content=\"Onctueuse, gourmande et pleine de saveur, cette p\u00e2te \u00e0 tartiner italienne aux noisettes est \u00e9labor\u00e9e \u00e0 partir de noisettes torr\u00e9fi\u00e9es de grande qualit\u00e9 pour un go\u00fbt naturellement riche et aromatique. Fabriqu\u00e9e \u00e0 partir d&rsquo;ingr\u00e9dients simples et authentiques, elle offre une texture soyeuse et une douceur parfaitement \u00e9quilibr\u00e9e, \u00e0 la fois r\u00e9confortante et raffin\u00e9e.\" \/>\n<meta property=\"og:url\" content=\"https:\/\/gourmetto.lu\/fr\/produit\/cremanocciole\/\" \/>\n<meta property=\"og:site_name\" content=\"Gourmetto\" \/>\n<meta property=\"article:modified_time\" content=\"2025-11-27T10:39:19+00:00\" \/>\n<meta property=\"og:image\" content=\"https:\/\/gourmetto.lu\/wp-content\/uploads\/2025\/11\/marmellata-2.jpg\" \/>\n\t<meta property=\"og:image:width\" content=\"611\" \/>\n\t<meta property=\"og:image:height\" content=\"611\" \/>\n\t<meta property=\"og:image:type\" content=\"image\/jpeg\" \/>\n<meta name=\"twitter:card\" content=\"summary_large_image\" \/>\n<meta name=\"twitter:label1\" content=\"Dur\u00e9e de lecture estim\u00e9e\" \/>\n\t<meta name=\"twitter:data1\" content=\"1 minute\" \/>\n<script type=\"application\/ld+json\" class=\"yoast-schema-graph\">{\"@context\":\"https:\/\/schema.org\",\"@graph\":[{\"@type\":\"WebPage\",\"@id\":\"https:\/\/gourmetto.lu\/fr\/produit\/cremanocciole\/\",\"url\":\"https:\/\/gourmetto.lu\/fr\/produit\/cremanocciole\/\",\"name\":\"P\u00e2te \u00e0 tartiner aux noisettes sicilien - Gourmetto\",\"isPartOf\":{\"@id\":\"https:\/\/gourmetto.lu\/fr\/#website\"},\"primaryImageOfPage\":{\"@id\":\"https:\/\/gourmetto.lu\/fr\/produit\/cremanocciole\/#primaryimage\"},\"image\":{\"@id\":\"https:\/\/gourmetto.lu\/fr\/produit\/cremanocciole\/#primaryimage\"},\"thumbnailUrl\":\"https:\/\/gourmetto.lu\/wp-content\/uploads\/2025\/11\/marmellata-2.jpg\",\"datePublished\":\"2025-11-25T14:20:04+00:00\",\"dateModified\":\"2025-11-27T10:39:19+00:00\",\"breadcrumb\":{\"@id\":\"https:\/\/gourmetto.lu\/fr\/produit\/cremanocciole\/#breadcrumb\"},\"inLanguage\":\"fr-FR\",\"potentialAction\":[{\"@type\":\"ReadAction\",\"target\":[\"https:\/\/gourmetto.lu\/fr\/produit\/cremanocciole\/\"]}]},{\"@type\":\"ImageObject\",\"inLanguage\":\"fr-FR\",\"@id\":\"https:\/\/gourmetto.lu\/fr\/produit\/cremanocciole\/#primaryimage\",\"url\":\"https:\/\/gourmetto.lu\/wp-content\/uploads\/2025\/11\/marmellata-2.jpg\",\"contentUrl\":\"https:\/\/gourmetto.lu\/wp-content\/uploads\/2025\/11\/marmellata-2.jpg\",\"width\":611,\"height\":611},{\"@type\":\"BreadcrumbList\",\"@id\":\"https:\/\/gourmetto.lu\/fr\/produit\/cremanocciole\/#breadcrumb\",\"itemListElement\":[{\"@type\":\"ListItem\",\"position\":1,\"name\":\"Home\",\"item\":\"https:\/\/gourmetto.lu\/fr\/\"},{\"@type\":\"ListItem\",\"position\":2,\"name\":\"Boutique\",\"item\":\"https:\/\/gourmetto.lu\/shop\/\"},{\"@type\":\"ListItem\",\"position\":3,\"name\":\"P\u00e2te \u00e0 tartiner aux noisettes sicilien\"}]},{\"@type\":\"WebSite\",\"@id\":\"https:\/\/gourmetto.lu\/fr\/#website\",\"url\":\"https:\/\/gourmetto.lu\/fr\/\",\"name\":\"Gourmetto\",\"description\":\"\",\"potentialAction\":[{\"@type\":\"SearchAction\",\"target\":{\"@type\":\"EntryPoint\",\"urlTemplate\":\"https:\/\/gourmetto.lu\/fr\/?s={search_term_string}\"},\"query-input\":{\"@type\":\"PropertyValueSpecification\",\"valueRequired\":true,\"valueName\":\"search_term_string\"}}],\"inLanguage\":\"fr-FR\"}]}<\/script>\n<!-- \/ Yoast SEO plugin. -->","yoast_head_json":{"title":"P\u00e2te \u00e0 tartiner aux noisettes sicilien - Gourmetto","robots":{"index":"index","follow":"follow","max-snippet":"max-snippet:-1","max-image-preview":"max-image-preview:large","max-video-preview":"max-video-preview:-1"},"canonical":"https:\/\/gourmetto.lu\/fr\/produit\/cremanocciole\/","og_locale":"fr_FR","og_type":"article","og_title":"P\u00e2te \u00e0 tartiner aux noisettes sicilien - Gourmetto","og_description":"Onctueuse, gourmande et pleine de saveur, cette p\u00e2te \u00e0 tartiner italienne aux noisettes est \u00e9labor\u00e9e \u00e0 partir de noisettes torr\u00e9fi\u00e9es de grande qualit\u00e9 pour un go\u00fbt naturellement riche et aromatique. Fabriqu\u00e9e \u00e0 partir d&rsquo;ingr\u00e9dients simples et authentiques, elle offre une texture soyeuse et une douceur parfaitement \u00e9quilibr\u00e9e, \u00e0 la fois r\u00e9confortante et raffin\u00e9e.","og_url":"https:\/\/gourmetto.lu\/fr\/produit\/cremanocciole\/","og_site_name":"Gourmetto","article_modified_time":"2025-11-27T10:39:19+00:00","og_image":[{"width":611,"height":611,"url":"https:\/\/gourmetto.lu\/wp-content\/uploads\/2025\/11\/marmellata-2.jpg","type":"image\/jpeg"}],"twitter_card":"summary_large_image","twitter_misc":{"Dur\u00e9e de lecture estim\u00e9e":"1 minute"},"schema":{"@context":"https:\/\/schema.org","@graph":[{"@type":"WebPage","@id":"https:\/\/gourmetto.lu\/fr\/produit\/cremanocciole\/","url":"https:\/\/gourmetto.lu\/fr\/produit\/cremanocciole\/","name":"P\u00e2te \u00e0 tartiner aux noisettes sicilien - Gourmetto","isPartOf":{"@id":"https:\/\/gourmetto.lu\/fr\/#website"},"primaryImageOfPage":{"@id":"https:\/\/gourmetto.lu\/fr\/produit\/cremanocciole\/#primaryimage"},"image":{"@id":"https:\/\/gourmetto.lu\/fr\/produit\/cremanocciole\/#primaryimage"},"thumbnailUrl":"https:\/\/gourmetto.lu\/wp-content\/uploads\/2025\/11\/marmellata-2.jpg","datePublished":"2025-11-25T14:20:04+00:00","dateModified":"2025-11-27T10:39:19+00:00","breadcrumb":{"@id":"https:\/\/gourmetto.lu\/fr\/produit\/cremanocciole\/#breadcrumb"},"inLanguage":"fr-FR","potentialAction":[{"@type":"ReadAction","target":["https:\/\/gourmetto.lu\/fr\/produit\/cremanocciole\/"]}]},{"@type":"ImageObject","inLanguage":"fr-FR","@id":"https:\/\/gourmetto.lu\/fr\/produit\/cremanocciole\/#primaryimage","url":"https:\/\/gourmetto.lu\/wp-content\/uploads\/2025\/11\/marmellata-2.jpg","contentUrl":"https:\/\/gourmetto.lu\/wp-content\/uploads\/2025\/11\/marmellata-2.jpg","width":611,"height":611},{"@type":"BreadcrumbList","@id":"https:\/\/gourmetto.lu\/fr\/produit\/cremanocciole\/#breadcrumb","itemListElement":[{"@type":"ListItem","position":1,"name":"Home","item":"https:\/\/gourmetto.lu\/fr\/"},{"@type":"ListItem","position":2,"name":"Boutique","item":"https:\/\/gourmetto.lu\/shop\/"},{"@type":"ListItem","position":3,"name":"P\u00e2te \u00e0 tartiner aux noisettes sicilien"}]},{"@type":"WebSite","@id":"https:\/\/gourmetto.lu\/fr\/#website","url":"https:\/\/gourmetto.lu\/fr\/","name":"Gourmetto","description":"","potentialAction":[{"@type":"SearchAction","target":{"@type":"EntryPoint","urlTemplate":"https:\/\/gourmetto.lu\/fr\/?s={search_term_string}"},"query-input":{"@type":"PropertyValueSpecification","valueRequired":true,"valueName":"search_term_string"}}],"inLanguage":"fr-FR"}]}},"jetpack_sharing_enabled":true,"_links":{"self":[{"href":"https:\/\/gourmetto.lu\/fr\/wp-json\/wp\/v2\/product\/5723","targetHints":{"allow":["GET"]}}],"collection":[{"href":"https:\/\/gourmetto.lu\/fr\/wp-json\/wp\/v2\/product"}],"about":[{"href":"https:\/\/gourmetto.lu\/fr\/wp-json\/wp\/v2\/types\/product"}],"wp:featuredmedia":[{"embeddable":true,"href":"https:\/\/gourmetto.lu\/fr\/wp-json\/wp\/v2\/media\/5725"}],"wp:attachment":[{"href":"https:\/\/gourmetto.lu\/fr\/wp-json\/wp\/v2\/media?parent=5723"}],"wp:term":[{"taxonomy":"product_brand","embeddable":true,"href":"https:\/\/gourmetto.lu\/fr\/wp-json\/wp\/v2\/product_brand?post=5723"},{"taxonomy":"product_cat","embeddable":true,"href":"https:\/\/gourmetto.lu\/fr\/wp-json\/wp\/v2\/product_cat?post=5723"},{"taxonomy":"product_tag","embeddable":true,"href":"https:\/\/gourmetto.lu\/fr\/wp-json\/wp\/v2\/product_tag?post=5723"}],"curies":[{"name":"wp","href":"https:\/\/api.w.org\/{rel}","templated":true}]}}