{"id":5745,"date":"2025-11-27T11:47:13","date_gmt":"2025-11-27T10:47:13","guid":{"rendered":"https:\/\/gourmetto.lu\/?post_type=product&#038;p=5745"},"modified":"2025-12-04T09:50:40","modified_gmt":"2025-12-04T08:50:40","slug":"olioseena","status":"publish","type":"product","link":"https:\/\/gourmetto.lu\/fr\/produit\/olioseena\/","title":{"rendered":"Huile d&rsquo;olive extra vierge \u00ab\u00a0Se\u00e9n\u00e0\u00a0\u00bb de la Riviera ligure D.O.P."},"content":{"rendered":"<p>\u00c9l\u00e9gant, d\u00e9licat et typiquement ligure.<\/p>\n<p>Cette huile d&rsquo;olive est un petit bijou, provenant des collines escarp\u00e9es de la c\u00f4te ligure. Produite par Sommariva<strong>,<\/strong> un producteur d&rsquo;huile familial historique de Savone actif depuis 1915, cette huile est fabriqu\u00e9e \u00e0 partir d&rsquo;un m\u00e9lange expert des meilleures olives locales : Taggiasca, Colombaia et Pignola, toutes cultiv\u00e9es \u00e0 tr\u00e8s courte distance du moulin afin de r\u00e9duire au minimum le temps entre la r\u00e9colte et la mise en bouteille. L&rsquo;extraction de l&rsquo;huile se fait bien s\u00fbr uniquement par pression \u00e0 froid, afin de pr\u00e9server toute la saveur et les nutriments des olives fra\u00eeches.<\/p>\n<p>&nbsp;<\/p>\n<p>Il offre un profil magnifiquement doux et parfum\u00e9 avec de l\u00e9g\u00e8res notes d&rsquo;amande, d&rsquo;herbes fra\u00eeches et de pomme verte.<\/p>\n","protected":false},"excerpt":{"rendered":"<p>\u00c9l\u00e9gant, d\u00e9licat et typiquement ligure. Cette huile d&rsquo;olive est un petit bijou, provenant des collines escarp\u00e9es de la c\u00f4te ligure. Produite par Sommariva, un producteur d&rsquo;huile familial historique de Savone actif depuis 1915, cette huile est fabriqu\u00e9e \u00e0 partir d&rsquo;un m\u00e9lange expert des meilleures olives locales : Taggiasca, Colombaia et Pignola, toutes cultiv\u00e9es \u00e0 tr\u00e8s [&hellip;]<\/p>\n","protected":false},"featured_media":5873,"template":"","meta":{"_acf_changed":false},"product_brand":[],"product_cat":[110,94],"product_tag":[],"class_list":{"0":"post-5745","1":"product","2":"type-product","3":"status-publish","4":"has-post-thumbnail","6":"product_cat-assaisonnements-fr","7":"product_cat-nouveaute-fr","8":"pa_producers-sommariva-1915-fr","10":"first","11":"instock","12":"taxable","13":"shipping-taxable","14":"purchasable","15":"product-type-simple"},"bundled_by":[],"bundle_stock_status":"instock","bundle_stock_quantity":15,"bundle_virtual":false,"bundle_layout":"","bundle_add_to_cart_form_location":"","bundle_editable_in_cart":false,"bundle_sold_individually_context":"","bundle_item_grouping":"","bundle_min_size":"","bundle_max_size":"","bundled_items":[],"bundle_sell_ids":[],"acf":[],"yoast_head":"<!-- This site is optimized with the Yoast SEO plugin v25.4 - https:\/\/yoast.com\/wordpress\/plugins\/seo\/ -->\n<title>Huile d&#039;olive extra vierge &quot;Se\u00e9n\u00e0&quot; de la Riviera ligure D.O.P. - Gourmetto<\/title>\n<meta name=\"robots\" content=\"index, follow, max-snippet:-1, max-image-preview:large, max-video-preview:-1\" \/>\n<link rel=\"canonical\" href=\"https:\/\/gourmetto.lu\/fr\/produit\/olioseena\/\" \/>\n<meta property=\"og:locale\" content=\"fr_FR\" \/>\n<meta property=\"og:type\" content=\"article\" \/>\n<meta property=\"og:title\" content=\"Huile d&#039;olive extra vierge &quot;Se\u00e9n\u00e0&quot; de la Riviera ligure D.O.P. - Gourmetto\" \/>\n<meta property=\"og:description\" content=\"\u00c9l\u00e9gant, d\u00e9licat et typiquement ligure. Cette huile d&rsquo;olive est un petit bijou, provenant des collines escarp\u00e9es de la c\u00f4te ligure. Produite par Sommariva, un producteur d&rsquo;huile familial historique de Savone actif depuis 1915, cette huile est fabriqu\u00e9e \u00e0 partir d&rsquo;un m\u00e9lange expert des meilleures olives locales : Taggiasca, Colombaia et Pignola, toutes cultiv\u00e9es \u00e0 tr\u00e8s [&hellip;]\" \/>\n<meta property=\"og:url\" content=\"https:\/\/gourmetto.lu\/fr\/produit\/olioseena\/\" \/>\n<meta property=\"og:site_name\" content=\"Gourmetto\" \/>\n<meta property=\"article:modified_time\" content=\"2025-12-04T08:50:40+00:00\" \/>\n<meta property=\"og:image\" content=\"https:\/\/gourmetto.lu\/wp-content\/uploads\/2025\/11\/IMG20251214162330.jpg\" \/>\n\t<meta property=\"og:image:width\" content=\"2501\" \/>\n\t<meta property=\"og:image:height\" content=\"2501\" \/>\n\t<meta property=\"og:image:type\" content=\"image\/jpeg\" \/>\n<meta name=\"twitter:card\" content=\"summary_large_image\" \/>\n<meta name=\"twitter:label1\" content=\"Dur\u00e9e de lecture estim\u00e9e\" \/>\n\t<meta name=\"twitter:data1\" content=\"1 minute\" \/>\n<script type=\"application\/ld+json\" class=\"yoast-schema-graph\">{\"@context\":\"https:\/\/schema.org\",\"@graph\":[{\"@type\":\"WebPage\",\"@id\":\"https:\/\/gourmetto.lu\/fr\/produit\/olioseena\/\",\"url\":\"https:\/\/gourmetto.lu\/fr\/produit\/olioseena\/\",\"name\":\"Huile d'olive extra vierge \\\"Se\u00e9n\u00e0\\\" de la Riviera ligure D.O.P. - Gourmetto\",\"isPartOf\":{\"@id\":\"https:\/\/gourmetto.lu\/fr\/#website\"},\"primaryImageOfPage\":{\"@id\":\"https:\/\/gourmetto.lu\/fr\/produit\/olioseena\/#primaryimage\"},\"image\":{\"@id\":\"https:\/\/gourmetto.lu\/fr\/produit\/olioseena\/#primaryimage\"},\"thumbnailUrl\":\"https:\/\/gourmetto.lu\/wp-content\/uploads\/2025\/11\/IMG20251214162330.jpg\",\"datePublished\":\"2025-11-27T10:47:13+00:00\",\"dateModified\":\"2025-12-04T08:50:40+00:00\",\"breadcrumb\":{\"@id\":\"https:\/\/gourmetto.lu\/fr\/produit\/olioseena\/#breadcrumb\"},\"inLanguage\":\"fr-FR\",\"potentialAction\":[{\"@type\":\"ReadAction\",\"target\":[\"https:\/\/gourmetto.lu\/fr\/produit\/olioseena\/\"]}]},{\"@type\":\"ImageObject\",\"inLanguage\":\"fr-FR\",\"@id\":\"https:\/\/gourmetto.lu\/fr\/produit\/olioseena\/#primaryimage\",\"url\":\"https:\/\/gourmetto.lu\/wp-content\/uploads\/2025\/11\/IMG20251214162330.jpg\",\"contentUrl\":\"https:\/\/gourmetto.lu\/wp-content\/uploads\/2025\/11\/IMG20251214162330.jpg\",\"width\":2501,\"height\":2501,\"caption\":\"????????????\"},{\"@type\":\"BreadcrumbList\",\"@id\":\"https:\/\/gourmetto.lu\/fr\/produit\/olioseena\/#breadcrumb\",\"itemListElement\":[{\"@type\":\"ListItem\",\"position\":1,\"name\":\"Home\",\"item\":\"https:\/\/gourmetto.lu\/fr\/\"},{\"@type\":\"ListItem\",\"position\":2,\"name\":\"Boutique\",\"item\":\"https:\/\/gourmetto.lu\/shop\/\"},{\"@type\":\"ListItem\",\"position\":3,\"name\":\"Huile d&#8217;olive extra vierge &#8220;Se\u00e9n\u00e0&#8221; de la Riviera ligure D.O.P.\"}]},{\"@type\":\"WebSite\",\"@id\":\"https:\/\/gourmetto.lu\/fr\/#website\",\"url\":\"https:\/\/gourmetto.lu\/fr\/\",\"name\":\"Gourmetto\",\"description\":\"\",\"potentialAction\":[{\"@type\":\"SearchAction\",\"target\":{\"@type\":\"EntryPoint\",\"urlTemplate\":\"https:\/\/gourmetto.lu\/fr\/?s={search_term_string}\"},\"query-input\":{\"@type\":\"PropertyValueSpecification\",\"valueRequired\":true,\"valueName\":\"search_term_string\"}}],\"inLanguage\":\"fr-FR\"}]}<\/script>\n<!-- \/ Yoast SEO plugin. -->","yoast_head_json":{"title":"Huile d'olive extra vierge \"Se\u00e9n\u00e0\" de la Riviera ligure D.O.P. - Gourmetto","robots":{"index":"index","follow":"follow","max-snippet":"max-snippet:-1","max-image-preview":"max-image-preview:large","max-video-preview":"max-video-preview:-1"},"canonical":"https:\/\/gourmetto.lu\/fr\/produit\/olioseena\/","og_locale":"fr_FR","og_type":"article","og_title":"Huile d'olive extra vierge \"Se\u00e9n\u00e0\" de la Riviera ligure D.O.P. - Gourmetto","og_description":"\u00c9l\u00e9gant, d\u00e9licat et typiquement ligure. Cette huile d&rsquo;olive est un petit bijou, provenant des collines escarp\u00e9es de la c\u00f4te ligure. Produite par Sommariva, un producteur d&rsquo;huile familial historique de Savone actif depuis 1915, cette huile est fabriqu\u00e9e \u00e0 partir d&rsquo;un m\u00e9lange expert des meilleures olives locales : Taggiasca, Colombaia et Pignola, toutes cultiv\u00e9es \u00e0 tr\u00e8s [&hellip;]","og_url":"https:\/\/gourmetto.lu\/fr\/produit\/olioseena\/","og_site_name":"Gourmetto","article_modified_time":"2025-12-04T08:50:40+00:00","og_image":[{"width":2501,"height":2501,"url":"https:\/\/gourmetto.lu\/wp-content\/uploads\/2025\/11\/IMG20251214162330.jpg","type":"image\/jpeg"}],"twitter_card":"summary_large_image","twitter_misc":{"Dur\u00e9e de lecture estim\u00e9e":"1 minute"},"schema":{"@context":"https:\/\/schema.org","@graph":[{"@type":"WebPage","@id":"https:\/\/gourmetto.lu\/fr\/produit\/olioseena\/","url":"https:\/\/gourmetto.lu\/fr\/produit\/olioseena\/","name":"Huile d'olive extra vierge \"Se\u00e9n\u00e0\" de la Riviera ligure D.O.P. - Gourmetto","isPartOf":{"@id":"https:\/\/gourmetto.lu\/fr\/#website"},"primaryImageOfPage":{"@id":"https:\/\/gourmetto.lu\/fr\/produit\/olioseena\/#primaryimage"},"image":{"@id":"https:\/\/gourmetto.lu\/fr\/produit\/olioseena\/#primaryimage"},"thumbnailUrl":"https:\/\/gourmetto.lu\/wp-content\/uploads\/2025\/11\/IMG20251214162330.jpg","datePublished":"2025-11-27T10:47:13+00:00","dateModified":"2025-12-04T08:50:40+00:00","breadcrumb":{"@id":"https:\/\/gourmetto.lu\/fr\/produit\/olioseena\/#breadcrumb"},"inLanguage":"fr-FR","potentialAction":[{"@type":"ReadAction","target":["https:\/\/gourmetto.lu\/fr\/produit\/olioseena\/"]}]},{"@type":"ImageObject","inLanguage":"fr-FR","@id":"https:\/\/gourmetto.lu\/fr\/produit\/olioseena\/#primaryimage","url":"https:\/\/gourmetto.lu\/wp-content\/uploads\/2025\/11\/IMG20251214162330.jpg","contentUrl":"https:\/\/gourmetto.lu\/wp-content\/uploads\/2025\/11\/IMG20251214162330.jpg","width":2501,"height":2501,"caption":"????????????"},{"@type":"BreadcrumbList","@id":"https:\/\/gourmetto.lu\/fr\/produit\/olioseena\/#breadcrumb","itemListElement":[{"@type":"ListItem","position":1,"name":"Home","item":"https:\/\/gourmetto.lu\/fr\/"},{"@type":"ListItem","position":2,"name":"Boutique","item":"https:\/\/gourmetto.lu\/shop\/"},{"@type":"ListItem","position":3,"name":"Huile d&#8217;olive extra vierge &#8220;Se\u00e9n\u00e0&#8221; de la Riviera ligure D.O.P."}]},{"@type":"WebSite","@id":"https:\/\/gourmetto.lu\/fr\/#website","url":"https:\/\/gourmetto.lu\/fr\/","name":"Gourmetto","description":"","potentialAction":[{"@type":"SearchAction","target":{"@type":"EntryPoint","urlTemplate":"https:\/\/gourmetto.lu\/fr\/?s={search_term_string}"},"query-input":{"@type":"PropertyValueSpecification","valueRequired":true,"valueName":"search_term_string"}}],"inLanguage":"fr-FR"}]}},"jetpack_sharing_enabled":true,"_links":{"self":[{"href":"https:\/\/gourmetto.lu\/fr\/wp-json\/wp\/v2\/product\/5745","targetHints":{"allow":["GET"]}}],"collection":[{"href":"https:\/\/gourmetto.lu\/fr\/wp-json\/wp\/v2\/product"}],"about":[{"href":"https:\/\/gourmetto.lu\/fr\/wp-json\/wp\/v2\/types\/product"}],"wp:featuredmedia":[{"embeddable":true,"href":"https:\/\/gourmetto.lu\/fr\/wp-json\/wp\/v2\/media\/5873"}],"wp:attachment":[{"href":"https:\/\/gourmetto.lu\/fr\/wp-json\/wp\/v2\/media?parent=5745"}],"wp:term":[{"taxonomy":"product_brand","embeddable":true,"href":"https:\/\/gourmetto.lu\/fr\/wp-json\/wp\/v2\/product_brand?post=5745"},{"taxonomy":"product_cat","embeddable":true,"href":"https:\/\/gourmetto.lu\/fr\/wp-json\/wp\/v2\/product_cat?post=5745"},{"taxonomy":"product_tag","embeddable":true,"href":"https:\/\/gourmetto.lu\/fr\/wp-json\/wp\/v2\/product_tag?post=5745"}],"curies":[{"name":"wp","href":"https:\/\/api.w.org\/{rel}","templated":true}]}}