{"id":5757,"date":"2025-11-27T13:19:14","date_gmt":"2025-11-27T12:19:14","guid":{"rendered":"https:\/\/gourmetto.lu\/?post_type=product&#038;p=5757"},"modified":"2025-12-04T09:50:24","modified_gmt":"2025-12-04T08:50:24","slug":"bruscharrabbiata","status":"publish","type":"product","link":"https:\/\/gourmetto.lu\/fr\/produit\/bruscharrabbiata\/","title":{"rendered":"BIO* Tartinade \u00ab Bruschetta \u00bb Arrabbiata"},"content":{"rendered":"<p>Une touche \u00e9pic\u00e9e pour mettre le feu \u00e0 vos ap\u00e9ros. Une recette classique de p\u00e2tes, revisit\u00e9e sous forme d&rsquo;une tartinade savoureuse et intense, par les mains expertes de nos ma\u00eetres des l\u00e9gumes pr\u00e9f\u00e9r\u00e9s de SalemiPina.<\/p>\n<p>&nbsp;<\/p>\n<p>*BIO certif\u00e9 par Certisys: LU-BIO-06<\/p>\n","protected":false},"excerpt":{"rendered":"<p>Une touche \u00e9pic\u00e9e pour mettre le feu \u00e0 vos ap\u00e9ros. Une recette classique de p\u00e2tes, revisit\u00e9e sous forme d&rsquo;une tartinade savoureuse et intense, par les mains expertes de nos ma\u00eetres des l\u00e9gumes pr\u00e9f\u00e9r\u00e9s de SalemiPina. &nbsp; *BIO certif\u00e9 par Certisys: LU-BIO-06<\/p>\n","protected":false},"featured_media":1346,"template":"","meta":{"_acf_changed":false},"product_brand":[],"product_cat":[119,115,94,118],"product_tag":[],"class_list":{"0":"post-5757","1":"product","2":"type-product","3":"status-publish","4":"has-post-thumbnail","6":"product_cat-biologique-fr","7":"product_cat-sauces-fr","8":"product_cat-nouveaute-fr","9":"product_cat-vegetarien-fr","10":"pa_producers-salemipina-fr","12":"first","13":"instock","14":"taxable","15":"shipping-taxable","16":"purchasable","17":"product-type-simple"},"bundled_by":[],"bundle_stock_status":"instock","bundle_stock_quantity":12,"bundle_virtual":false,"bundle_layout":"","bundle_add_to_cart_form_location":"","bundle_editable_in_cart":false,"bundle_sold_individually_context":"","bundle_item_grouping":"","bundle_min_size":"","bundle_max_size":"","bundled_items":[],"bundle_sell_ids":[],"acf":[],"yoast_head":"<!-- This site is optimized with the Yoast SEO plugin v25.4 - https:\/\/yoast.com\/wordpress\/plugins\/seo\/ -->\n<title>BIO* Tartinade \u00ab Bruschetta \u00bb Arrabbiata - Gourmetto<\/title>\n<meta name=\"robots\" content=\"index, follow, max-snippet:-1, max-image-preview:large, max-video-preview:-1\" \/>\n<link rel=\"canonical\" href=\"https:\/\/gourmetto.lu\/fr\/produit\/bruscharrabbiata\/\" \/>\n<meta property=\"og:locale\" content=\"fr_FR\" \/>\n<meta property=\"og:type\" content=\"article\" \/>\n<meta property=\"og:title\" content=\"BIO* Tartinade \u00ab Bruschetta \u00bb Arrabbiata - Gourmetto\" \/>\n<meta property=\"og:description\" content=\"Une touche \u00e9pic\u00e9e pour mettre le feu \u00e0 vos ap\u00e9ros. Une recette classique de p\u00e2tes, revisit\u00e9e sous forme d&rsquo;une tartinade savoureuse et intense, par les mains expertes de nos ma\u00eetres des l\u00e9gumes pr\u00e9f\u00e9r\u00e9s de SalemiPina. &nbsp; *BIO certif\u00e9 par Certisys: LU-BIO-06\" \/>\n<meta property=\"og:url\" content=\"https:\/\/gourmetto.lu\/fr\/produit\/bruscharrabbiata\/\" \/>\n<meta property=\"og:site_name\" content=\"Gourmetto\" \/>\n<meta property=\"article:modified_time\" content=\"2025-12-04T08:50:24+00:00\" \/>\n<meta property=\"og:image\" content=\"https:\/\/gourmetto.lu\/wp-content\/uploads\/2022\/10\/DSC_1254-scaled.jpg\" \/>\n\t<meta property=\"og:image:width\" content=\"2560\" \/>\n\t<meta property=\"og:image:height\" content=\"2560\" \/>\n\t<meta property=\"og:image:type\" content=\"image\/jpeg\" \/>\n<meta name=\"twitter:card\" content=\"summary_large_image\" \/>\n<meta name=\"twitter:label1\" content=\"Dur\u00e9e de lecture estim\u00e9e\" \/>\n\t<meta name=\"twitter:data1\" content=\"1 minute\" \/>\n<script type=\"application\/ld+json\" class=\"yoast-schema-graph\">{\"@context\":\"https:\/\/schema.org\",\"@graph\":[{\"@type\":\"WebPage\",\"@id\":\"https:\/\/gourmetto.lu\/fr\/produit\/bruscharrabbiata\/\",\"url\":\"https:\/\/gourmetto.lu\/fr\/produit\/bruscharrabbiata\/\",\"name\":\"BIO* Tartinade \u00ab Bruschetta \u00bb Arrabbiata - Gourmetto\",\"isPartOf\":{\"@id\":\"https:\/\/gourmetto.lu\/fr\/#website\"},\"primaryImageOfPage\":{\"@id\":\"https:\/\/gourmetto.lu\/fr\/produit\/bruscharrabbiata\/#primaryimage\"},\"image\":{\"@id\":\"https:\/\/gourmetto.lu\/fr\/produit\/bruscharrabbiata\/#primaryimage\"},\"thumbnailUrl\":\"https:\/\/gourmetto.lu\/wp-content\/uploads\/2022\/10\/DSC_1254-scaled.jpg\",\"datePublished\":\"2025-11-27T12:19:14+00:00\",\"dateModified\":\"2025-12-04T08:50:24+00:00\",\"breadcrumb\":{\"@id\":\"https:\/\/gourmetto.lu\/fr\/produit\/bruscharrabbiata\/#breadcrumb\"},\"inLanguage\":\"fr-FR\",\"potentialAction\":[{\"@type\":\"ReadAction\",\"target\":[\"https:\/\/gourmetto.lu\/fr\/produit\/bruscharrabbiata\/\"]}]},{\"@type\":\"ImageObject\",\"inLanguage\":\"fr-FR\",\"@id\":\"https:\/\/gourmetto.lu\/fr\/produit\/bruscharrabbiata\/#primaryimage\",\"url\":\"https:\/\/gourmetto.lu\/wp-content\/uploads\/2022\/10\/DSC_1254-scaled.jpg\",\"contentUrl\":\"https:\/\/gourmetto.lu\/wp-content\/uploads\/2022\/10\/DSC_1254-scaled.jpg\",\"width\":2560,\"height\":2560},{\"@type\":\"BreadcrumbList\",\"@id\":\"https:\/\/gourmetto.lu\/fr\/produit\/bruscharrabbiata\/#breadcrumb\",\"itemListElement\":[{\"@type\":\"ListItem\",\"position\":1,\"name\":\"Home\",\"item\":\"https:\/\/gourmetto.lu\/fr\/\"},{\"@type\":\"ListItem\",\"position\":2,\"name\":\"Boutique\",\"item\":\"https:\/\/gourmetto.lu\/shop\/\"},{\"@type\":\"ListItem\",\"position\":3,\"name\":\"BIO* Tartinade \u00ab Bruschetta \u00bb Arrabbiata\"}]},{\"@type\":\"WebSite\",\"@id\":\"https:\/\/gourmetto.lu\/fr\/#website\",\"url\":\"https:\/\/gourmetto.lu\/fr\/\",\"name\":\"Gourmetto\",\"description\":\"\",\"potentialAction\":[{\"@type\":\"SearchAction\",\"target\":{\"@type\":\"EntryPoint\",\"urlTemplate\":\"https:\/\/gourmetto.lu\/fr\/?s={search_term_string}\"},\"query-input\":{\"@type\":\"PropertyValueSpecification\",\"valueRequired\":true,\"valueName\":\"search_term_string\"}}],\"inLanguage\":\"fr-FR\"}]}<\/script>\n<!-- \/ Yoast SEO plugin. -->","yoast_head_json":{"title":"BIO* Tartinade \u00ab Bruschetta \u00bb Arrabbiata - Gourmetto","robots":{"index":"index","follow":"follow","max-snippet":"max-snippet:-1","max-image-preview":"max-image-preview:large","max-video-preview":"max-video-preview:-1"},"canonical":"https:\/\/gourmetto.lu\/fr\/produit\/bruscharrabbiata\/","og_locale":"fr_FR","og_type":"article","og_title":"BIO* Tartinade \u00ab Bruschetta \u00bb Arrabbiata - Gourmetto","og_description":"Une touche \u00e9pic\u00e9e pour mettre le feu \u00e0 vos ap\u00e9ros. Une recette classique de p\u00e2tes, revisit\u00e9e sous forme d&rsquo;une tartinade savoureuse et intense, par les mains expertes de nos ma\u00eetres des l\u00e9gumes pr\u00e9f\u00e9r\u00e9s de SalemiPina. &nbsp; *BIO certif\u00e9 par Certisys: LU-BIO-06","og_url":"https:\/\/gourmetto.lu\/fr\/produit\/bruscharrabbiata\/","og_site_name":"Gourmetto","article_modified_time":"2025-12-04T08:50:24+00:00","og_image":[{"width":2560,"height":2560,"url":"https:\/\/gourmetto.lu\/wp-content\/uploads\/2022\/10\/DSC_1254-scaled.jpg","type":"image\/jpeg"}],"twitter_card":"summary_large_image","twitter_misc":{"Dur\u00e9e de lecture estim\u00e9e":"1 minute"},"schema":{"@context":"https:\/\/schema.org","@graph":[{"@type":"WebPage","@id":"https:\/\/gourmetto.lu\/fr\/produit\/bruscharrabbiata\/","url":"https:\/\/gourmetto.lu\/fr\/produit\/bruscharrabbiata\/","name":"BIO* Tartinade \u00ab Bruschetta \u00bb Arrabbiata - Gourmetto","isPartOf":{"@id":"https:\/\/gourmetto.lu\/fr\/#website"},"primaryImageOfPage":{"@id":"https:\/\/gourmetto.lu\/fr\/produit\/bruscharrabbiata\/#primaryimage"},"image":{"@id":"https:\/\/gourmetto.lu\/fr\/produit\/bruscharrabbiata\/#primaryimage"},"thumbnailUrl":"https:\/\/gourmetto.lu\/wp-content\/uploads\/2022\/10\/DSC_1254-scaled.jpg","datePublished":"2025-11-27T12:19:14+00:00","dateModified":"2025-12-04T08:50:24+00:00","breadcrumb":{"@id":"https:\/\/gourmetto.lu\/fr\/produit\/bruscharrabbiata\/#breadcrumb"},"inLanguage":"fr-FR","potentialAction":[{"@type":"ReadAction","target":["https:\/\/gourmetto.lu\/fr\/produit\/bruscharrabbiata\/"]}]},{"@type":"ImageObject","inLanguage":"fr-FR","@id":"https:\/\/gourmetto.lu\/fr\/produit\/bruscharrabbiata\/#primaryimage","url":"https:\/\/gourmetto.lu\/wp-content\/uploads\/2022\/10\/DSC_1254-scaled.jpg","contentUrl":"https:\/\/gourmetto.lu\/wp-content\/uploads\/2022\/10\/DSC_1254-scaled.jpg","width":2560,"height":2560},{"@type":"BreadcrumbList","@id":"https:\/\/gourmetto.lu\/fr\/produit\/bruscharrabbiata\/#breadcrumb","itemListElement":[{"@type":"ListItem","position":1,"name":"Home","item":"https:\/\/gourmetto.lu\/fr\/"},{"@type":"ListItem","position":2,"name":"Boutique","item":"https:\/\/gourmetto.lu\/shop\/"},{"@type":"ListItem","position":3,"name":"BIO* Tartinade \u00ab Bruschetta \u00bb Arrabbiata"}]},{"@type":"WebSite","@id":"https:\/\/gourmetto.lu\/fr\/#website","url":"https:\/\/gourmetto.lu\/fr\/","name":"Gourmetto","description":"","potentialAction":[{"@type":"SearchAction","target":{"@type":"EntryPoint","urlTemplate":"https:\/\/gourmetto.lu\/fr\/?s={search_term_string}"},"query-input":{"@type":"PropertyValueSpecification","valueRequired":true,"valueName":"search_term_string"}}],"inLanguage":"fr-FR"}]}},"jetpack_sharing_enabled":true,"_links":{"self":[{"href":"https:\/\/gourmetto.lu\/fr\/wp-json\/wp\/v2\/product\/5757","targetHints":{"allow":["GET"]}}],"collection":[{"href":"https:\/\/gourmetto.lu\/fr\/wp-json\/wp\/v2\/product"}],"about":[{"href":"https:\/\/gourmetto.lu\/fr\/wp-json\/wp\/v2\/types\/product"}],"wp:featuredmedia":[{"embeddable":true,"href":"https:\/\/gourmetto.lu\/fr\/wp-json\/wp\/v2\/media\/1346"}],"wp:attachment":[{"href":"https:\/\/gourmetto.lu\/fr\/wp-json\/wp\/v2\/media?parent=5757"}],"wp:term":[{"taxonomy":"product_brand","embeddable":true,"href":"https:\/\/gourmetto.lu\/fr\/wp-json\/wp\/v2\/product_brand?post=5757"},{"taxonomy":"product_cat","embeddable":true,"href":"https:\/\/gourmetto.lu\/fr\/wp-json\/wp\/v2\/product_cat?post=5757"},{"taxonomy":"product_tag","embeddable":true,"href":"https:\/\/gourmetto.lu\/fr\/wp-json\/wp\/v2\/product_tag?post=5757"}],"curies":[{"name":"wp","href":"https:\/\/api.w.org\/{rel}","templated":true}]}}