{"id":5760,"date":"2025-11-27T13:32:38","date_gmt":"2025-11-27T12:32:38","guid":{"rendered":"https:\/\/gourmetto.lu\/?post_type=product&#038;p=5760"},"modified":"2025-12-14T19:49:44","modified_gmt":"2025-12-14T18:49:44","slug":"combosalemi","status":"publish","type":"product","link":"https:\/\/gourmetto.lu\/fr\/produit\/combosalemi\/","title":{"rendered":"Coffret Sicilien"},"content":{"rendered":"<p>Une petite bo\u00eete de soleil sicilien.<\/p>\n<p>Cette s\u00e9lection bio soigneusement compos\u00e9e par nos amis de SalemiPina rassemble quatre produits artisanaux \u00e9labor\u00e9s \u00e0 partir d&rsquo;ingr\u00e9dients cultiv\u00e9s sur le sol riche et ensoleill\u00e9 de l&rsquo;\u00eele. Id\u00e9ale comme cadeau ou pour une rapide mise \u00e0 jour de votre garde-manger, elle met en valeur les saveurs authentiques de la cuisine traditionnelle sicilienne.<\/p>\n<p>\u00c0 l&rsquo;int\u00e9rieur, vous trouverez :<\/p>\n<p><strong>BIO* Huile d&rsquo;olive extra vierge \u00ab Filoro \u00bb<\/strong><br \/>\nPress\u00e9e \u00e0 froid et naturellement fruit\u00e9e, avec les notes fra\u00eeches et herbac\u00e9es typiques des olives siciliennes de haute qualit\u00e9, id\u00e9ale pour assaisonner vos plats ou pour \u00eatre d\u00e9gust\u00e9e sur du pain. Bouteille de 0,25 l<\/p>\n<p><strong>BIO* Sauce tomate Datterino<\/strong><br \/>\nDouce, velout\u00e9e et aromatique. Fabriqu\u00e9e exclusivement \u00e0 partir de tomates datterino m\u00fbries au soleil pour une sauce riche et naturellement \u00e9quilibr\u00e9e. Bouteille de 330 g<\/p>\n<p><strong>BIO* Pesto rouge<\/strong><br \/>\nUn pesto audacieux et savoureux \u00e0 base de tomates s\u00e9ch\u00e9es, d&rsquo;herbes et d&rsquo;huile d&rsquo;olive sicilienne. Parfait pour les plats de p\u00e2tes rapides, les bruschettas ou comme tartinade savoureuse. Pot de 190 g.<\/p>\n<p><strong>Linguine artisanales<\/strong><br \/>\nP\u00e2tes s\u00e9ch\u00e9es lentement \u00e0 partir de bl\u00e9 italien de haute qualit\u00e9, con\u00e7ues pour une cuisson al dente parfaite et une absorption id\u00e9ale de la sauce. Paquet de 500 g<\/p>\n<p>&nbsp;<\/p>\n<p>*BIO &#8211; Producteur certifi\u00e9 IT-BIO-008 &#8211; Gourmetto est certifi\u00e9 par Certisys: LU-BIO-06<\/p>\n","protected":false},"excerpt":{"rendered":"<p>Une petite bo\u00eete de soleil sicilien. Cette s\u00e9lection bio soigneusement compos\u00e9e par nos amis de SalemiPina rassemble quatre produits artisanaux \u00e9labor\u00e9s \u00e0 partir d&rsquo;ingr\u00e9dients cultiv\u00e9s sur le sol riche et ensoleill\u00e9 de l&rsquo;\u00eele. Id\u00e9ale comme cadeau ou pour une rapide mise \u00e0 jour de votre garde-manger, elle met en valeur les saveurs authentiques de la [&hellip;]<\/p>\n","protected":false},"featured_media":5905,"template":"","meta":{"_acf_changed":false},"product_brand":[],"product_cat":[110,115,94,118],"product_tag":[],"class_list":{"0":"post-5760","1":"product","2":"type-product","3":"status-publish","4":"has-post-thumbnail","6":"product_cat-assaisonnements-fr","7":"product_cat-sauces-fr","8":"product_cat-nouveaute-fr","9":"product_cat-vegetarien-fr","10":"pa_producers-salemipina-fr","12":"first","13":"instock","14":"taxable","15":"shipping-taxable","16":"purchasable","17":"product-type-simple"},"bundled_by":[],"bundle_stock_status":"instock","bundle_stock_quantity":9,"bundle_virtual":false,"bundle_layout":"","bundle_add_to_cart_form_location":"","bundle_editable_in_cart":false,"bundle_sold_individually_context":"","bundle_item_grouping":"","bundle_min_size":"","bundle_max_size":"","bundled_items":[],"bundle_sell_ids":[],"acf":[],"yoast_head":"<!-- This site is optimized with the Yoast SEO plugin v25.4 - https:\/\/yoast.com\/wordpress\/plugins\/seo\/ -->\n<title>Coffret Sicilien - Gourmetto<\/title>\n<meta name=\"robots\" content=\"index, follow, max-snippet:-1, max-image-preview:large, max-video-preview:-1\" \/>\n<link rel=\"canonical\" href=\"https:\/\/gourmetto.lu\/fr\/produit\/combosalemi\/\" \/>\n<meta property=\"og:locale\" content=\"fr_FR\" \/>\n<meta property=\"og:type\" content=\"article\" \/>\n<meta property=\"og:title\" content=\"Coffret Sicilien - Gourmetto\" \/>\n<meta property=\"og:description\" content=\"Une petite bo\u00eete de soleil sicilien. Cette s\u00e9lection bio soigneusement compos\u00e9e par nos amis de SalemiPina rassemble quatre produits artisanaux \u00e9labor\u00e9s \u00e0 partir d&rsquo;ingr\u00e9dients cultiv\u00e9s sur le sol riche et ensoleill\u00e9 de l&rsquo;\u00eele. Id\u00e9ale comme cadeau ou pour une rapide mise \u00e0 jour de votre garde-manger, elle met en valeur les saveurs authentiques de la [&hellip;]\" \/>\n<meta property=\"og:url\" content=\"https:\/\/gourmetto.lu\/fr\/produit\/combosalemi\/\" \/>\n<meta property=\"og:site_name\" content=\"Gourmetto\" \/>\n<meta property=\"article:modified_time\" content=\"2025-12-14T18:49:44+00:00\" \/>\n<meta property=\"og:image\" content=\"https:\/\/gourmetto.lu\/wp-content\/uploads\/2025\/11\/pic-4.jpg\" \/>\n\t<meta property=\"og:image:width\" content=\"604\" \/>\n\t<meta property=\"og:image:height\" content=\"604\" \/>\n\t<meta property=\"og:image:type\" content=\"image\/jpeg\" \/>\n<meta name=\"twitter:card\" content=\"summary_large_image\" \/>\n<meta name=\"twitter:label1\" content=\"Dur\u00e9e de lecture estim\u00e9e\" \/>\n\t<meta name=\"twitter:data1\" content=\"2 minutes\" \/>\n<script type=\"application\/ld+json\" class=\"yoast-schema-graph\">{\"@context\":\"https:\/\/schema.org\",\"@graph\":[{\"@type\":\"WebPage\",\"@id\":\"https:\/\/gourmetto.lu\/fr\/produit\/combosalemi\/\",\"url\":\"https:\/\/gourmetto.lu\/fr\/produit\/combosalemi\/\",\"name\":\"Coffret Sicilien - Gourmetto\",\"isPartOf\":{\"@id\":\"https:\/\/gourmetto.lu\/fr\/#website\"},\"primaryImageOfPage\":{\"@id\":\"https:\/\/gourmetto.lu\/fr\/produit\/combosalemi\/#primaryimage\"},\"image\":{\"@id\":\"https:\/\/gourmetto.lu\/fr\/produit\/combosalemi\/#primaryimage\"},\"thumbnailUrl\":\"https:\/\/gourmetto.lu\/wp-content\/uploads\/2025\/11\/IMG20251224140246.jpg\",\"datePublished\":\"2025-11-27T12:32:38+00:00\",\"dateModified\":\"2025-12-14T18:49:44+00:00\",\"breadcrumb\":{\"@id\":\"https:\/\/gourmetto.lu\/fr\/produit\/combosalemi\/#breadcrumb\"},\"inLanguage\":\"fr-FR\",\"potentialAction\":[{\"@type\":\"ReadAction\",\"target\":[\"https:\/\/gourmetto.lu\/fr\/produit\/combosalemi\/\"]}]},{\"@type\":\"ImageObject\",\"inLanguage\":\"fr-FR\",\"@id\":\"https:\/\/gourmetto.lu\/fr\/produit\/combosalemi\/#primaryimage\",\"url\":\"https:\/\/gourmetto.lu\/wp-content\/uploads\/2025\/11\/IMG20251224140246.jpg\",\"contentUrl\":\"https:\/\/gourmetto.lu\/wp-content\/uploads\/2025\/11\/IMG20251224140246.jpg\",\"width\":628,\"height\":628,\"caption\":\"????????????\"},{\"@type\":\"BreadcrumbList\",\"@id\":\"https:\/\/gourmetto.lu\/fr\/produit\/combosalemi\/#breadcrumb\",\"itemListElement\":[{\"@type\":\"ListItem\",\"position\":1,\"name\":\"Home\",\"item\":\"https:\/\/gourmetto.lu\/fr\/\"},{\"@type\":\"ListItem\",\"position\":2,\"name\":\"Boutique\",\"item\":\"https:\/\/gourmetto.lu\/shop\/\"},{\"@type\":\"ListItem\",\"position\":3,\"name\":\"Coffret Sicilien\"}]},{\"@type\":\"WebSite\",\"@id\":\"https:\/\/gourmetto.lu\/fr\/#website\",\"url\":\"https:\/\/gourmetto.lu\/fr\/\",\"name\":\"Gourmetto\",\"description\":\"\",\"potentialAction\":[{\"@type\":\"SearchAction\",\"target\":{\"@type\":\"EntryPoint\",\"urlTemplate\":\"https:\/\/gourmetto.lu\/fr\/?s={search_term_string}\"},\"query-input\":{\"@type\":\"PropertyValueSpecification\",\"valueRequired\":true,\"valueName\":\"search_term_string\"}}],\"inLanguage\":\"fr-FR\"}]}<\/script>\n<!-- \/ Yoast SEO plugin. -->","yoast_head_json":{"title":"Coffret Sicilien - Gourmetto","robots":{"index":"index","follow":"follow","max-snippet":"max-snippet:-1","max-image-preview":"max-image-preview:large","max-video-preview":"max-video-preview:-1"},"canonical":"https:\/\/gourmetto.lu\/fr\/produit\/combosalemi\/","og_locale":"fr_FR","og_type":"article","og_title":"Coffret Sicilien - Gourmetto","og_description":"Une petite bo\u00eete de soleil sicilien. Cette s\u00e9lection bio soigneusement compos\u00e9e par nos amis de SalemiPina rassemble quatre produits artisanaux \u00e9labor\u00e9s \u00e0 partir d&rsquo;ingr\u00e9dients cultiv\u00e9s sur le sol riche et ensoleill\u00e9 de l&rsquo;\u00eele. Id\u00e9ale comme cadeau ou pour une rapide mise \u00e0 jour de votre garde-manger, elle met en valeur les saveurs authentiques de la [&hellip;]","og_url":"https:\/\/gourmetto.lu\/fr\/produit\/combosalemi\/","og_site_name":"Gourmetto","article_modified_time":"2025-12-14T18:49:44+00:00","og_image":[{"width":604,"height":604,"url":"https:\/\/gourmetto.lu\/wp-content\/uploads\/2025\/11\/pic-4.jpg","type":"image\/jpeg"}],"twitter_card":"summary_large_image","twitter_misc":{"Dur\u00e9e de lecture estim\u00e9e":"2 minutes"},"schema":{"@context":"https:\/\/schema.org","@graph":[{"@type":"WebPage","@id":"https:\/\/gourmetto.lu\/fr\/produit\/combosalemi\/","url":"https:\/\/gourmetto.lu\/fr\/produit\/combosalemi\/","name":"Coffret Sicilien - Gourmetto","isPartOf":{"@id":"https:\/\/gourmetto.lu\/fr\/#website"},"primaryImageOfPage":{"@id":"https:\/\/gourmetto.lu\/fr\/produit\/combosalemi\/#primaryimage"},"image":{"@id":"https:\/\/gourmetto.lu\/fr\/produit\/combosalemi\/#primaryimage"},"thumbnailUrl":"https:\/\/gourmetto.lu\/wp-content\/uploads\/2025\/11\/IMG20251224140246.jpg","datePublished":"2025-11-27T12:32:38+00:00","dateModified":"2025-12-14T18:49:44+00:00","breadcrumb":{"@id":"https:\/\/gourmetto.lu\/fr\/produit\/combosalemi\/#breadcrumb"},"inLanguage":"fr-FR","potentialAction":[{"@type":"ReadAction","target":["https:\/\/gourmetto.lu\/fr\/produit\/combosalemi\/"]}]},{"@type":"ImageObject","inLanguage":"fr-FR","@id":"https:\/\/gourmetto.lu\/fr\/produit\/combosalemi\/#primaryimage","url":"https:\/\/gourmetto.lu\/wp-content\/uploads\/2025\/11\/IMG20251224140246.jpg","contentUrl":"https:\/\/gourmetto.lu\/wp-content\/uploads\/2025\/11\/IMG20251224140246.jpg","width":628,"height":628,"caption":"????????????"},{"@type":"BreadcrumbList","@id":"https:\/\/gourmetto.lu\/fr\/produit\/combosalemi\/#breadcrumb","itemListElement":[{"@type":"ListItem","position":1,"name":"Home","item":"https:\/\/gourmetto.lu\/fr\/"},{"@type":"ListItem","position":2,"name":"Boutique","item":"https:\/\/gourmetto.lu\/shop\/"},{"@type":"ListItem","position":3,"name":"Coffret Sicilien"}]},{"@type":"WebSite","@id":"https:\/\/gourmetto.lu\/fr\/#website","url":"https:\/\/gourmetto.lu\/fr\/","name":"Gourmetto","description":"","potentialAction":[{"@type":"SearchAction","target":{"@type":"EntryPoint","urlTemplate":"https:\/\/gourmetto.lu\/fr\/?s={search_term_string}"},"query-input":{"@type":"PropertyValueSpecification","valueRequired":true,"valueName":"search_term_string"}}],"inLanguage":"fr-FR"}]}},"jetpack_sharing_enabled":true,"_links":{"self":[{"href":"https:\/\/gourmetto.lu\/fr\/wp-json\/wp\/v2\/product\/5760","targetHints":{"allow":["GET"]}}],"collection":[{"href":"https:\/\/gourmetto.lu\/fr\/wp-json\/wp\/v2\/product"}],"about":[{"href":"https:\/\/gourmetto.lu\/fr\/wp-json\/wp\/v2\/types\/product"}],"wp:featuredmedia":[{"embeddable":true,"href":"https:\/\/gourmetto.lu\/fr\/wp-json\/wp\/v2\/media\/5905"}],"wp:attachment":[{"href":"https:\/\/gourmetto.lu\/fr\/wp-json\/wp\/v2\/media?parent=5760"}],"wp:term":[{"taxonomy":"product_brand","embeddable":true,"href":"https:\/\/gourmetto.lu\/fr\/wp-json\/wp\/v2\/product_brand?post=5760"},{"taxonomy":"product_cat","embeddable":true,"href":"https:\/\/gourmetto.lu\/fr\/wp-json\/wp\/v2\/product_cat?post=5760"},{"taxonomy":"product_tag","embeddable":true,"href":"https:\/\/gourmetto.lu\/fr\/wp-json\/wp\/v2\/product_tag?post=5760"}],"curies":[{"name":"wp","href":"https:\/\/api.w.org\/{rel}","templated":true}]}}