{"id":5767,"date":"2025-11-27T14:08:04","date_gmt":"2025-11-27T13:08:04","guid":{"rendered":"https:\/\/gourmetto.lu\/?post_type=product&#038;p=5767"},"modified":"2026-02-16T22:27:08","modified_gmt":"2026-02-16T21:27:08","slug":"taggiaschesalamoia","status":"publish","type":"product","link":"https:\/\/gourmetto.lu\/fr\/produit\/taggiaschesalamoia\/","title":{"rendered":"BIO* Olives Taggiasca de Ligurie en saumure"},"content":{"rendered":"<p>Petites, d\u00e9licates et pleines de caract\u00e8re, les olives Taggiasca sont l&rsquo;un des tr\u00e9sors les plus appr\u00e9ci\u00e9s de la Ligurie. Ces olives sont soigneusement s\u00e9lectionn\u00e9es et conserv\u00e9es dans une saumure l\u00e9g\u00e8re qui rehausse leur saveur naturellement fruit\u00e9e et l\u00e9g\u00e8rement noiset\u00e9e, sans dominer leur douce douceur.<\/p>\n","protected":false},"excerpt":{"rendered":"<p>Petites, d\u00e9licates et pleines de caract\u00e8re, les olives Taggiasca sont l&rsquo;un des tr\u00e9sors les plus appr\u00e9ci\u00e9s de la Ligurie. Ces olives sont soigneusement s\u00e9lectionn\u00e9es et conserv\u00e9es dans une saumure l\u00e9g\u00e8re qui rehausse leur saveur naturellement fruit\u00e9e et l\u00e9g\u00e8rement noiset\u00e9e, sans dominer leur douce douceur.<\/p>\n","protected":false},"featured_media":5861,"template":"","meta":{"_acf_changed":false},"product_brand":[],"product_cat":[119,115,94],"product_tag":[],"class_list":{"0":"post-5767","1":"product","2":"type-product","3":"status-publish","4":"has-post-thumbnail","6":"product_cat-biologique-fr","7":"product_cat-sauces-fr","8":"product_cat-nouveaute-fr","9":"pa_producers-sommariva-1915-fr","11":"first","12":"instock","13":"taxable","14":"shipping-taxable","15":"purchasable","16":"product-type-simple"},"bundled_by":[],"bundle_stock_status":"instock","bundle_stock_quantity":11,"bundle_virtual":false,"bundle_layout":"","bundle_add_to_cart_form_location":"","bundle_editable_in_cart":false,"bundle_sold_individually_context":"","bundle_item_grouping":"","bundle_min_size":"","bundle_max_size":"","bundled_items":[],"bundle_sell_ids":[],"acf":[],"yoast_head":"<!-- This site is optimized with the Yoast SEO plugin v25.4 - https:\/\/yoast.com\/wordpress\/plugins\/seo\/ -->\n<title>BIO* Olives Taggiasca de Ligurie en saumure - Gourmetto<\/title>\n<meta name=\"robots\" content=\"index, follow, max-snippet:-1, max-image-preview:large, max-video-preview:-1\" \/>\n<link rel=\"canonical\" href=\"https:\/\/gourmetto.lu\/fr\/produit\/taggiaschesalamoia\/\" \/>\n<meta property=\"og:locale\" content=\"fr_FR\" \/>\n<meta property=\"og:type\" content=\"article\" \/>\n<meta property=\"og:title\" content=\"BIO* Olives Taggiasca de Ligurie en saumure - Gourmetto\" \/>\n<meta property=\"og:description\" content=\"Petites, d\u00e9licates et pleines de caract\u00e8re, les olives Taggiasca sont l&rsquo;un des tr\u00e9sors les plus appr\u00e9ci\u00e9s de la Ligurie. Ces olives sont soigneusement s\u00e9lectionn\u00e9es et conserv\u00e9es dans une saumure l\u00e9g\u00e8re qui rehausse leur saveur naturellement fruit\u00e9e et l\u00e9g\u00e8rement noiset\u00e9e, sans dominer leur douce douceur.\" \/>\n<meta property=\"og:url\" content=\"https:\/\/gourmetto.lu\/fr\/produit\/taggiaschesalamoia\/\" \/>\n<meta property=\"og:site_name\" content=\"Gourmetto\" \/>\n<meta property=\"article:modified_time\" content=\"2026-02-16T21:27:08+00:00\" \/>\n<meta property=\"og:image\" content=\"https:\/\/gourmetto.lu\/wp-content\/uploads\/2025\/11\/IMG20251214162238.jpg\" \/>\n\t<meta property=\"og:image:width\" content=\"1602\" \/>\n\t<meta property=\"og:image:height\" content=\"1602\" \/>\n\t<meta property=\"og:image:type\" content=\"image\/jpeg\" \/>\n<meta name=\"twitter:card\" content=\"summary_large_image\" \/>\n<meta name=\"twitter:label1\" content=\"Dur\u00e9e de lecture estim\u00e9e\" \/>\n\t<meta name=\"twitter:data1\" content=\"1 minute\" \/>\n<script type=\"application\/ld+json\" class=\"yoast-schema-graph\">{\"@context\":\"https:\/\/schema.org\",\"@graph\":[{\"@type\":\"WebPage\",\"@id\":\"https:\/\/gourmetto.lu\/fr\/produit\/taggiaschesalamoia\/\",\"url\":\"https:\/\/gourmetto.lu\/fr\/produit\/taggiaschesalamoia\/\",\"name\":\"BIO* Olives Taggiasca de Ligurie en saumure - Gourmetto\",\"isPartOf\":{\"@id\":\"https:\/\/gourmetto.lu\/fr\/#website\"},\"primaryImageOfPage\":{\"@id\":\"https:\/\/gourmetto.lu\/fr\/produit\/taggiaschesalamoia\/#primaryimage\"},\"image\":{\"@id\":\"https:\/\/gourmetto.lu\/fr\/produit\/taggiaschesalamoia\/#primaryimage\"},\"thumbnailUrl\":\"https:\/\/gourmetto.lu\/wp-content\/uploads\/2025\/11\/IMG20251214162238.jpg\",\"datePublished\":\"2025-11-27T13:08:04+00:00\",\"dateModified\":\"2026-02-16T21:27:08+00:00\",\"breadcrumb\":{\"@id\":\"https:\/\/gourmetto.lu\/fr\/produit\/taggiaschesalamoia\/#breadcrumb\"},\"inLanguage\":\"fr-FR\",\"potentialAction\":[{\"@type\":\"ReadAction\",\"target\":[\"https:\/\/gourmetto.lu\/fr\/produit\/taggiaschesalamoia\/\"]}]},{\"@type\":\"ImageObject\",\"inLanguage\":\"fr-FR\",\"@id\":\"https:\/\/gourmetto.lu\/fr\/produit\/taggiaschesalamoia\/#primaryimage\",\"url\":\"https:\/\/gourmetto.lu\/wp-content\/uploads\/2025\/11\/IMG20251214162238.jpg\",\"contentUrl\":\"https:\/\/gourmetto.lu\/wp-content\/uploads\/2025\/11\/IMG20251214162238.jpg\",\"width\":1602,\"height\":1602,\"caption\":\"????????\"},{\"@type\":\"BreadcrumbList\",\"@id\":\"https:\/\/gourmetto.lu\/fr\/produit\/taggiaschesalamoia\/#breadcrumb\",\"itemListElement\":[{\"@type\":\"ListItem\",\"position\":1,\"name\":\"Home\",\"item\":\"https:\/\/gourmetto.lu\/fr\/\"},{\"@type\":\"ListItem\",\"position\":2,\"name\":\"Boutique\",\"item\":\"https:\/\/gourmetto.lu\/shop\/\"},{\"@type\":\"ListItem\",\"position\":3,\"name\":\"BIO* Olives Taggiasca de Ligurie en saumure\"}]},{\"@type\":\"WebSite\",\"@id\":\"https:\/\/gourmetto.lu\/fr\/#website\",\"url\":\"https:\/\/gourmetto.lu\/fr\/\",\"name\":\"Gourmetto\",\"description\":\"\",\"potentialAction\":[{\"@type\":\"SearchAction\",\"target\":{\"@type\":\"EntryPoint\",\"urlTemplate\":\"https:\/\/gourmetto.lu\/fr\/?s={search_term_string}\"},\"query-input\":{\"@type\":\"PropertyValueSpecification\",\"valueRequired\":true,\"valueName\":\"search_term_string\"}}],\"inLanguage\":\"fr-FR\"}]}<\/script>\n<!-- \/ Yoast SEO plugin. -->","yoast_head_json":{"title":"BIO* Olives Taggiasca de Ligurie en saumure - Gourmetto","robots":{"index":"index","follow":"follow","max-snippet":"max-snippet:-1","max-image-preview":"max-image-preview:large","max-video-preview":"max-video-preview:-1"},"canonical":"https:\/\/gourmetto.lu\/fr\/produit\/taggiaschesalamoia\/","og_locale":"fr_FR","og_type":"article","og_title":"BIO* Olives Taggiasca de Ligurie en saumure - Gourmetto","og_description":"Petites, d\u00e9licates et pleines de caract\u00e8re, les olives Taggiasca sont l&rsquo;un des tr\u00e9sors les plus appr\u00e9ci\u00e9s de la Ligurie. Ces olives sont soigneusement s\u00e9lectionn\u00e9es et conserv\u00e9es dans une saumure l\u00e9g\u00e8re qui rehausse leur saveur naturellement fruit\u00e9e et l\u00e9g\u00e8rement noiset\u00e9e, sans dominer leur douce douceur.","og_url":"https:\/\/gourmetto.lu\/fr\/produit\/taggiaschesalamoia\/","og_site_name":"Gourmetto","article_modified_time":"2026-02-16T21:27:08+00:00","og_image":[{"width":1602,"height":1602,"url":"https:\/\/gourmetto.lu\/wp-content\/uploads\/2025\/11\/IMG20251214162238.jpg","type":"image\/jpeg"}],"twitter_card":"summary_large_image","twitter_misc":{"Dur\u00e9e de lecture estim\u00e9e":"1 minute"},"schema":{"@context":"https:\/\/schema.org","@graph":[{"@type":"WebPage","@id":"https:\/\/gourmetto.lu\/fr\/produit\/taggiaschesalamoia\/","url":"https:\/\/gourmetto.lu\/fr\/produit\/taggiaschesalamoia\/","name":"BIO* Olives Taggiasca de Ligurie en saumure - Gourmetto","isPartOf":{"@id":"https:\/\/gourmetto.lu\/fr\/#website"},"primaryImageOfPage":{"@id":"https:\/\/gourmetto.lu\/fr\/produit\/taggiaschesalamoia\/#primaryimage"},"image":{"@id":"https:\/\/gourmetto.lu\/fr\/produit\/taggiaschesalamoia\/#primaryimage"},"thumbnailUrl":"https:\/\/gourmetto.lu\/wp-content\/uploads\/2025\/11\/IMG20251214162238.jpg","datePublished":"2025-11-27T13:08:04+00:00","dateModified":"2026-02-16T21:27:08+00:00","breadcrumb":{"@id":"https:\/\/gourmetto.lu\/fr\/produit\/taggiaschesalamoia\/#breadcrumb"},"inLanguage":"fr-FR","potentialAction":[{"@type":"ReadAction","target":["https:\/\/gourmetto.lu\/fr\/produit\/taggiaschesalamoia\/"]}]},{"@type":"ImageObject","inLanguage":"fr-FR","@id":"https:\/\/gourmetto.lu\/fr\/produit\/taggiaschesalamoia\/#primaryimage","url":"https:\/\/gourmetto.lu\/wp-content\/uploads\/2025\/11\/IMG20251214162238.jpg","contentUrl":"https:\/\/gourmetto.lu\/wp-content\/uploads\/2025\/11\/IMG20251214162238.jpg","width":1602,"height":1602,"caption":"????????"},{"@type":"BreadcrumbList","@id":"https:\/\/gourmetto.lu\/fr\/produit\/taggiaschesalamoia\/#breadcrumb","itemListElement":[{"@type":"ListItem","position":1,"name":"Home","item":"https:\/\/gourmetto.lu\/fr\/"},{"@type":"ListItem","position":2,"name":"Boutique","item":"https:\/\/gourmetto.lu\/shop\/"},{"@type":"ListItem","position":3,"name":"BIO* Olives Taggiasca de Ligurie en saumure"}]},{"@type":"WebSite","@id":"https:\/\/gourmetto.lu\/fr\/#website","url":"https:\/\/gourmetto.lu\/fr\/","name":"Gourmetto","description":"","potentialAction":[{"@type":"SearchAction","target":{"@type":"EntryPoint","urlTemplate":"https:\/\/gourmetto.lu\/fr\/?s={search_term_string}"},"query-input":{"@type":"PropertyValueSpecification","valueRequired":true,"valueName":"search_term_string"}}],"inLanguage":"fr-FR"}]}},"jetpack_sharing_enabled":true,"_links":{"self":[{"href":"https:\/\/gourmetto.lu\/fr\/wp-json\/wp\/v2\/product\/5767","targetHints":{"allow":["GET"]}}],"collection":[{"href":"https:\/\/gourmetto.lu\/fr\/wp-json\/wp\/v2\/product"}],"about":[{"href":"https:\/\/gourmetto.lu\/fr\/wp-json\/wp\/v2\/types\/product"}],"wp:featuredmedia":[{"embeddable":true,"href":"https:\/\/gourmetto.lu\/fr\/wp-json\/wp\/v2\/media\/5861"}],"wp:attachment":[{"href":"https:\/\/gourmetto.lu\/fr\/wp-json\/wp\/v2\/media?parent=5767"}],"wp:term":[{"taxonomy":"product_brand","embeddable":true,"href":"https:\/\/gourmetto.lu\/fr\/wp-json\/wp\/v2\/product_brand?post=5767"},{"taxonomy":"product_cat","embeddable":true,"href":"https:\/\/gourmetto.lu\/fr\/wp-json\/wp\/v2\/product_cat?post=5767"},{"taxonomy":"product_tag","embeddable":true,"href":"https:\/\/gourmetto.lu\/fr\/wp-json\/wp\/v2\/product_tag?post=5767"}],"curies":[{"name":"wp","href":"https:\/\/api.w.org\/{rel}","templated":true}]}}