{"id":5773,"date":"2025-11-27T14:41:47","date_gmt":"2025-11-27T13:41:47","guid":{"rendered":"https:\/\/gourmetto.lu\/?post_type=product&#038;p=5773"},"modified":"2026-03-28T11:35:23","modified_gmt":"2026-03-28T10:35:23","slug":"pesotgenbio","status":"publish","type":"product","link":"https:\/\/gourmetto.lu\/fr\/produit\/pesotgenbio\/","title":{"rendered":"BIO* Pesto G\u00e9nois traditionel AOP"},"content":{"rendered":"<p>Ce pesto est fabriqu\u00e9 exclusivement avec le Basilico Genovese AOP, un basilic de tr\u00e8s haute qualit\u00e9 originels de la c\u00f4te ligure. Un produit classique et c\u00e9l\u00e8bre r\u00e9alis\u00e9e selon la recette traditionnelle g\u00e9noise, l&rsquo;ar\u00f4me doux et d\u00e9licat du basilic est m\u00e9lang\u00e9 \u00e0 de l&rsquo;huile d&rsquo;olive extra vierge, des pignons de pin, du Parmigiano Reggiano et une touche d&rsquo;ail pour cr\u00e9er une sauce onctueuse et vibrante pleine de caract\u00e8re m\u00e9diterran\u00e9en.<\/p>\n<p>Ce pesto apporte le vrai go\u00fbt de la Ligurie dans votre cuisine en quelques secondes. Pas de raccourcis, pas de compromis, juste une recette authentique \u00e9labor\u00e9e comme elle l&rsquo;est depuis des g\u00e9n\u00e9rations.<\/p>\n","protected":false},"excerpt":{"rendered":"<p>Ce pesto est fabriqu\u00e9 exclusivement avec le Basilico Genovese AOP, un basilic de tr\u00e8s haute qualit\u00e9 originels de la c\u00f4te ligure. Un produit classique et c\u00e9l\u00e8bre r\u00e9alis\u00e9e selon la recette traditionnelle g\u00e9noise, l&rsquo;ar\u00f4me doux et d\u00e9licat du basilic est m\u00e9lang\u00e9 \u00e0 de l&rsquo;huile d&rsquo;olive extra vierge, des pignons de pin, du Parmigiano Reggiano et une [&hellip;]<\/p>\n","protected":false},"featured_media":5870,"template":"","meta":{"_acf_changed":false},"product_brand":[],"product_cat":[119,94,108,164],"product_tag":[],"class_list":{"0":"post-5773","1":"product","2":"type-product","3":"status-publish","4":"has-post-thumbnail","6":"product_cat-biologique-fr","7":"product_cat-nouveaute-fr","8":"product_cat-sans-gluten-fr","9":"product_cat-pastasauce-fr","10":"pa_producers-sommariva-1915-fr","12":"first","13":"instock","14":"taxable","15":"shipping-taxable","16":"purchasable","17":"product-type-simple"},"bundled_by":[],"bundle_stock_status":"instock","bundle_stock_quantity":7,"bundle_virtual":false,"bundle_layout":"","bundle_add_to_cart_form_location":"","bundle_editable_in_cart":false,"bundle_sold_individually_context":"","bundle_item_grouping":"","bundle_min_size":"","bundle_max_size":"","bundled_items":[],"bundle_sell_ids":[],"acf":[],"yoast_head":"<!-- This site is optimized with the Yoast SEO plugin v25.4 - https:\/\/yoast.com\/wordpress\/plugins\/seo\/ -->\n<title>BIO* Pesto G\u00e9nois traditionel AOP - Gourmetto<\/title>\n<meta name=\"robots\" content=\"index, follow, max-snippet:-1, max-image-preview:large, max-video-preview:-1\" \/>\n<link rel=\"canonical\" href=\"https:\/\/gourmetto.lu\/fr\/produit\/pesotgenbio\/\" \/>\n<meta property=\"og:locale\" content=\"fr_FR\" \/>\n<meta property=\"og:type\" content=\"article\" \/>\n<meta property=\"og:title\" content=\"BIO* Pesto G\u00e9nois traditionel AOP - Gourmetto\" \/>\n<meta property=\"og:description\" content=\"Ce pesto est fabriqu\u00e9 exclusivement avec le Basilico Genovese AOP, un basilic de tr\u00e8s haute qualit\u00e9 originels de la c\u00f4te ligure. Un produit classique et c\u00e9l\u00e8bre r\u00e9alis\u00e9e selon la recette traditionnelle g\u00e9noise, l&rsquo;ar\u00f4me doux et d\u00e9licat du basilic est m\u00e9lang\u00e9 \u00e0 de l&rsquo;huile d&rsquo;olive extra vierge, des pignons de pin, du Parmigiano Reggiano et une [&hellip;]\" \/>\n<meta property=\"og:url\" content=\"https:\/\/gourmetto.lu\/fr\/produit\/pesotgenbio\/\" \/>\n<meta property=\"og:site_name\" content=\"Gourmetto\" \/>\n<meta property=\"article:modified_time\" content=\"2026-03-28T10:35:23+00:00\" \/>\n<meta property=\"og:image\" content=\"https:\/\/gourmetto.lu\/wp-content\/uploads\/2025\/11\/IMG20251214162319.jpg\" \/>\n\t<meta property=\"og:image:width\" content=\"1573\" \/>\n\t<meta property=\"og:image:height\" content=\"1573\" \/>\n\t<meta property=\"og:image:type\" content=\"image\/jpeg\" \/>\n<meta name=\"twitter:card\" content=\"summary_large_image\" \/>\n<meta name=\"twitter:label1\" content=\"Dur\u00e9e de lecture estim\u00e9e\" \/>\n\t<meta name=\"twitter:data1\" content=\"1 minute\" \/>\n<script type=\"application\/ld+json\" class=\"yoast-schema-graph\">{\"@context\":\"https:\/\/schema.org\",\"@graph\":[{\"@type\":\"WebPage\",\"@id\":\"https:\/\/gourmetto.lu\/fr\/produit\/pesotgenbio\/\",\"url\":\"https:\/\/gourmetto.lu\/fr\/produit\/pesotgenbio\/\",\"name\":\"BIO* Pesto G\u00e9nois traditionel AOP - Gourmetto\",\"isPartOf\":{\"@id\":\"https:\/\/gourmetto.lu\/fr\/#website\"},\"primaryImageOfPage\":{\"@id\":\"https:\/\/gourmetto.lu\/fr\/produit\/pesotgenbio\/#primaryimage\"},\"image\":{\"@id\":\"https:\/\/gourmetto.lu\/fr\/produit\/pesotgenbio\/#primaryimage\"},\"thumbnailUrl\":\"https:\/\/gourmetto.lu\/wp-content\/uploads\/2025\/11\/IMG20251214162319.jpg\",\"datePublished\":\"2025-11-27T13:41:47+00:00\",\"dateModified\":\"2026-03-28T10:35:23+00:00\",\"breadcrumb\":{\"@id\":\"https:\/\/gourmetto.lu\/fr\/produit\/pesotgenbio\/#breadcrumb\"},\"inLanguage\":\"fr-FR\",\"potentialAction\":[{\"@type\":\"ReadAction\",\"target\":[\"https:\/\/gourmetto.lu\/fr\/produit\/pesotgenbio\/\"]}]},{\"@type\":\"ImageObject\",\"inLanguage\":\"fr-FR\",\"@id\":\"https:\/\/gourmetto.lu\/fr\/produit\/pesotgenbio\/#primaryimage\",\"url\":\"https:\/\/gourmetto.lu\/wp-content\/uploads\/2025\/11\/IMG20251214162319.jpg\",\"contentUrl\":\"https:\/\/gourmetto.lu\/wp-content\/uploads\/2025\/11\/IMG20251214162319.jpg\",\"width\":1573,\"height\":1573,\"caption\":\"????????????\"},{\"@type\":\"BreadcrumbList\",\"@id\":\"https:\/\/gourmetto.lu\/fr\/produit\/pesotgenbio\/#breadcrumb\",\"itemListElement\":[{\"@type\":\"ListItem\",\"position\":1,\"name\":\"Home\",\"item\":\"https:\/\/gourmetto.lu\/fr\/\"},{\"@type\":\"ListItem\",\"position\":2,\"name\":\"Boutique\",\"item\":\"https:\/\/gourmetto.lu\/shop\/\"},{\"@type\":\"ListItem\",\"position\":3,\"name\":\"BIO* Pesto G\u00e9nois traditionel AOP\"}]},{\"@type\":\"WebSite\",\"@id\":\"https:\/\/gourmetto.lu\/fr\/#website\",\"url\":\"https:\/\/gourmetto.lu\/fr\/\",\"name\":\"Gourmetto\",\"description\":\"\",\"potentialAction\":[{\"@type\":\"SearchAction\",\"target\":{\"@type\":\"EntryPoint\",\"urlTemplate\":\"https:\/\/gourmetto.lu\/fr\/?s={search_term_string}\"},\"query-input\":{\"@type\":\"PropertyValueSpecification\",\"valueRequired\":true,\"valueName\":\"search_term_string\"}}],\"inLanguage\":\"fr-FR\"}]}<\/script>\n<!-- \/ Yoast SEO plugin. -->","yoast_head_json":{"title":"BIO* Pesto G\u00e9nois traditionel AOP - Gourmetto","robots":{"index":"index","follow":"follow","max-snippet":"max-snippet:-1","max-image-preview":"max-image-preview:large","max-video-preview":"max-video-preview:-1"},"canonical":"https:\/\/gourmetto.lu\/fr\/produit\/pesotgenbio\/","og_locale":"fr_FR","og_type":"article","og_title":"BIO* Pesto G\u00e9nois traditionel AOP - Gourmetto","og_description":"Ce pesto est fabriqu\u00e9 exclusivement avec le Basilico Genovese AOP, un basilic de tr\u00e8s haute qualit\u00e9 originels de la c\u00f4te ligure. Un produit classique et c\u00e9l\u00e8bre r\u00e9alis\u00e9e selon la recette traditionnelle g\u00e9noise, l&rsquo;ar\u00f4me doux et d\u00e9licat du basilic est m\u00e9lang\u00e9 \u00e0 de l&rsquo;huile d&rsquo;olive extra vierge, des pignons de pin, du Parmigiano Reggiano et une [&hellip;]","og_url":"https:\/\/gourmetto.lu\/fr\/produit\/pesotgenbio\/","og_site_name":"Gourmetto","article_modified_time":"2026-03-28T10:35:23+00:00","og_image":[{"width":1573,"height":1573,"url":"https:\/\/gourmetto.lu\/wp-content\/uploads\/2025\/11\/IMG20251214162319.jpg","type":"image\/jpeg"}],"twitter_card":"summary_large_image","twitter_misc":{"Dur\u00e9e de lecture estim\u00e9e":"1 minute"},"schema":{"@context":"https:\/\/schema.org","@graph":[{"@type":"WebPage","@id":"https:\/\/gourmetto.lu\/fr\/produit\/pesotgenbio\/","url":"https:\/\/gourmetto.lu\/fr\/produit\/pesotgenbio\/","name":"BIO* Pesto G\u00e9nois traditionel AOP - Gourmetto","isPartOf":{"@id":"https:\/\/gourmetto.lu\/fr\/#website"},"primaryImageOfPage":{"@id":"https:\/\/gourmetto.lu\/fr\/produit\/pesotgenbio\/#primaryimage"},"image":{"@id":"https:\/\/gourmetto.lu\/fr\/produit\/pesotgenbio\/#primaryimage"},"thumbnailUrl":"https:\/\/gourmetto.lu\/wp-content\/uploads\/2025\/11\/IMG20251214162319.jpg","datePublished":"2025-11-27T13:41:47+00:00","dateModified":"2026-03-28T10:35:23+00:00","breadcrumb":{"@id":"https:\/\/gourmetto.lu\/fr\/produit\/pesotgenbio\/#breadcrumb"},"inLanguage":"fr-FR","potentialAction":[{"@type":"ReadAction","target":["https:\/\/gourmetto.lu\/fr\/produit\/pesotgenbio\/"]}]},{"@type":"ImageObject","inLanguage":"fr-FR","@id":"https:\/\/gourmetto.lu\/fr\/produit\/pesotgenbio\/#primaryimage","url":"https:\/\/gourmetto.lu\/wp-content\/uploads\/2025\/11\/IMG20251214162319.jpg","contentUrl":"https:\/\/gourmetto.lu\/wp-content\/uploads\/2025\/11\/IMG20251214162319.jpg","width":1573,"height":1573,"caption":"????????????"},{"@type":"BreadcrumbList","@id":"https:\/\/gourmetto.lu\/fr\/produit\/pesotgenbio\/#breadcrumb","itemListElement":[{"@type":"ListItem","position":1,"name":"Home","item":"https:\/\/gourmetto.lu\/fr\/"},{"@type":"ListItem","position":2,"name":"Boutique","item":"https:\/\/gourmetto.lu\/shop\/"},{"@type":"ListItem","position":3,"name":"BIO* Pesto G\u00e9nois traditionel AOP"}]},{"@type":"WebSite","@id":"https:\/\/gourmetto.lu\/fr\/#website","url":"https:\/\/gourmetto.lu\/fr\/","name":"Gourmetto","description":"","potentialAction":[{"@type":"SearchAction","target":{"@type":"EntryPoint","urlTemplate":"https:\/\/gourmetto.lu\/fr\/?s={search_term_string}"},"query-input":{"@type":"PropertyValueSpecification","valueRequired":true,"valueName":"search_term_string"}}],"inLanguage":"fr-FR"}]}},"jetpack_sharing_enabled":true,"_links":{"self":[{"href":"https:\/\/gourmetto.lu\/fr\/wp-json\/wp\/v2\/product\/5773","targetHints":{"allow":["GET"]}}],"collection":[{"href":"https:\/\/gourmetto.lu\/fr\/wp-json\/wp\/v2\/product"}],"about":[{"href":"https:\/\/gourmetto.lu\/fr\/wp-json\/wp\/v2\/types\/product"}],"wp:featuredmedia":[{"embeddable":true,"href":"https:\/\/gourmetto.lu\/fr\/wp-json\/wp\/v2\/media\/5870"}],"wp:attachment":[{"href":"https:\/\/gourmetto.lu\/fr\/wp-json\/wp\/v2\/media?parent=5773"}],"wp:term":[{"taxonomy":"product_brand","embeddable":true,"href":"https:\/\/gourmetto.lu\/fr\/wp-json\/wp\/v2\/product_brand?post=5773"},{"taxonomy":"product_cat","embeddable":true,"href":"https:\/\/gourmetto.lu\/fr\/wp-json\/wp\/v2\/product_cat?post=5773"},{"taxonomy":"product_tag","embeddable":true,"href":"https:\/\/gourmetto.lu\/fr\/wp-json\/wp\/v2\/product_tag?post=5773"}],"curies":[{"name":"wp","href":"https:\/\/api.w.org\/{rel}","templated":true}]}}