{"id":5780,"date":"2025-11-27T14:58:10","date_gmt":"2025-11-27T13:58:10","guid":{"rendered":"https:\/\/gourmetto.lu\/?post_type=product&#038;p=5780"},"modified":"2025-12-04T09:49:48","modified_gmt":"2025-12-04T08:49:48","slug":"salsanoci","status":"publish","type":"product","link":"https:\/\/gourmetto.lu\/fr\/produit\/salsanoci\/","title":{"rendered":"BIO* Sauce aux noix de Ligurie"},"content":{"rendered":"<p>Une recette un peu moins connue, un v\u00e9ritable tr\u00e9sor cach\u00e9. Cette sauce aux noix traditionnelle de Ligurie <em data-start=\"269\" data-end=\"284\">(salsa di noci<\/em>) est un \u00e9l\u00e9ment essentiel de la cuisine g\u00e9noise. Compos\u00e9e de noix, d&rsquo;huile d&rsquo;olive extra vierge, de Parmigiano Reggiano et d&rsquo;une pointe de noix de muscade, elle offre une texture douce et velout\u00e9e et une saveur naturellement riche e noisett\u00e9.<\/p>\n<p data-start=\"521\" data-end=\"763\">Pr\u00eat \u00e0 l&#8217;emploi et plein de go\u00fbt authentique, il apporte un morceau de la tradition ligure directement sur votre table.<\/p>\n","protected":false},"excerpt":{"rendered":"<p>Une recette un peu moins connue, un v\u00e9ritable tr\u00e9sor cach\u00e9. Cette sauce aux noix traditionnelle de Ligurie (salsa di noci) est un \u00e9l\u00e9ment essentiel de la cuisine g\u00e9noise. Compos\u00e9e de noix, d&rsquo;huile d&rsquo;olive extra vierge, de Parmigiano Reggiano et d&rsquo;une pointe de noix de muscade, elle offre une texture douce et velout\u00e9e et une saveur [&hellip;]<\/p>\n","protected":false},"featured_media":5867,"template":"","meta":{"_acf_changed":false},"product_brand":[],"product_cat":[119,94,108,164],"product_tag":[],"class_list":{"0":"post-5780","1":"product","2":"type-product","3":"status-publish","4":"has-post-thumbnail","6":"product_cat-biologique-fr","7":"product_cat-nouveaute-fr","8":"product_cat-sans-gluten-fr","9":"product_cat-pastasauce-fr","10":"pa_producers-sommariva-1915-fr","12":"first","13":"instock","14":"taxable","15":"shipping-taxable","16":"purchasable","17":"product-type-simple"},"bundled_by":[],"bundle_stock_status":"instock","bundle_stock_quantity":26,"bundle_virtual":false,"bundle_layout":"","bundle_add_to_cart_form_location":"","bundle_editable_in_cart":false,"bundle_sold_individually_context":"","bundle_item_grouping":"","bundle_min_size":"","bundle_max_size":"","bundled_items":[],"bundle_sell_ids":[],"acf":[],"yoast_head":"<!-- This site is optimized with the Yoast SEO plugin v25.4 - https:\/\/yoast.com\/wordpress\/plugins\/seo\/ -->\n<title>BIO* Sauce aux noix de Ligurie - Gourmetto<\/title>\n<meta name=\"robots\" content=\"index, follow, max-snippet:-1, max-image-preview:large, max-video-preview:-1\" \/>\n<link rel=\"canonical\" href=\"https:\/\/gourmetto.lu\/fr\/produit\/salsanoci\/\" \/>\n<meta property=\"og:locale\" content=\"fr_FR\" \/>\n<meta property=\"og:type\" content=\"article\" \/>\n<meta property=\"og:title\" content=\"BIO* Sauce aux noix de Ligurie - Gourmetto\" \/>\n<meta property=\"og:description\" content=\"Une recette un peu moins connue, un v\u00e9ritable tr\u00e9sor cach\u00e9. Cette sauce aux noix traditionnelle de Ligurie (salsa di noci) est un \u00e9l\u00e9ment essentiel de la cuisine g\u00e9noise. Compos\u00e9e de noix, d&rsquo;huile d&rsquo;olive extra vierge, de Parmigiano Reggiano et d&rsquo;une pointe de noix de muscade, elle offre une texture douce et velout\u00e9e et une saveur [&hellip;]\" \/>\n<meta property=\"og:url\" content=\"https:\/\/gourmetto.lu\/fr\/produit\/salsanoci\/\" \/>\n<meta property=\"og:site_name\" content=\"Gourmetto\" \/>\n<meta property=\"article:modified_time\" content=\"2025-12-04T08:49:48+00:00\" \/>\n<meta property=\"og:image\" content=\"https:\/\/gourmetto.lu\/wp-content\/uploads\/2025\/11\/IMG20251214162308.jpg\" \/>\n\t<meta property=\"og:image:width\" content=\"1374\" \/>\n\t<meta property=\"og:image:height\" content=\"1374\" \/>\n\t<meta property=\"og:image:type\" content=\"image\/jpeg\" \/>\n<meta name=\"twitter:card\" content=\"summary_large_image\" \/>\n<meta name=\"twitter:label1\" content=\"Dur\u00e9e de lecture estim\u00e9e\" \/>\n\t<meta name=\"twitter:data1\" content=\"1 minute\" \/>\n<script type=\"application\/ld+json\" class=\"yoast-schema-graph\">{\"@context\":\"https:\/\/schema.org\",\"@graph\":[{\"@type\":\"WebPage\",\"@id\":\"https:\/\/gourmetto.lu\/fr\/produit\/salsanoci\/\",\"url\":\"https:\/\/gourmetto.lu\/fr\/produit\/salsanoci\/\",\"name\":\"BIO* Sauce aux noix de Ligurie - Gourmetto\",\"isPartOf\":{\"@id\":\"https:\/\/gourmetto.lu\/fr\/#website\"},\"primaryImageOfPage\":{\"@id\":\"https:\/\/gourmetto.lu\/fr\/produit\/salsanoci\/#primaryimage\"},\"image\":{\"@id\":\"https:\/\/gourmetto.lu\/fr\/produit\/salsanoci\/#primaryimage\"},\"thumbnailUrl\":\"https:\/\/gourmetto.lu\/wp-content\/uploads\/2025\/11\/IMG20251214162308.jpg\",\"datePublished\":\"2025-11-27T13:58:10+00:00\",\"dateModified\":\"2025-12-04T08:49:48+00:00\",\"breadcrumb\":{\"@id\":\"https:\/\/gourmetto.lu\/fr\/produit\/salsanoci\/#breadcrumb\"},\"inLanguage\":\"fr-FR\",\"potentialAction\":[{\"@type\":\"ReadAction\",\"target\":[\"https:\/\/gourmetto.lu\/fr\/produit\/salsanoci\/\"]}]},{\"@type\":\"ImageObject\",\"inLanguage\":\"fr-FR\",\"@id\":\"https:\/\/gourmetto.lu\/fr\/produit\/salsanoci\/#primaryimage\",\"url\":\"https:\/\/gourmetto.lu\/wp-content\/uploads\/2025\/11\/IMG20251214162308.jpg\",\"contentUrl\":\"https:\/\/gourmetto.lu\/wp-content\/uploads\/2025\/11\/IMG20251214162308.jpg\",\"width\":1374,\"height\":1374,\"caption\":\"????????\"},{\"@type\":\"BreadcrumbList\",\"@id\":\"https:\/\/gourmetto.lu\/fr\/produit\/salsanoci\/#breadcrumb\",\"itemListElement\":[{\"@type\":\"ListItem\",\"position\":1,\"name\":\"Home\",\"item\":\"https:\/\/gourmetto.lu\/fr\/\"},{\"@type\":\"ListItem\",\"position\":2,\"name\":\"Boutique\",\"item\":\"https:\/\/gourmetto.lu\/shop\/\"},{\"@type\":\"ListItem\",\"position\":3,\"name\":\"BIO* Sauce aux noix de Ligurie\"}]},{\"@type\":\"WebSite\",\"@id\":\"https:\/\/gourmetto.lu\/fr\/#website\",\"url\":\"https:\/\/gourmetto.lu\/fr\/\",\"name\":\"Gourmetto\",\"description\":\"\",\"potentialAction\":[{\"@type\":\"SearchAction\",\"target\":{\"@type\":\"EntryPoint\",\"urlTemplate\":\"https:\/\/gourmetto.lu\/fr\/?s={search_term_string}\"},\"query-input\":{\"@type\":\"PropertyValueSpecification\",\"valueRequired\":true,\"valueName\":\"search_term_string\"}}],\"inLanguage\":\"fr-FR\"}]}<\/script>\n<!-- \/ Yoast SEO plugin. -->","yoast_head_json":{"title":"BIO* Sauce aux noix de Ligurie - Gourmetto","robots":{"index":"index","follow":"follow","max-snippet":"max-snippet:-1","max-image-preview":"max-image-preview:large","max-video-preview":"max-video-preview:-1"},"canonical":"https:\/\/gourmetto.lu\/fr\/produit\/salsanoci\/","og_locale":"fr_FR","og_type":"article","og_title":"BIO* Sauce aux noix de Ligurie - Gourmetto","og_description":"Une recette un peu moins connue, un v\u00e9ritable tr\u00e9sor cach\u00e9. Cette sauce aux noix traditionnelle de Ligurie (salsa di noci) est un \u00e9l\u00e9ment essentiel de la cuisine g\u00e9noise. Compos\u00e9e de noix, d&rsquo;huile d&rsquo;olive extra vierge, de Parmigiano Reggiano et d&rsquo;une pointe de noix de muscade, elle offre une texture douce et velout\u00e9e et une saveur [&hellip;]","og_url":"https:\/\/gourmetto.lu\/fr\/produit\/salsanoci\/","og_site_name":"Gourmetto","article_modified_time":"2025-12-04T08:49:48+00:00","og_image":[{"width":1374,"height":1374,"url":"https:\/\/gourmetto.lu\/wp-content\/uploads\/2025\/11\/IMG20251214162308.jpg","type":"image\/jpeg"}],"twitter_card":"summary_large_image","twitter_misc":{"Dur\u00e9e de lecture estim\u00e9e":"1 minute"},"schema":{"@context":"https:\/\/schema.org","@graph":[{"@type":"WebPage","@id":"https:\/\/gourmetto.lu\/fr\/produit\/salsanoci\/","url":"https:\/\/gourmetto.lu\/fr\/produit\/salsanoci\/","name":"BIO* Sauce aux noix de Ligurie - Gourmetto","isPartOf":{"@id":"https:\/\/gourmetto.lu\/fr\/#website"},"primaryImageOfPage":{"@id":"https:\/\/gourmetto.lu\/fr\/produit\/salsanoci\/#primaryimage"},"image":{"@id":"https:\/\/gourmetto.lu\/fr\/produit\/salsanoci\/#primaryimage"},"thumbnailUrl":"https:\/\/gourmetto.lu\/wp-content\/uploads\/2025\/11\/IMG20251214162308.jpg","datePublished":"2025-11-27T13:58:10+00:00","dateModified":"2025-12-04T08:49:48+00:00","breadcrumb":{"@id":"https:\/\/gourmetto.lu\/fr\/produit\/salsanoci\/#breadcrumb"},"inLanguage":"fr-FR","potentialAction":[{"@type":"ReadAction","target":["https:\/\/gourmetto.lu\/fr\/produit\/salsanoci\/"]}]},{"@type":"ImageObject","inLanguage":"fr-FR","@id":"https:\/\/gourmetto.lu\/fr\/produit\/salsanoci\/#primaryimage","url":"https:\/\/gourmetto.lu\/wp-content\/uploads\/2025\/11\/IMG20251214162308.jpg","contentUrl":"https:\/\/gourmetto.lu\/wp-content\/uploads\/2025\/11\/IMG20251214162308.jpg","width":1374,"height":1374,"caption":"????????"},{"@type":"BreadcrumbList","@id":"https:\/\/gourmetto.lu\/fr\/produit\/salsanoci\/#breadcrumb","itemListElement":[{"@type":"ListItem","position":1,"name":"Home","item":"https:\/\/gourmetto.lu\/fr\/"},{"@type":"ListItem","position":2,"name":"Boutique","item":"https:\/\/gourmetto.lu\/shop\/"},{"@type":"ListItem","position":3,"name":"BIO* Sauce aux noix de Ligurie"}]},{"@type":"WebSite","@id":"https:\/\/gourmetto.lu\/fr\/#website","url":"https:\/\/gourmetto.lu\/fr\/","name":"Gourmetto","description":"","potentialAction":[{"@type":"SearchAction","target":{"@type":"EntryPoint","urlTemplate":"https:\/\/gourmetto.lu\/fr\/?s={search_term_string}"},"query-input":{"@type":"PropertyValueSpecification","valueRequired":true,"valueName":"search_term_string"}}],"inLanguage":"fr-FR"}]}},"jetpack_sharing_enabled":true,"_links":{"self":[{"href":"https:\/\/gourmetto.lu\/fr\/wp-json\/wp\/v2\/product\/5780","targetHints":{"allow":["GET"]}}],"collection":[{"href":"https:\/\/gourmetto.lu\/fr\/wp-json\/wp\/v2\/product"}],"about":[{"href":"https:\/\/gourmetto.lu\/fr\/wp-json\/wp\/v2\/types\/product"}],"wp:featuredmedia":[{"embeddable":true,"href":"https:\/\/gourmetto.lu\/fr\/wp-json\/wp\/v2\/media\/5867"}],"wp:attachment":[{"href":"https:\/\/gourmetto.lu\/fr\/wp-json\/wp\/v2\/media?parent=5780"}],"wp:term":[{"taxonomy":"product_brand","embeddable":true,"href":"https:\/\/gourmetto.lu\/fr\/wp-json\/wp\/v2\/product_brand?post=5780"},{"taxonomy":"product_cat","embeddable":true,"href":"https:\/\/gourmetto.lu\/fr\/wp-json\/wp\/v2\/product_cat?post=5780"},{"taxonomy":"product_tag","embeddable":true,"href":"https:\/\/gourmetto.lu\/fr\/wp-json\/wp\/v2\/product_tag?post=5780"}],"curies":[{"name":"wp","href":"https:\/\/api.w.org\/{rel}","templated":true}]}}