{"id":5786,"date":"2025-11-27T15:36:37","date_gmt":"2025-11-27T14:36:37","guid":{"rendered":"https:\/\/gourmetto.lu\/?post_type=product&#038;p=5786"},"modified":"2026-02-16T22:27:08","modified_gmt":"2026-02-16T21:27:08","slug":"cremaolive","status":"publish","type":"product","link":"https:\/\/gourmetto.lu\/fr\/produit\/cremaolive\/","title":{"rendered":"Tartinade de Olives liguriennes Taggiasca"},"content":{"rendered":"<p>Cette p\u00e2te \u00e0 tartiner est fabriqu\u00e9e \u00e0 partir des olives Taggiasca, typique de la Riviera ligure. M\u00e9lang\u00e9e d\u00e9licatement \u00e0 de l&rsquo;huile d&rsquo;olive extra vierge, elle a une texture soyeuse et une saveur profonde, savoureuse et fruit\u00e9e avec des notes d&rsquo;amandes et d&rsquo;herbes fra\u00eeches.<\/p>\n<p>Sa d\u00e9licate complexit\u00e9 en fait un condiment m\u00e9diterran\u00e9en polyvalent pour toutes les cuisines.<\/p>\n","protected":false},"excerpt":{"rendered":"<p>Cette p\u00e2te \u00e0 tartiner est fabriqu\u00e9e \u00e0 partir des olives Taggiasca, typique de la Riviera ligure. M\u00e9lang\u00e9e d\u00e9licatement \u00e0 de l&rsquo;huile d&rsquo;olive extra vierge, elle a une texture soyeuse et une saveur profonde, savoureuse et fruit\u00e9e avec des notes d&rsquo;amandes et d&rsquo;herbes fra\u00eeches. Sa d\u00e9licate complexit\u00e9 en fait un condiment m\u00e9diterran\u00e9en polyvalent pour toutes les [&hellip;]<\/p>\n","protected":false},"featured_media":5876,"template":"","meta":{"_acf_changed":false},"product_brand":[],"product_cat":[115,94,108],"product_tag":[],"class_list":{"0":"post-5786","1":"product","2":"type-product","3":"status-publish","4":"has-post-thumbnail","6":"product_cat-sauces-fr","7":"product_cat-nouveaute-fr","8":"product_cat-sans-gluten-fr","9":"pa_producers-sommariva-1915-fr","11":"first","12":"instock","13":"taxable","14":"shipping-taxable","15":"purchasable","16":"product-type-simple"},"bundled_by":[],"bundle_stock_status":"instock","bundle_stock_quantity":10,"bundle_virtual":false,"bundle_layout":"","bundle_add_to_cart_form_location":"","bundle_editable_in_cart":false,"bundle_sold_individually_context":"","bundle_item_grouping":"","bundle_min_size":"","bundle_max_size":"","bundled_items":[],"bundle_sell_ids":[],"acf":[],"yoast_head":"<!-- This site is optimized with the Yoast SEO plugin v25.4 - https:\/\/yoast.com\/wordpress\/plugins\/seo\/ -->\n<title>Tartinade de Olives liguriennes Taggiasca - Gourmetto<\/title>\n<meta name=\"robots\" content=\"index, follow, max-snippet:-1, max-image-preview:large, max-video-preview:-1\" \/>\n<link rel=\"canonical\" href=\"https:\/\/gourmetto.lu\/fr\/produit\/cremaolive\/\" \/>\n<meta property=\"og:locale\" content=\"fr_FR\" \/>\n<meta property=\"og:type\" content=\"article\" \/>\n<meta property=\"og:title\" content=\"Tartinade de Olives liguriennes Taggiasca - Gourmetto\" \/>\n<meta property=\"og:description\" content=\"Cette p\u00e2te \u00e0 tartiner est fabriqu\u00e9e \u00e0 partir des olives Taggiasca, typique de la Riviera ligure. M\u00e9lang\u00e9e d\u00e9licatement \u00e0 de l&rsquo;huile d&rsquo;olive extra vierge, elle a une texture soyeuse et une saveur profonde, savoureuse et fruit\u00e9e avec des notes d&rsquo;amandes et d&rsquo;herbes fra\u00eeches. Sa d\u00e9licate complexit\u00e9 en fait un condiment m\u00e9diterran\u00e9en polyvalent pour toutes les [&hellip;]\" \/>\n<meta property=\"og:url\" content=\"https:\/\/gourmetto.lu\/fr\/produit\/cremaolive\/\" \/>\n<meta property=\"og:site_name\" content=\"Gourmetto\" \/>\n<meta property=\"article:modified_time\" content=\"2026-02-16T21:27:08+00:00\" \/>\n<meta property=\"og:image\" content=\"https:\/\/gourmetto.lu\/wp-content\/uploads\/2025\/11\/IMG20251214162340.jpg\" \/>\n\t<meta property=\"og:image:width\" content=\"1573\" \/>\n\t<meta property=\"og:image:height\" content=\"1573\" \/>\n\t<meta property=\"og:image:type\" content=\"image\/jpeg\" \/>\n<meta name=\"twitter:card\" content=\"summary_large_image\" \/>\n<meta name=\"twitter:label1\" content=\"Dur\u00e9e de lecture estim\u00e9e\" \/>\n\t<meta name=\"twitter:data1\" content=\"1 minute\" \/>\n<script type=\"application\/ld+json\" class=\"yoast-schema-graph\">{\"@context\":\"https:\/\/schema.org\",\"@graph\":[{\"@type\":\"WebPage\",\"@id\":\"https:\/\/gourmetto.lu\/fr\/produit\/cremaolive\/\",\"url\":\"https:\/\/gourmetto.lu\/fr\/produit\/cremaolive\/\",\"name\":\"Tartinade de Olives liguriennes Taggiasca - Gourmetto\",\"isPartOf\":{\"@id\":\"https:\/\/gourmetto.lu\/fr\/#website\"},\"primaryImageOfPage\":{\"@id\":\"https:\/\/gourmetto.lu\/fr\/produit\/cremaolive\/#primaryimage\"},\"image\":{\"@id\":\"https:\/\/gourmetto.lu\/fr\/produit\/cremaolive\/#primaryimage\"},\"thumbnailUrl\":\"https:\/\/gourmetto.lu\/wp-content\/uploads\/2025\/11\/IMG20251214162340.jpg\",\"datePublished\":\"2025-11-27T14:36:37+00:00\",\"dateModified\":\"2026-02-16T21:27:08+00:00\",\"breadcrumb\":{\"@id\":\"https:\/\/gourmetto.lu\/fr\/produit\/cremaolive\/#breadcrumb\"},\"inLanguage\":\"fr-FR\",\"potentialAction\":[{\"@type\":\"ReadAction\",\"target\":[\"https:\/\/gourmetto.lu\/fr\/produit\/cremaolive\/\"]}]},{\"@type\":\"ImageObject\",\"inLanguage\":\"fr-FR\",\"@id\":\"https:\/\/gourmetto.lu\/fr\/produit\/cremaolive\/#primaryimage\",\"url\":\"https:\/\/gourmetto.lu\/wp-content\/uploads\/2025\/11\/IMG20251214162340.jpg\",\"contentUrl\":\"https:\/\/gourmetto.lu\/wp-content\/uploads\/2025\/11\/IMG20251214162340.jpg\",\"width\":1573,\"height\":1573,\"caption\":\"????????????\"},{\"@type\":\"BreadcrumbList\",\"@id\":\"https:\/\/gourmetto.lu\/fr\/produit\/cremaolive\/#breadcrumb\",\"itemListElement\":[{\"@type\":\"ListItem\",\"position\":1,\"name\":\"Home\",\"item\":\"https:\/\/gourmetto.lu\/fr\/\"},{\"@type\":\"ListItem\",\"position\":2,\"name\":\"Boutique\",\"item\":\"https:\/\/gourmetto.lu\/shop\/\"},{\"@type\":\"ListItem\",\"position\":3,\"name\":\"Tartinade de Olives liguriennes Taggiasca\"}]},{\"@type\":\"WebSite\",\"@id\":\"https:\/\/gourmetto.lu\/fr\/#website\",\"url\":\"https:\/\/gourmetto.lu\/fr\/\",\"name\":\"Gourmetto\",\"description\":\"\",\"potentialAction\":[{\"@type\":\"SearchAction\",\"target\":{\"@type\":\"EntryPoint\",\"urlTemplate\":\"https:\/\/gourmetto.lu\/fr\/?s={search_term_string}\"},\"query-input\":{\"@type\":\"PropertyValueSpecification\",\"valueRequired\":true,\"valueName\":\"search_term_string\"}}],\"inLanguage\":\"fr-FR\"}]}<\/script>\n<!-- \/ Yoast SEO plugin. -->","yoast_head_json":{"title":"Tartinade de Olives liguriennes Taggiasca - Gourmetto","robots":{"index":"index","follow":"follow","max-snippet":"max-snippet:-1","max-image-preview":"max-image-preview:large","max-video-preview":"max-video-preview:-1"},"canonical":"https:\/\/gourmetto.lu\/fr\/produit\/cremaolive\/","og_locale":"fr_FR","og_type":"article","og_title":"Tartinade de Olives liguriennes Taggiasca - Gourmetto","og_description":"Cette p\u00e2te \u00e0 tartiner est fabriqu\u00e9e \u00e0 partir des olives Taggiasca, typique de la Riviera ligure. M\u00e9lang\u00e9e d\u00e9licatement \u00e0 de l&rsquo;huile d&rsquo;olive extra vierge, elle a une texture soyeuse et une saveur profonde, savoureuse et fruit\u00e9e avec des notes d&rsquo;amandes et d&rsquo;herbes fra\u00eeches. Sa d\u00e9licate complexit\u00e9 en fait un condiment m\u00e9diterran\u00e9en polyvalent pour toutes les [&hellip;]","og_url":"https:\/\/gourmetto.lu\/fr\/produit\/cremaolive\/","og_site_name":"Gourmetto","article_modified_time":"2026-02-16T21:27:08+00:00","og_image":[{"width":1573,"height":1573,"url":"https:\/\/gourmetto.lu\/wp-content\/uploads\/2025\/11\/IMG20251214162340.jpg","type":"image\/jpeg"}],"twitter_card":"summary_large_image","twitter_misc":{"Dur\u00e9e de lecture estim\u00e9e":"1 minute"},"schema":{"@context":"https:\/\/schema.org","@graph":[{"@type":"WebPage","@id":"https:\/\/gourmetto.lu\/fr\/produit\/cremaolive\/","url":"https:\/\/gourmetto.lu\/fr\/produit\/cremaolive\/","name":"Tartinade de Olives liguriennes Taggiasca - Gourmetto","isPartOf":{"@id":"https:\/\/gourmetto.lu\/fr\/#website"},"primaryImageOfPage":{"@id":"https:\/\/gourmetto.lu\/fr\/produit\/cremaolive\/#primaryimage"},"image":{"@id":"https:\/\/gourmetto.lu\/fr\/produit\/cremaolive\/#primaryimage"},"thumbnailUrl":"https:\/\/gourmetto.lu\/wp-content\/uploads\/2025\/11\/IMG20251214162340.jpg","datePublished":"2025-11-27T14:36:37+00:00","dateModified":"2026-02-16T21:27:08+00:00","breadcrumb":{"@id":"https:\/\/gourmetto.lu\/fr\/produit\/cremaolive\/#breadcrumb"},"inLanguage":"fr-FR","potentialAction":[{"@type":"ReadAction","target":["https:\/\/gourmetto.lu\/fr\/produit\/cremaolive\/"]}]},{"@type":"ImageObject","inLanguage":"fr-FR","@id":"https:\/\/gourmetto.lu\/fr\/produit\/cremaolive\/#primaryimage","url":"https:\/\/gourmetto.lu\/wp-content\/uploads\/2025\/11\/IMG20251214162340.jpg","contentUrl":"https:\/\/gourmetto.lu\/wp-content\/uploads\/2025\/11\/IMG20251214162340.jpg","width":1573,"height":1573,"caption":"????????????"},{"@type":"BreadcrumbList","@id":"https:\/\/gourmetto.lu\/fr\/produit\/cremaolive\/#breadcrumb","itemListElement":[{"@type":"ListItem","position":1,"name":"Home","item":"https:\/\/gourmetto.lu\/fr\/"},{"@type":"ListItem","position":2,"name":"Boutique","item":"https:\/\/gourmetto.lu\/shop\/"},{"@type":"ListItem","position":3,"name":"Tartinade de Olives liguriennes Taggiasca"}]},{"@type":"WebSite","@id":"https:\/\/gourmetto.lu\/fr\/#website","url":"https:\/\/gourmetto.lu\/fr\/","name":"Gourmetto","description":"","potentialAction":[{"@type":"SearchAction","target":{"@type":"EntryPoint","urlTemplate":"https:\/\/gourmetto.lu\/fr\/?s={search_term_string}"},"query-input":{"@type":"PropertyValueSpecification","valueRequired":true,"valueName":"search_term_string"}}],"inLanguage":"fr-FR"}]}},"jetpack_sharing_enabled":true,"_links":{"self":[{"href":"https:\/\/gourmetto.lu\/fr\/wp-json\/wp\/v2\/product\/5786","targetHints":{"allow":["GET"]}}],"collection":[{"href":"https:\/\/gourmetto.lu\/fr\/wp-json\/wp\/v2\/product"}],"about":[{"href":"https:\/\/gourmetto.lu\/fr\/wp-json\/wp\/v2\/types\/product"}],"wp:featuredmedia":[{"embeddable":true,"href":"https:\/\/gourmetto.lu\/fr\/wp-json\/wp\/v2\/media\/5876"}],"wp:attachment":[{"href":"https:\/\/gourmetto.lu\/fr\/wp-json\/wp\/v2\/media?parent=5786"}],"wp:term":[{"taxonomy":"product_brand","embeddable":true,"href":"https:\/\/gourmetto.lu\/fr\/wp-json\/wp\/v2\/product_brand?post=5786"},{"taxonomy":"product_cat","embeddable":true,"href":"https:\/\/gourmetto.lu\/fr\/wp-json\/wp\/v2\/product_cat?post=5786"},{"taxonomy":"product_tag","embeddable":true,"href":"https:\/\/gourmetto.lu\/fr\/wp-json\/wp\/v2\/product_tag?post=5786"}],"curies":[{"name":"wp","href":"https:\/\/api.w.org\/{rel}","templated":true}]}}