{"id":5791,"date":"2025-11-27T15:48:48","date_gmt":"2025-11-27T14:48:48","guid":{"rendered":"https:\/\/gourmetto.lu\/?post_type=product&#038;p=5791"},"modified":"2025-12-04T09:49:35","modified_gmt":"2025-12-04T08:49:35","slug":"porcini-2","status":"publish","type":"product","link":"https:\/\/gourmetto.lu\/fr\/produit\/porcini-2\/","title":{"rendered":"Champignons C\u00e8pes secs"},"content":{"rendered":"<p>Ces c\u00e8pes s\u00e9ch\u00e9s apportent la saveur incomparable de la cuisine italienne des bois directement dans votre cuisine. Ils sont soigneusement s\u00e9lectionn\u00e9s et s\u00e9ch\u00e9s naturellement pour pr\u00e9server leur riche ar\u00f4me et leur texture charnue, pr\u00eats \u00e0 reprendre vie apr\u00e8s un court trempage.<\/p>\n<p>Un garde-manger indispensable pour tous ceux qui aiment la cuisine italienne authentique.<\/p>\n","protected":false},"excerpt":{"rendered":"<p>Ces c\u00e8pes s\u00e9ch\u00e9s apportent la saveur incomparable de la cuisine italienne des bois directement dans votre cuisine. Ils sont soigneusement s\u00e9lectionn\u00e9s et s\u00e9ch\u00e9s naturellement pour pr\u00e9server leur riche ar\u00f4me et leur texture charnue, pr\u00eats \u00e0 reprendre vie apr\u00e8s un court trempage. Un garde-manger indispensable pour tous ceux qui aiment la cuisine italienne authentique.<\/p>\n","protected":false},"featured_media":5864,"template":"","meta":{"_acf_changed":false},"product_brand":[],"product_cat":[115,94,108,118],"product_tag":[],"class_list":{"0":"post-5791","1":"product","2":"type-product","3":"status-publish","4":"has-post-thumbnail","6":"product_cat-sauces-fr","7":"product_cat-nouveaute-fr","8":"product_cat-sans-gluten-fr","9":"product_cat-vegetarien-fr","10":"pa_producers-sommariva-1915-fr","12":"first","13":"instock","14":"taxable","15":"shipping-taxable","16":"purchasable","17":"product-type-simple"},"bundled_by":[],"bundle_stock_status":"instock","bundle_stock_quantity":5,"bundle_virtual":false,"bundle_layout":"","bundle_add_to_cart_form_location":"","bundle_editable_in_cart":false,"bundle_sold_individually_context":"","bundle_item_grouping":"","bundle_min_size":"","bundle_max_size":"","bundled_items":[],"bundle_sell_ids":[],"acf":[],"yoast_head":"<!-- This site is optimized with the Yoast SEO plugin v25.4 - https:\/\/yoast.com\/wordpress\/plugins\/seo\/ -->\n<title>Champignons C\u00e8pes secs - Gourmetto<\/title>\n<meta name=\"robots\" content=\"index, follow, max-snippet:-1, max-image-preview:large, max-video-preview:-1\" \/>\n<link rel=\"canonical\" href=\"https:\/\/gourmetto.lu\/fr\/produit\/porcini-2\/\" \/>\n<meta property=\"og:locale\" content=\"fr_FR\" \/>\n<meta property=\"og:type\" content=\"article\" \/>\n<meta property=\"og:title\" content=\"Champignons C\u00e8pes secs - Gourmetto\" \/>\n<meta property=\"og:description\" content=\"Ces c\u00e8pes s\u00e9ch\u00e9s apportent la saveur incomparable de la cuisine italienne des bois directement dans votre cuisine. Ils sont soigneusement s\u00e9lectionn\u00e9s et s\u00e9ch\u00e9s naturellement pour pr\u00e9server leur riche ar\u00f4me et leur texture charnue, pr\u00eats \u00e0 reprendre vie apr\u00e8s un court trempage. Un garde-manger indispensable pour tous ceux qui aiment la cuisine italienne authentique.\" \/>\n<meta property=\"og:url\" content=\"https:\/\/gourmetto.lu\/fr\/produit\/porcini-2\/\" \/>\n<meta property=\"og:site_name\" content=\"Gourmetto\" \/>\n<meta property=\"article:modified_time\" content=\"2025-12-04T08:49:35+00:00\" \/>\n<meta property=\"og:image\" content=\"https:\/\/gourmetto.lu\/wp-content\/uploads\/2025\/11\/IMG20251214162258_01-scaled.jpg\" \/>\n\t<meta property=\"og:image:width\" content=\"2560\" \/>\n\t<meta property=\"og:image:height\" content=\"2560\" \/>\n\t<meta property=\"og:image:type\" content=\"image\/jpeg\" \/>\n<meta name=\"twitter:card\" content=\"summary_large_image\" \/>\n<meta name=\"twitter:label1\" content=\"Dur\u00e9e de lecture estim\u00e9e\" \/>\n\t<meta name=\"twitter:data1\" content=\"1 minute\" \/>\n<script type=\"application\/ld+json\" class=\"yoast-schema-graph\">{\"@context\":\"https:\/\/schema.org\",\"@graph\":[{\"@type\":\"WebPage\",\"@id\":\"https:\/\/gourmetto.lu\/fr\/produit\/porcini-2\/\",\"url\":\"https:\/\/gourmetto.lu\/fr\/produit\/porcini-2\/\",\"name\":\"Champignons C\u00e8pes secs - Gourmetto\",\"isPartOf\":{\"@id\":\"https:\/\/gourmetto.lu\/fr\/#website\"},\"primaryImageOfPage\":{\"@id\":\"https:\/\/gourmetto.lu\/fr\/produit\/porcini-2\/#primaryimage\"},\"image\":{\"@id\":\"https:\/\/gourmetto.lu\/fr\/produit\/porcini-2\/#primaryimage\"},\"thumbnailUrl\":\"https:\/\/gourmetto.lu\/wp-content\/uploads\/2025\/11\/IMG20251214162258_01-scaled.jpg\",\"datePublished\":\"2025-11-27T14:48:48+00:00\",\"dateModified\":\"2025-12-04T08:49:35+00:00\",\"breadcrumb\":{\"@id\":\"https:\/\/gourmetto.lu\/fr\/produit\/porcini-2\/#breadcrumb\"},\"inLanguage\":\"fr-FR\",\"potentialAction\":[{\"@type\":\"ReadAction\",\"target\":[\"https:\/\/gourmetto.lu\/fr\/produit\/porcini-2\/\"]}]},{\"@type\":\"ImageObject\",\"inLanguage\":\"fr-FR\",\"@id\":\"https:\/\/gourmetto.lu\/fr\/produit\/porcini-2\/#primaryimage\",\"url\":\"https:\/\/gourmetto.lu\/wp-content\/uploads\/2025\/11\/IMG20251214162258_01-scaled.jpg\",\"contentUrl\":\"https:\/\/gourmetto.lu\/wp-content\/uploads\/2025\/11\/IMG20251214162258_01-scaled.jpg\",\"width\":2560,\"height\":2560,\"caption\":\"????????\"},{\"@type\":\"BreadcrumbList\",\"@id\":\"https:\/\/gourmetto.lu\/fr\/produit\/porcini-2\/#breadcrumb\",\"itemListElement\":[{\"@type\":\"ListItem\",\"position\":1,\"name\":\"Home\",\"item\":\"https:\/\/gourmetto.lu\/fr\/\"},{\"@type\":\"ListItem\",\"position\":2,\"name\":\"Boutique\",\"item\":\"https:\/\/gourmetto.lu\/shop\/\"},{\"@type\":\"ListItem\",\"position\":3,\"name\":\"Champignons C\u00e8pes secs\"}]},{\"@type\":\"WebSite\",\"@id\":\"https:\/\/gourmetto.lu\/fr\/#website\",\"url\":\"https:\/\/gourmetto.lu\/fr\/\",\"name\":\"Gourmetto\",\"description\":\"\",\"potentialAction\":[{\"@type\":\"SearchAction\",\"target\":{\"@type\":\"EntryPoint\",\"urlTemplate\":\"https:\/\/gourmetto.lu\/fr\/?s={search_term_string}\"},\"query-input\":{\"@type\":\"PropertyValueSpecification\",\"valueRequired\":true,\"valueName\":\"search_term_string\"}}],\"inLanguage\":\"fr-FR\"}]}<\/script>\n<!-- \/ Yoast SEO plugin. -->","yoast_head_json":{"title":"Champignons C\u00e8pes secs - Gourmetto","robots":{"index":"index","follow":"follow","max-snippet":"max-snippet:-1","max-image-preview":"max-image-preview:large","max-video-preview":"max-video-preview:-1"},"canonical":"https:\/\/gourmetto.lu\/fr\/produit\/porcini-2\/","og_locale":"fr_FR","og_type":"article","og_title":"Champignons C\u00e8pes secs - Gourmetto","og_description":"Ces c\u00e8pes s\u00e9ch\u00e9s apportent la saveur incomparable de la cuisine italienne des bois directement dans votre cuisine. Ils sont soigneusement s\u00e9lectionn\u00e9s et s\u00e9ch\u00e9s naturellement pour pr\u00e9server leur riche ar\u00f4me et leur texture charnue, pr\u00eats \u00e0 reprendre vie apr\u00e8s un court trempage. Un garde-manger indispensable pour tous ceux qui aiment la cuisine italienne authentique.","og_url":"https:\/\/gourmetto.lu\/fr\/produit\/porcini-2\/","og_site_name":"Gourmetto","article_modified_time":"2025-12-04T08:49:35+00:00","og_image":[{"width":2560,"height":2560,"url":"https:\/\/gourmetto.lu\/wp-content\/uploads\/2025\/11\/IMG20251214162258_01-scaled.jpg","type":"image\/jpeg"}],"twitter_card":"summary_large_image","twitter_misc":{"Dur\u00e9e de lecture estim\u00e9e":"1 minute"},"schema":{"@context":"https:\/\/schema.org","@graph":[{"@type":"WebPage","@id":"https:\/\/gourmetto.lu\/fr\/produit\/porcini-2\/","url":"https:\/\/gourmetto.lu\/fr\/produit\/porcini-2\/","name":"Champignons C\u00e8pes secs - Gourmetto","isPartOf":{"@id":"https:\/\/gourmetto.lu\/fr\/#website"},"primaryImageOfPage":{"@id":"https:\/\/gourmetto.lu\/fr\/produit\/porcini-2\/#primaryimage"},"image":{"@id":"https:\/\/gourmetto.lu\/fr\/produit\/porcini-2\/#primaryimage"},"thumbnailUrl":"https:\/\/gourmetto.lu\/wp-content\/uploads\/2025\/11\/IMG20251214162258_01-scaled.jpg","datePublished":"2025-11-27T14:48:48+00:00","dateModified":"2025-12-04T08:49:35+00:00","breadcrumb":{"@id":"https:\/\/gourmetto.lu\/fr\/produit\/porcini-2\/#breadcrumb"},"inLanguage":"fr-FR","potentialAction":[{"@type":"ReadAction","target":["https:\/\/gourmetto.lu\/fr\/produit\/porcini-2\/"]}]},{"@type":"ImageObject","inLanguage":"fr-FR","@id":"https:\/\/gourmetto.lu\/fr\/produit\/porcini-2\/#primaryimage","url":"https:\/\/gourmetto.lu\/wp-content\/uploads\/2025\/11\/IMG20251214162258_01-scaled.jpg","contentUrl":"https:\/\/gourmetto.lu\/wp-content\/uploads\/2025\/11\/IMG20251214162258_01-scaled.jpg","width":2560,"height":2560,"caption":"????????"},{"@type":"BreadcrumbList","@id":"https:\/\/gourmetto.lu\/fr\/produit\/porcini-2\/#breadcrumb","itemListElement":[{"@type":"ListItem","position":1,"name":"Home","item":"https:\/\/gourmetto.lu\/fr\/"},{"@type":"ListItem","position":2,"name":"Boutique","item":"https:\/\/gourmetto.lu\/shop\/"},{"@type":"ListItem","position":3,"name":"Champignons C\u00e8pes secs"}]},{"@type":"WebSite","@id":"https:\/\/gourmetto.lu\/fr\/#website","url":"https:\/\/gourmetto.lu\/fr\/","name":"Gourmetto","description":"","potentialAction":[{"@type":"SearchAction","target":{"@type":"EntryPoint","urlTemplate":"https:\/\/gourmetto.lu\/fr\/?s={search_term_string}"},"query-input":{"@type":"PropertyValueSpecification","valueRequired":true,"valueName":"search_term_string"}}],"inLanguage":"fr-FR"}]}},"jetpack_sharing_enabled":true,"_links":{"self":[{"href":"https:\/\/gourmetto.lu\/fr\/wp-json\/wp\/v2\/product\/5791","targetHints":{"allow":["GET"]}}],"collection":[{"href":"https:\/\/gourmetto.lu\/fr\/wp-json\/wp\/v2\/product"}],"about":[{"href":"https:\/\/gourmetto.lu\/fr\/wp-json\/wp\/v2\/types\/product"}],"wp:featuredmedia":[{"embeddable":true,"href":"https:\/\/gourmetto.lu\/fr\/wp-json\/wp\/v2\/media\/5864"}],"wp:attachment":[{"href":"https:\/\/gourmetto.lu\/fr\/wp-json\/wp\/v2\/media?parent=5791"}],"wp:term":[{"taxonomy":"product_brand","embeddable":true,"href":"https:\/\/gourmetto.lu\/fr\/wp-json\/wp\/v2\/product_brand?post=5791"},{"taxonomy":"product_cat","embeddable":true,"href":"https:\/\/gourmetto.lu\/fr\/wp-json\/wp\/v2\/product_cat?post=5791"},{"taxonomy":"product_tag","embeddable":true,"href":"https:\/\/gourmetto.lu\/fr\/wp-json\/wp\/v2\/product_tag?post=5791"}],"curies":[{"name":"wp","href":"https:\/\/api.w.org\/{rel}","templated":true}]}}