{"id":5796,"date":"2025-11-27T15:58:55","date_gmt":"2025-11-27T14:58:55","guid":{"rendered":"https:\/\/gourmetto.lu\/?post_type=product&#038;p=5796"},"modified":"2026-01-23T18:46:33","modified_gmt":"2026-01-23T17:46:33","slug":"champignons-cepes-secs-copy","status":"publish","type":"product","link":"https:\/\/gourmetto.lu\/fr\/produit\/champignons-cepes-secs-copy\/","title":{"rendered":"BIO* P\u00e2tes trofie g\u00e9noises"},"content":{"rendered":"<p data-start=\"194\" data-end=\"416\"><em data-start=\"236\" data-end=\"244\">Les trofie<\/em> sont les p\u00e2tes embl\u00e9matiques de la Ligurie, con\u00e7ues pour se marier parfaitement avec le pesto. Leur forme unique en tire-bouchon capture magnifiquement la sauce, rendant chaque bouch\u00e9e riche et savoureuse.<\/p>\n<p data-start=\"418\" data-end=\"624\">Fabriqu\u00e9 avec du bl\u00e9 italien de haute qualit\u00e9 et s\u00e9ch\u00e9 lentement pour une texture parfaite, al dente et l\u00e9g\u00e8rement mou.<\/p>\n","protected":false},"excerpt":{"rendered":"<p>Les trofie sont les p\u00e2tes embl\u00e9matiques de la Ligurie, con\u00e7ues pour se marier parfaitement avec le pesto. Leur forme unique en tire-bouchon capture magnifiquement la sauce, rendant chaque bouch\u00e9e riche et savoureuse. Fabriqu\u00e9 avec du bl\u00e9 italien de haute qualit\u00e9 et s\u00e9ch\u00e9 lentement pour une texture parfaite, al dente et l\u00e9g\u00e8rement mou.<\/p>\n","protected":false},"featured_media":5858,"template":"","meta":{"_acf_changed":false},"product_brand":[],"product_cat":[119,94,111,118],"product_tag":[],"class_list":{"0":"post-5796","1":"product","2":"type-product","3":"status-publish","4":"has-post-thumbnail","6":"product_cat-biologique-fr","7":"product_cat-nouveaute-fr","8":"product_cat-pasta-fr","9":"product_cat-vegetarien-fr","10":"pa_producers-sommariva-1915-fr","12":"first","13":"instock","14":"taxable","15":"shipping-taxable","16":"purchasable","17":"product-type-simple"},"bundled_by":[],"bundle_stock_status":"instock","bundle_stock_quantity":7,"bundle_virtual":false,"bundle_layout":"","bundle_add_to_cart_form_location":"","bundle_editable_in_cart":false,"bundle_sold_individually_context":"","bundle_item_grouping":"","bundle_min_size":"","bundle_max_size":"","bundled_items":[],"bundle_sell_ids":[],"acf":[],"yoast_head":"<!-- This site is optimized with the Yoast SEO plugin v25.4 - https:\/\/yoast.com\/wordpress\/plugins\/seo\/ -->\n<title>BIO* P\u00e2tes trofie g\u00e9noises - Gourmetto<\/title>\n<meta name=\"robots\" content=\"index, follow, max-snippet:-1, max-image-preview:large, max-video-preview:-1\" \/>\n<link rel=\"canonical\" href=\"https:\/\/gourmetto.lu\/fr\/produit\/champignons-cepes-secs-copy\/\" \/>\n<meta property=\"og:locale\" content=\"fr_FR\" \/>\n<meta property=\"og:type\" content=\"article\" \/>\n<meta property=\"og:title\" content=\"BIO* P\u00e2tes trofie g\u00e9noises - Gourmetto\" \/>\n<meta property=\"og:description\" content=\"Les trofie sont les p\u00e2tes embl\u00e9matiques de la Ligurie, con\u00e7ues pour se marier parfaitement avec le pesto. Leur forme unique en tire-bouchon capture magnifiquement la sauce, rendant chaque bouch\u00e9e riche et savoureuse. Fabriqu\u00e9 avec du bl\u00e9 italien de haute qualit\u00e9 et s\u00e9ch\u00e9 lentement pour une texture parfaite, al dente et l\u00e9g\u00e8rement mou.\" \/>\n<meta property=\"og:url\" content=\"https:\/\/gourmetto.lu\/fr\/produit\/champignons-cepes-secs-copy\/\" \/>\n<meta property=\"og:site_name\" content=\"Gourmetto\" \/>\n<meta property=\"article:modified_time\" content=\"2026-01-23T17:46:33+00:00\" \/>\n<meta property=\"og:image\" content=\"https:\/\/gourmetto.lu\/wp-content\/uploads\/2025\/11\/IMG20251214162222.jpg\" \/>\n\t<meta property=\"og:image:width\" content=\"2246\" \/>\n\t<meta property=\"og:image:height\" content=\"2246\" \/>\n\t<meta property=\"og:image:type\" content=\"image\/jpeg\" \/>\n<meta name=\"twitter:card\" content=\"summary_large_image\" \/>\n<meta name=\"twitter:label1\" content=\"Dur\u00e9e de lecture estim\u00e9e\" \/>\n\t<meta name=\"twitter:data1\" content=\"1 minute\" \/>\n<script type=\"application\/ld+json\" class=\"yoast-schema-graph\">{\"@context\":\"https:\/\/schema.org\",\"@graph\":[{\"@type\":\"WebPage\",\"@id\":\"https:\/\/gourmetto.lu\/fr\/produit\/champignons-cepes-secs-copy\/\",\"url\":\"https:\/\/gourmetto.lu\/fr\/produit\/champignons-cepes-secs-copy\/\",\"name\":\"BIO* P\u00e2tes trofie g\u00e9noises - Gourmetto\",\"isPartOf\":{\"@id\":\"https:\/\/gourmetto.lu\/fr\/#website\"},\"primaryImageOfPage\":{\"@id\":\"https:\/\/gourmetto.lu\/fr\/produit\/champignons-cepes-secs-copy\/#primaryimage\"},\"image\":{\"@id\":\"https:\/\/gourmetto.lu\/fr\/produit\/champignons-cepes-secs-copy\/#primaryimage\"},\"thumbnailUrl\":\"https:\/\/gourmetto.lu\/wp-content\/uploads\/2025\/11\/IMG20251214162222.jpg\",\"datePublished\":\"2025-11-27T14:58:55+00:00\",\"dateModified\":\"2026-01-23T17:46:33+00:00\",\"breadcrumb\":{\"@id\":\"https:\/\/gourmetto.lu\/fr\/produit\/champignons-cepes-secs-copy\/#breadcrumb\"},\"inLanguage\":\"fr-FR\",\"potentialAction\":[{\"@type\":\"ReadAction\",\"target\":[\"https:\/\/gourmetto.lu\/fr\/produit\/champignons-cepes-secs-copy\/\"]}]},{\"@type\":\"ImageObject\",\"inLanguage\":\"fr-FR\",\"@id\":\"https:\/\/gourmetto.lu\/fr\/produit\/champignons-cepes-secs-copy\/#primaryimage\",\"url\":\"https:\/\/gourmetto.lu\/wp-content\/uploads\/2025\/11\/IMG20251214162222.jpg\",\"contentUrl\":\"https:\/\/gourmetto.lu\/wp-content\/uploads\/2025\/11\/IMG20251214162222.jpg\",\"width\":2246,\"height\":2246,\"caption\":\"????????\"},{\"@type\":\"BreadcrumbList\",\"@id\":\"https:\/\/gourmetto.lu\/fr\/produit\/champignons-cepes-secs-copy\/#breadcrumb\",\"itemListElement\":[{\"@type\":\"ListItem\",\"position\":1,\"name\":\"Home\",\"item\":\"https:\/\/gourmetto.lu\/fr\/\"},{\"@type\":\"ListItem\",\"position\":2,\"name\":\"Boutique\",\"item\":\"https:\/\/gourmetto.lu\/shop\/\"},{\"@type\":\"ListItem\",\"position\":3,\"name\":\"BIO* P\u00e2tes trofie g\u00e9noises\"}]},{\"@type\":\"WebSite\",\"@id\":\"https:\/\/gourmetto.lu\/fr\/#website\",\"url\":\"https:\/\/gourmetto.lu\/fr\/\",\"name\":\"Gourmetto\",\"description\":\"\",\"potentialAction\":[{\"@type\":\"SearchAction\",\"target\":{\"@type\":\"EntryPoint\",\"urlTemplate\":\"https:\/\/gourmetto.lu\/fr\/?s={search_term_string}\"},\"query-input\":{\"@type\":\"PropertyValueSpecification\",\"valueRequired\":true,\"valueName\":\"search_term_string\"}}],\"inLanguage\":\"fr-FR\"}]}<\/script>\n<!-- \/ Yoast SEO plugin. -->","yoast_head_json":{"title":"BIO* P\u00e2tes trofie g\u00e9noises - Gourmetto","robots":{"index":"index","follow":"follow","max-snippet":"max-snippet:-1","max-image-preview":"max-image-preview:large","max-video-preview":"max-video-preview:-1"},"canonical":"https:\/\/gourmetto.lu\/fr\/produit\/champignons-cepes-secs-copy\/","og_locale":"fr_FR","og_type":"article","og_title":"BIO* P\u00e2tes trofie g\u00e9noises - Gourmetto","og_description":"Les trofie sont les p\u00e2tes embl\u00e9matiques de la Ligurie, con\u00e7ues pour se marier parfaitement avec le pesto. Leur forme unique en tire-bouchon capture magnifiquement la sauce, rendant chaque bouch\u00e9e riche et savoureuse. Fabriqu\u00e9 avec du bl\u00e9 italien de haute qualit\u00e9 et s\u00e9ch\u00e9 lentement pour une texture parfaite, al dente et l\u00e9g\u00e8rement mou.","og_url":"https:\/\/gourmetto.lu\/fr\/produit\/champignons-cepes-secs-copy\/","og_site_name":"Gourmetto","article_modified_time":"2026-01-23T17:46:33+00:00","og_image":[{"width":2246,"height":2246,"url":"https:\/\/gourmetto.lu\/wp-content\/uploads\/2025\/11\/IMG20251214162222.jpg","type":"image\/jpeg"}],"twitter_card":"summary_large_image","twitter_misc":{"Dur\u00e9e de lecture estim\u00e9e":"1 minute"},"schema":{"@context":"https:\/\/schema.org","@graph":[{"@type":"WebPage","@id":"https:\/\/gourmetto.lu\/fr\/produit\/champignons-cepes-secs-copy\/","url":"https:\/\/gourmetto.lu\/fr\/produit\/champignons-cepes-secs-copy\/","name":"BIO* P\u00e2tes trofie g\u00e9noises - Gourmetto","isPartOf":{"@id":"https:\/\/gourmetto.lu\/fr\/#website"},"primaryImageOfPage":{"@id":"https:\/\/gourmetto.lu\/fr\/produit\/champignons-cepes-secs-copy\/#primaryimage"},"image":{"@id":"https:\/\/gourmetto.lu\/fr\/produit\/champignons-cepes-secs-copy\/#primaryimage"},"thumbnailUrl":"https:\/\/gourmetto.lu\/wp-content\/uploads\/2025\/11\/IMG20251214162222.jpg","datePublished":"2025-11-27T14:58:55+00:00","dateModified":"2026-01-23T17:46:33+00:00","breadcrumb":{"@id":"https:\/\/gourmetto.lu\/fr\/produit\/champignons-cepes-secs-copy\/#breadcrumb"},"inLanguage":"fr-FR","potentialAction":[{"@type":"ReadAction","target":["https:\/\/gourmetto.lu\/fr\/produit\/champignons-cepes-secs-copy\/"]}]},{"@type":"ImageObject","inLanguage":"fr-FR","@id":"https:\/\/gourmetto.lu\/fr\/produit\/champignons-cepes-secs-copy\/#primaryimage","url":"https:\/\/gourmetto.lu\/wp-content\/uploads\/2025\/11\/IMG20251214162222.jpg","contentUrl":"https:\/\/gourmetto.lu\/wp-content\/uploads\/2025\/11\/IMG20251214162222.jpg","width":2246,"height":2246,"caption":"????????"},{"@type":"BreadcrumbList","@id":"https:\/\/gourmetto.lu\/fr\/produit\/champignons-cepes-secs-copy\/#breadcrumb","itemListElement":[{"@type":"ListItem","position":1,"name":"Home","item":"https:\/\/gourmetto.lu\/fr\/"},{"@type":"ListItem","position":2,"name":"Boutique","item":"https:\/\/gourmetto.lu\/shop\/"},{"@type":"ListItem","position":3,"name":"BIO* P\u00e2tes trofie g\u00e9noises"}]},{"@type":"WebSite","@id":"https:\/\/gourmetto.lu\/fr\/#website","url":"https:\/\/gourmetto.lu\/fr\/","name":"Gourmetto","description":"","potentialAction":[{"@type":"SearchAction","target":{"@type":"EntryPoint","urlTemplate":"https:\/\/gourmetto.lu\/fr\/?s={search_term_string}"},"query-input":{"@type":"PropertyValueSpecification","valueRequired":true,"valueName":"search_term_string"}}],"inLanguage":"fr-FR"}]}},"jetpack_sharing_enabled":true,"_links":{"self":[{"href":"https:\/\/gourmetto.lu\/fr\/wp-json\/wp\/v2\/product\/5796","targetHints":{"allow":["GET"]}}],"collection":[{"href":"https:\/\/gourmetto.lu\/fr\/wp-json\/wp\/v2\/product"}],"about":[{"href":"https:\/\/gourmetto.lu\/fr\/wp-json\/wp\/v2\/types\/product"}],"wp:featuredmedia":[{"embeddable":true,"href":"https:\/\/gourmetto.lu\/fr\/wp-json\/wp\/v2\/media\/5858"}],"wp:attachment":[{"href":"https:\/\/gourmetto.lu\/fr\/wp-json\/wp\/v2\/media?parent=5796"}],"wp:term":[{"taxonomy":"product_brand","embeddable":true,"href":"https:\/\/gourmetto.lu\/fr\/wp-json\/wp\/v2\/product_brand?post=5796"},{"taxonomy":"product_cat","embeddable":true,"href":"https:\/\/gourmetto.lu\/fr\/wp-json\/wp\/v2\/product_cat?post=5796"},{"taxonomy":"product_tag","embeddable":true,"href":"https:\/\/gourmetto.lu\/fr\/wp-json\/wp\/v2\/product_tag?post=5796"}],"curies":[{"name":"wp","href":"https:\/\/api.w.org\/{rel}","templated":true}]}}