{"id":5990,"date":"2026-03-05T20:02:29","date_gmt":"2026-03-05T19:02:29","guid":{"rendered":"https:\/\/gourmetto.lu\/?post_type=product&#038;p=5990"},"modified":"2026-03-14T17:25:53","modified_gmt":"2026-03-14T16:25:53","slug":"filets-despadon-a-lhuile-dolive-extra-vierge-copy","status":"publish","type":"product","link":"https:\/\/gourmetto.lu\/fr\/produit\/filets-despadon-a-lhuile-dolive-extra-vierge-copy\/","title":{"rendered":"Filets de dorade royale \u00e0 l&rsquo;huile d&rsquo;olive extra vierge"},"content":{"rendered":"<p>Une s\u00e9lection des meilleurs filets de dorade royale, l&rsquo;un des plus appr\u00e9ci\u00e9s poissons de la M\u00e9diterran\u00e9e, aim\u00e9 pour son go\u00fbt d\u00e9licat et sa chair riche. Les bocaux sont remplis \u00e0 la main et trait\u00e9s un par un, selon l&rsquo;art ancestral des produits de la mer siciliens.<\/p>\n","protected":false},"excerpt":{"rendered":"<p>Une s\u00e9lection des meilleurs filets de dorade royale, l&rsquo;un des plus appr\u00e9ci\u00e9s poissons de la M\u00e9diterran\u00e9e, aim\u00e9 pour son go\u00fbt d\u00e9licat et sa chair riche. Les bocaux sont remplis \u00e0 la main et trait\u00e9s un par un, selon l&rsquo;art ancestral des produits de la mer siciliens.<\/p>\n","protected":false},"featured_media":6064,"template":"","meta":{"_acf_changed":false},"product_brand":[],"product_cat":[94,201],"product_tag":[],"class_list":{"0":"post-5990","1":"product","2":"type-product","3":"status-publish","4":"has-post-thumbnail","6":"product_cat-nouveaute-fr","7":"product_cat-pesce-fr","9":"first","10":"instock","11":"taxable","12":"shipping-taxable","13":"purchasable","14":"product-type-simple"},"bundled_by":[],"bundle_stock_status":"instock","bundle_stock_quantity":12,"bundle_virtual":false,"bundle_layout":"","bundle_add_to_cart_form_location":"","bundle_editable_in_cart":false,"bundle_sold_individually_context":"","bundle_item_grouping":"","bundle_min_size":"","bundle_max_size":"","bundled_items":[],"bundle_sell_ids":[],"acf":[],"yoast_head":"<!-- This site is optimized with the Yoast SEO plugin v25.4 - https:\/\/yoast.com\/wordpress\/plugins\/seo\/ -->\n<title>Filets de dorade royale \u00e0 l&#039;huile d&#039;olive extra vierge - Gourmetto<\/title>\n<meta name=\"robots\" content=\"index, follow, max-snippet:-1, max-image-preview:large, max-video-preview:-1\" \/>\n<link rel=\"canonical\" href=\"https:\/\/gourmetto.lu\/fr\/produit\/filets-despadon-a-lhuile-dolive-extra-vierge-copy\/\" \/>\n<meta property=\"og:locale\" content=\"fr_FR\" \/>\n<meta property=\"og:type\" content=\"article\" \/>\n<meta property=\"og:title\" content=\"Filets de dorade royale \u00e0 l&#039;huile d&#039;olive extra vierge - Gourmetto\" \/>\n<meta property=\"og:description\" content=\"Une s\u00e9lection des meilleurs filets de dorade royale, l&rsquo;un des plus appr\u00e9ci\u00e9s poissons de la M\u00e9diterran\u00e9e, aim\u00e9 pour son go\u00fbt d\u00e9licat et sa chair riche. Les bocaux sont remplis \u00e0 la main et trait\u00e9s un par un, selon l&rsquo;art ancestral des produits de la mer siciliens.\" \/>\n<meta property=\"og:url\" content=\"https:\/\/gourmetto.lu\/fr\/produit\/filets-despadon-a-lhuile-dolive-extra-vierge-copy\/\" \/>\n<meta property=\"og:site_name\" content=\"Gourmetto\" \/>\n<meta property=\"article:modified_time\" content=\"2026-03-14T16:25:53+00:00\" \/>\n<meta property=\"og:image\" content=\"https:\/\/gourmetto.lu\/wp-content\/uploads\/2026\/03\/foto-11.jpg\" \/>\n\t<meta property=\"og:image:width\" content=\"652\" \/>\n\t<meta property=\"og:image:height\" content=\"652\" \/>\n\t<meta property=\"og:image:type\" content=\"image\/jpeg\" \/>\n<meta name=\"twitter:card\" content=\"summary_large_image\" \/>\n<meta name=\"twitter:label1\" content=\"Dur\u00e9e de lecture estim\u00e9e\" \/>\n\t<meta name=\"twitter:data1\" content=\"1 minute\" \/>\n<script type=\"application\/ld+json\" class=\"yoast-schema-graph\">{\"@context\":\"https:\/\/schema.org\",\"@graph\":[{\"@type\":\"WebPage\",\"@id\":\"https:\/\/gourmetto.lu\/fr\/produit\/filets-despadon-a-lhuile-dolive-extra-vierge-copy\/\",\"url\":\"https:\/\/gourmetto.lu\/fr\/produit\/filets-despadon-a-lhuile-dolive-extra-vierge-copy\/\",\"name\":\"Filets de dorade royale \u00e0 l'huile d'olive extra vierge - Gourmetto\",\"isPartOf\":{\"@id\":\"https:\/\/gourmetto.lu\/fr\/#website\"},\"primaryImageOfPage\":{\"@id\":\"https:\/\/gourmetto.lu\/fr\/produit\/filets-despadon-a-lhuile-dolive-extra-vierge-copy\/#primaryimage\"},\"image\":{\"@id\":\"https:\/\/gourmetto.lu\/fr\/produit\/filets-despadon-a-lhuile-dolive-extra-vierge-copy\/#primaryimage\"},\"thumbnailUrl\":\"https:\/\/gourmetto.lu\/wp-content\/uploads\/2026\/03\/foto-11.jpg\",\"datePublished\":\"2026-03-05T19:02:29+00:00\",\"dateModified\":\"2026-03-14T16:25:53+00:00\",\"breadcrumb\":{\"@id\":\"https:\/\/gourmetto.lu\/fr\/produit\/filets-despadon-a-lhuile-dolive-extra-vierge-copy\/#breadcrumb\"},\"inLanguage\":\"fr-FR\",\"potentialAction\":[{\"@type\":\"ReadAction\",\"target\":[\"https:\/\/gourmetto.lu\/fr\/produit\/filets-despadon-a-lhuile-dolive-extra-vierge-copy\/\"]}]},{\"@type\":\"ImageObject\",\"inLanguage\":\"fr-FR\",\"@id\":\"https:\/\/gourmetto.lu\/fr\/produit\/filets-despadon-a-lhuile-dolive-extra-vierge-copy\/#primaryimage\",\"url\":\"https:\/\/gourmetto.lu\/wp-content\/uploads\/2026\/03\/foto-11.jpg\",\"contentUrl\":\"https:\/\/gourmetto.lu\/wp-content\/uploads\/2026\/03\/foto-11.jpg\",\"width\":652,\"height\":652},{\"@type\":\"BreadcrumbList\",\"@id\":\"https:\/\/gourmetto.lu\/fr\/produit\/filets-despadon-a-lhuile-dolive-extra-vierge-copy\/#breadcrumb\",\"itemListElement\":[{\"@type\":\"ListItem\",\"position\":1,\"name\":\"Home\",\"item\":\"https:\/\/gourmetto.lu\/fr\/\"},{\"@type\":\"ListItem\",\"position\":2,\"name\":\"Boutique\",\"item\":\"https:\/\/gourmetto.lu\/shop\/\"},{\"@type\":\"ListItem\",\"position\":3,\"name\":\"Filets de dorade royale \u00e0 l&#8217;huile d&#8217;olive extra vierge\"}]},{\"@type\":\"WebSite\",\"@id\":\"https:\/\/gourmetto.lu\/fr\/#website\",\"url\":\"https:\/\/gourmetto.lu\/fr\/\",\"name\":\"Gourmetto\",\"description\":\"\",\"potentialAction\":[{\"@type\":\"SearchAction\",\"target\":{\"@type\":\"EntryPoint\",\"urlTemplate\":\"https:\/\/gourmetto.lu\/fr\/?s={search_term_string}\"},\"query-input\":{\"@type\":\"PropertyValueSpecification\",\"valueRequired\":true,\"valueName\":\"search_term_string\"}}],\"inLanguage\":\"fr-FR\"}]}<\/script>\n<!-- \/ Yoast SEO plugin. -->","yoast_head_json":{"title":"Filets de dorade royale \u00e0 l'huile d'olive extra vierge - Gourmetto","robots":{"index":"index","follow":"follow","max-snippet":"max-snippet:-1","max-image-preview":"max-image-preview:large","max-video-preview":"max-video-preview:-1"},"canonical":"https:\/\/gourmetto.lu\/fr\/produit\/filets-despadon-a-lhuile-dolive-extra-vierge-copy\/","og_locale":"fr_FR","og_type":"article","og_title":"Filets de dorade royale \u00e0 l'huile d'olive extra vierge - Gourmetto","og_description":"Une s\u00e9lection des meilleurs filets de dorade royale, l&rsquo;un des plus appr\u00e9ci\u00e9s poissons de la M\u00e9diterran\u00e9e, aim\u00e9 pour son go\u00fbt d\u00e9licat et sa chair riche. Les bocaux sont remplis \u00e0 la main et trait\u00e9s un par un, selon l&rsquo;art ancestral des produits de la mer siciliens.","og_url":"https:\/\/gourmetto.lu\/fr\/produit\/filets-despadon-a-lhuile-dolive-extra-vierge-copy\/","og_site_name":"Gourmetto","article_modified_time":"2026-03-14T16:25:53+00:00","og_image":[{"width":652,"height":652,"url":"https:\/\/gourmetto.lu\/wp-content\/uploads\/2026\/03\/foto-11.jpg","type":"image\/jpeg"}],"twitter_card":"summary_large_image","twitter_misc":{"Dur\u00e9e de lecture estim\u00e9e":"1 minute"},"schema":{"@context":"https:\/\/schema.org","@graph":[{"@type":"WebPage","@id":"https:\/\/gourmetto.lu\/fr\/produit\/filets-despadon-a-lhuile-dolive-extra-vierge-copy\/","url":"https:\/\/gourmetto.lu\/fr\/produit\/filets-despadon-a-lhuile-dolive-extra-vierge-copy\/","name":"Filets de dorade royale \u00e0 l'huile d'olive extra vierge - Gourmetto","isPartOf":{"@id":"https:\/\/gourmetto.lu\/fr\/#website"},"primaryImageOfPage":{"@id":"https:\/\/gourmetto.lu\/fr\/produit\/filets-despadon-a-lhuile-dolive-extra-vierge-copy\/#primaryimage"},"image":{"@id":"https:\/\/gourmetto.lu\/fr\/produit\/filets-despadon-a-lhuile-dolive-extra-vierge-copy\/#primaryimage"},"thumbnailUrl":"https:\/\/gourmetto.lu\/wp-content\/uploads\/2026\/03\/foto-11.jpg","datePublished":"2026-03-05T19:02:29+00:00","dateModified":"2026-03-14T16:25:53+00:00","breadcrumb":{"@id":"https:\/\/gourmetto.lu\/fr\/produit\/filets-despadon-a-lhuile-dolive-extra-vierge-copy\/#breadcrumb"},"inLanguage":"fr-FR","potentialAction":[{"@type":"ReadAction","target":["https:\/\/gourmetto.lu\/fr\/produit\/filets-despadon-a-lhuile-dolive-extra-vierge-copy\/"]}]},{"@type":"ImageObject","inLanguage":"fr-FR","@id":"https:\/\/gourmetto.lu\/fr\/produit\/filets-despadon-a-lhuile-dolive-extra-vierge-copy\/#primaryimage","url":"https:\/\/gourmetto.lu\/wp-content\/uploads\/2026\/03\/foto-11.jpg","contentUrl":"https:\/\/gourmetto.lu\/wp-content\/uploads\/2026\/03\/foto-11.jpg","width":652,"height":652},{"@type":"BreadcrumbList","@id":"https:\/\/gourmetto.lu\/fr\/produit\/filets-despadon-a-lhuile-dolive-extra-vierge-copy\/#breadcrumb","itemListElement":[{"@type":"ListItem","position":1,"name":"Home","item":"https:\/\/gourmetto.lu\/fr\/"},{"@type":"ListItem","position":2,"name":"Boutique","item":"https:\/\/gourmetto.lu\/shop\/"},{"@type":"ListItem","position":3,"name":"Filets de dorade royale \u00e0 l&#8217;huile d&#8217;olive extra vierge"}]},{"@type":"WebSite","@id":"https:\/\/gourmetto.lu\/fr\/#website","url":"https:\/\/gourmetto.lu\/fr\/","name":"Gourmetto","description":"","potentialAction":[{"@type":"SearchAction","target":{"@type":"EntryPoint","urlTemplate":"https:\/\/gourmetto.lu\/fr\/?s={search_term_string}"},"query-input":{"@type":"PropertyValueSpecification","valueRequired":true,"valueName":"search_term_string"}}],"inLanguage":"fr-FR"}]}},"jetpack_sharing_enabled":true,"_links":{"self":[{"href":"https:\/\/gourmetto.lu\/fr\/wp-json\/wp\/v2\/product\/5990","targetHints":{"allow":["GET"]}}],"collection":[{"href":"https:\/\/gourmetto.lu\/fr\/wp-json\/wp\/v2\/product"}],"about":[{"href":"https:\/\/gourmetto.lu\/fr\/wp-json\/wp\/v2\/types\/product"}],"wp:featuredmedia":[{"embeddable":true,"href":"https:\/\/gourmetto.lu\/fr\/wp-json\/wp\/v2\/media\/6064"}],"wp:attachment":[{"href":"https:\/\/gourmetto.lu\/fr\/wp-json\/wp\/v2\/media?parent=5990"}],"wp:term":[{"taxonomy":"product_brand","embeddable":true,"href":"https:\/\/gourmetto.lu\/fr\/wp-json\/wp\/v2\/product_brand?post=5990"},{"taxonomy":"product_cat","embeddable":true,"href":"https:\/\/gourmetto.lu\/fr\/wp-json\/wp\/v2\/product_cat?post=5990"},{"taxonomy":"product_tag","embeddable":true,"href":"https:\/\/gourmetto.lu\/fr\/wp-json\/wp\/v2\/product_tag?post=5990"}],"curies":[{"name":"wp","href":"https:\/\/api.w.org\/{rel}","templated":true}]}}