{"id":6006,"date":"2026-03-05T20:50:36","date_gmt":"2026-03-05T19:50:36","guid":{"rendered":"https:\/\/gourmetto.lu\/?post_type=product&#038;p=6006"},"modified":"2026-03-14T17:10:56","modified_gmt":"2026-03-14T16:10:56","slug":"uovofondente","status":"publish","type":"product","link":"https:\/\/gourmetto.lu\/fr\/produit\/uovofondente\/","title":{"rendered":"\u0152uf de P\u00e2ques sicilien au chocolat noir"},"content":{"rendered":"<p>Riche et l\u00e9g\u00e8rement amer, fabriqu\u00e9 \u00e0 partir du meilleur chocolat noir sicilien, 72 % de cacao.<\/p>\n<p>&nbsp;<\/p>\n","protected":false},"excerpt":{"rendered":"<p>Riche et l\u00e9g\u00e8rement amer, fabriqu\u00e9 \u00e0 partir du meilleur chocolat noir sicilien, 72 % de cacao. &nbsp;<\/p>\n","protected":false},"featured_media":6055,"template":"","meta":{"_acf_changed":false},"product_brand":[],"product_cat":[98,94,120],"product_tag":[],"class_list":{"0":"post-6006","1":"product","2":"type-product","3":"status-publish","4":"has-post-thumbnail","6":"product_cat-confiseries-fr","7":"product_cat-nouveaute-fr","8":"product_cat-paques-fr","10":"first","11":"instock","12":"taxable","13":"shipping-taxable","14":"purchasable","15":"product-type-simple"},"bundled_by":[],"bundle_stock_status":"instock","bundle_stock_quantity":2,"bundle_virtual":false,"bundle_layout":"","bundle_add_to_cart_form_location":"","bundle_editable_in_cart":false,"bundle_sold_individually_context":"","bundle_item_grouping":"","bundle_min_size":"","bundle_max_size":"","bundled_items":[],"bundle_sell_ids":[],"acf":[],"yoast_head":"<!-- This site is optimized with the Yoast SEO plugin v25.4 - https:\/\/yoast.com\/wordpress\/plugins\/seo\/ -->\n<title>\u0152uf de P\u00e2ques sicilien au chocolat noir - Gourmetto<\/title>\n<meta name=\"robots\" content=\"index, follow, max-snippet:-1, max-image-preview:large, max-video-preview:-1\" \/>\n<link rel=\"canonical\" href=\"https:\/\/gourmetto.lu\/fr\/produit\/uovofondente\/\" \/>\n<meta property=\"og:locale\" content=\"fr_FR\" \/>\n<meta property=\"og:type\" content=\"article\" \/>\n<meta property=\"og:title\" content=\"\u0152uf de P\u00e2ques sicilien au chocolat noir - Gourmetto\" \/>\n<meta property=\"og:description\" content=\"Riche et l\u00e9g\u00e8rement amer, fabriqu\u00e9 \u00e0 partir du meilleur chocolat noir sicilien, 72 % de cacao. &nbsp;\" \/>\n<meta property=\"og:url\" content=\"https:\/\/gourmetto.lu\/fr\/produit\/uovofondente\/\" \/>\n<meta property=\"og:site_name\" content=\"Gourmetto\" \/>\n<meta property=\"article:modified_time\" content=\"2026-03-14T16:10:56+00:00\" \/>\n<meta property=\"og:image\" content=\"https:\/\/gourmetto.lu\/wp-content\/uploads\/2026\/03\/foto-8.jpg\" \/>\n\t<meta property=\"og:image:width\" content=\"929\" \/>\n\t<meta property=\"og:image:height\" content=\"929\" \/>\n\t<meta property=\"og:image:type\" content=\"image\/jpeg\" \/>\n<meta name=\"twitter:card\" content=\"summary_large_image\" \/>\n<meta name=\"twitter:label1\" content=\"Dur\u00e9e de lecture estim\u00e9e\" \/>\n\t<meta name=\"twitter:data1\" content=\"1 minute\" \/>\n<script type=\"application\/ld+json\" class=\"yoast-schema-graph\">{\"@context\":\"https:\/\/schema.org\",\"@graph\":[{\"@type\":\"WebPage\",\"@id\":\"https:\/\/gourmetto.lu\/fr\/produit\/uovofondente\/\",\"url\":\"https:\/\/gourmetto.lu\/fr\/produit\/uovofondente\/\",\"name\":\"\u0152uf de P\u00e2ques sicilien au chocolat noir - Gourmetto\",\"isPartOf\":{\"@id\":\"https:\/\/gourmetto.lu\/fr\/#website\"},\"primaryImageOfPage\":{\"@id\":\"https:\/\/gourmetto.lu\/fr\/produit\/uovofondente\/#primaryimage\"},\"image\":{\"@id\":\"https:\/\/gourmetto.lu\/fr\/produit\/uovofondente\/#primaryimage\"},\"thumbnailUrl\":\"https:\/\/gourmetto.lu\/wp-content\/uploads\/2026\/03\/foto-8.jpg\",\"datePublished\":\"2026-03-05T19:50:36+00:00\",\"dateModified\":\"2026-03-14T16:10:56+00:00\",\"breadcrumb\":{\"@id\":\"https:\/\/gourmetto.lu\/fr\/produit\/uovofondente\/#breadcrumb\"},\"inLanguage\":\"fr-FR\",\"potentialAction\":[{\"@type\":\"ReadAction\",\"target\":[\"https:\/\/gourmetto.lu\/fr\/produit\/uovofondente\/\"]}]},{\"@type\":\"ImageObject\",\"inLanguage\":\"fr-FR\",\"@id\":\"https:\/\/gourmetto.lu\/fr\/produit\/uovofondente\/#primaryimage\",\"url\":\"https:\/\/gourmetto.lu\/wp-content\/uploads\/2026\/03\/foto-8.jpg\",\"contentUrl\":\"https:\/\/gourmetto.lu\/wp-content\/uploads\/2026\/03\/foto-8.jpg\",\"width\":929,\"height\":929},{\"@type\":\"BreadcrumbList\",\"@id\":\"https:\/\/gourmetto.lu\/fr\/produit\/uovofondente\/#breadcrumb\",\"itemListElement\":[{\"@type\":\"ListItem\",\"position\":1,\"name\":\"Home\",\"item\":\"https:\/\/gourmetto.lu\/fr\/\"},{\"@type\":\"ListItem\",\"position\":2,\"name\":\"Boutique\",\"item\":\"https:\/\/gourmetto.lu\/shop\/\"},{\"@type\":\"ListItem\",\"position\":3,\"name\":\"\u0152uf de P\u00e2ques sicilien au chocolat noir\"}]},{\"@type\":\"WebSite\",\"@id\":\"https:\/\/gourmetto.lu\/fr\/#website\",\"url\":\"https:\/\/gourmetto.lu\/fr\/\",\"name\":\"Gourmetto\",\"description\":\"\",\"potentialAction\":[{\"@type\":\"SearchAction\",\"target\":{\"@type\":\"EntryPoint\",\"urlTemplate\":\"https:\/\/gourmetto.lu\/fr\/?s={search_term_string}\"},\"query-input\":{\"@type\":\"PropertyValueSpecification\",\"valueRequired\":true,\"valueName\":\"search_term_string\"}}],\"inLanguage\":\"fr-FR\"}]}<\/script>\n<!-- \/ Yoast SEO plugin. -->","yoast_head_json":{"title":"\u0152uf de P\u00e2ques sicilien au chocolat noir - Gourmetto","robots":{"index":"index","follow":"follow","max-snippet":"max-snippet:-1","max-image-preview":"max-image-preview:large","max-video-preview":"max-video-preview:-1"},"canonical":"https:\/\/gourmetto.lu\/fr\/produit\/uovofondente\/","og_locale":"fr_FR","og_type":"article","og_title":"\u0152uf de P\u00e2ques sicilien au chocolat noir - Gourmetto","og_description":"Riche et l\u00e9g\u00e8rement amer, fabriqu\u00e9 \u00e0 partir du meilleur chocolat noir sicilien, 72 % de cacao. &nbsp;","og_url":"https:\/\/gourmetto.lu\/fr\/produit\/uovofondente\/","og_site_name":"Gourmetto","article_modified_time":"2026-03-14T16:10:56+00:00","og_image":[{"width":929,"height":929,"url":"https:\/\/gourmetto.lu\/wp-content\/uploads\/2026\/03\/foto-8.jpg","type":"image\/jpeg"}],"twitter_card":"summary_large_image","twitter_misc":{"Dur\u00e9e de lecture estim\u00e9e":"1 minute"},"schema":{"@context":"https:\/\/schema.org","@graph":[{"@type":"WebPage","@id":"https:\/\/gourmetto.lu\/fr\/produit\/uovofondente\/","url":"https:\/\/gourmetto.lu\/fr\/produit\/uovofondente\/","name":"\u0152uf de P\u00e2ques sicilien au chocolat noir - Gourmetto","isPartOf":{"@id":"https:\/\/gourmetto.lu\/fr\/#website"},"primaryImageOfPage":{"@id":"https:\/\/gourmetto.lu\/fr\/produit\/uovofondente\/#primaryimage"},"image":{"@id":"https:\/\/gourmetto.lu\/fr\/produit\/uovofondente\/#primaryimage"},"thumbnailUrl":"https:\/\/gourmetto.lu\/wp-content\/uploads\/2026\/03\/foto-8.jpg","datePublished":"2026-03-05T19:50:36+00:00","dateModified":"2026-03-14T16:10:56+00:00","breadcrumb":{"@id":"https:\/\/gourmetto.lu\/fr\/produit\/uovofondente\/#breadcrumb"},"inLanguage":"fr-FR","potentialAction":[{"@type":"ReadAction","target":["https:\/\/gourmetto.lu\/fr\/produit\/uovofondente\/"]}]},{"@type":"ImageObject","inLanguage":"fr-FR","@id":"https:\/\/gourmetto.lu\/fr\/produit\/uovofondente\/#primaryimage","url":"https:\/\/gourmetto.lu\/wp-content\/uploads\/2026\/03\/foto-8.jpg","contentUrl":"https:\/\/gourmetto.lu\/wp-content\/uploads\/2026\/03\/foto-8.jpg","width":929,"height":929},{"@type":"BreadcrumbList","@id":"https:\/\/gourmetto.lu\/fr\/produit\/uovofondente\/#breadcrumb","itemListElement":[{"@type":"ListItem","position":1,"name":"Home","item":"https:\/\/gourmetto.lu\/fr\/"},{"@type":"ListItem","position":2,"name":"Boutique","item":"https:\/\/gourmetto.lu\/shop\/"},{"@type":"ListItem","position":3,"name":"\u0152uf de P\u00e2ques sicilien au chocolat noir"}]},{"@type":"WebSite","@id":"https:\/\/gourmetto.lu\/fr\/#website","url":"https:\/\/gourmetto.lu\/fr\/","name":"Gourmetto","description":"","potentialAction":[{"@type":"SearchAction","target":{"@type":"EntryPoint","urlTemplate":"https:\/\/gourmetto.lu\/fr\/?s={search_term_string}"},"query-input":{"@type":"PropertyValueSpecification","valueRequired":true,"valueName":"search_term_string"}}],"inLanguage":"fr-FR"}]}},"jetpack_sharing_enabled":true,"_links":{"self":[{"href":"https:\/\/gourmetto.lu\/fr\/wp-json\/wp\/v2\/product\/6006","targetHints":{"allow":["GET"]}}],"collection":[{"href":"https:\/\/gourmetto.lu\/fr\/wp-json\/wp\/v2\/product"}],"about":[{"href":"https:\/\/gourmetto.lu\/fr\/wp-json\/wp\/v2\/types\/product"}],"wp:featuredmedia":[{"embeddable":true,"href":"https:\/\/gourmetto.lu\/fr\/wp-json\/wp\/v2\/media\/6055"}],"wp:attachment":[{"href":"https:\/\/gourmetto.lu\/fr\/wp-json\/wp\/v2\/media?parent=6006"}],"wp:term":[{"taxonomy":"product_brand","embeddable":true,"href":"https:\/\/gourmetto.lu\/fr\/wp-json\/wp\/v2\/product_brand?post=6006"},{"taxonomy":"product_cat","embeddable":true,"href":"https:\/\/gourmetto.lu\/fr\/wp-json\/wp\/v2\/product_cat?post=6006"},{"taxonomy":"product_tag","embeddable":true,"href":"https:\/\/gourmetto.lu\/fr\/wp-json\/wp\/v2\/product_tag?post=6006"}],"curies":[{"name":"wp","href":"https:\/\/api.w.org\/{rel}","templated":true}]}}